{"id":4331,"date":"2017-01-09T10:09:11","date_gmt":"2017-01-09T10:09:11","guid":{"rendered":"http:\/\/www.dublincastle.ie\/visit\/"},"modified":"2017-05-29T12:25:25","modified_gmt":"2017-05-29T11:25:25","slug":"visit","status":"publish","type":"page","link":"https:\/\/dublincastle.ie\/ga\/visit\/","title":{"rendered":"Cuairt"},"content":{"rendered":"<p>[et_pb_section admin_label=&#8221;Section&#8221; fullwidth=&#8221;on&#8221; specialty=&#8221;off&#8221; transparent_background=&#8221;off&#8221; allow_player_pause=&#8221;off&#8221; inner_shadow=&#8221;off&#8221; parallax=&#8221;off&#8221; parallax_method=&#8221;off&#8221; make_fullwidth=&#8221;off&#8221; use_custom_width=&#8221;off&#8221; width_unit=&#8221;on&#8221; make_equal=&#8221;off&#8221; use_custom_gutter=&#8221;off&#8221;][et_pb_fullwidth_menu admin_label=&#8221;Fullwidth Menu&#8221; menu_id=&#8221;13&#8243; background_color=&#8221;#ffffff&#8221; background_layout=&#8221;light&#8221; text_orientation=&#8221;center&#8221; submenu_direction=&#8221;downwards&#8221; fullwidth_menu=&#8221;off&#8221; dropdown_menu_animation=&#8221;fade&#8221; menu_font=&#8221;|||on|&#8221; saved_tabs=&#8221;all&#8221; active_link_color=&#8221;#2ea3f2&#8243; module_class=&#8221;custom-full&#8221;] [\/et_pb_fullwidth_menu][\/et_pb_section][et_pb_section admin_label=&#8221;Section&#8221; fullwidth=&#8221;on&#8221; specialty=&#8221;off&#8221;][et_pb_fullwidth_header admin_label=&#8221;Fullwidth Header&#8221; title=&#8221;Cuairt&#8221; background_layout=&#8221;dark&#8221; text_orientation=&#8221;center&#8221; header_fullscreen=&#8221;off&#8221; header_scroll_down=&#8221;on&#8221; background_url=&#8221;http:\/\/www.dublincastle.ie\/wp-content\/uploads\/2017\/01\/543-Dub-Castle.jpg&#8221; background_overlay_color=&#8221;rgba(0,0,0,0.33)&#8221; parallax=&#8221;off&#8221; parallax_method=&#8221;off&#8221; content_orientation=&#8221;center&#8221; image_orientation=&#8221;center&#8221; title_font_size=&#8221;50px&#8221; custom_button_one=&#8221;off&#8221; button_one_letter_spacing=&#8221;0&#8243; button_one_use_icon=&#8221;default&#8221; button_one_icon_placement=&#8221;right&#8221; button_one_on_hover=&#8221;on&#8221; button_one_letter_spacing_hover=&#8221;0&#8243; custom_button_two=&#8221;off&#8221; button_two_letter_spacing=&#8221;0&#8243; button_two_use_icon=&#8221;default&#8221; button_two_icon_placement=&#8221;right&#8221; button_two_on_hover=&#8221;on&#8221; button_two_letter_spacing_hover=&#8221;0&#8243; scroll_down_icon=&#8221;%%0%%&#8221; scroll_down_icon_size=&#8221;25px&#8221; subhead=&#8221;Cuir Eolas ar Chro\u00ed Stairi\u00fail Bhaile \u00c1tha Cliath&#8221; subhead_font_size=&#8221;23px&#8221;]<\/p>\n<p><img loading=\"lazy\" decoding=\"async\" class=\"wp-image-115 size-medium aligncenter\" src=\"http:\/\/ds1.opw.ie\/wp-content\/uploads\/2016\/11\/Transparent-Rectangle-300x65.png\" width=\"300\" height=\"65\" srcset=\"https:\/\/dublincastle.ie\/wp-content\/uploads\/2016\/11\/Transparent-Rectangle-300x65.png 300w, https:\/\/dublincastle.ie\/wp-content\/uploads\/2016\/11\/Transparent-Rectangle.png 574w\" sizes=\"(max-width: 300px) 100vw, 300px\" \/><br \/>\n<img loading=\"lazy\" decoding=\"async\" class=\"alignnone size-full wp-image-115 aligncenter\" src=\"http:\/\/ds1.opw.ie\/wp-content\/uploads\/2016\/11\/Transparent-Rectangle.png\" alt=\"\" width=\"574\" height=\"125\" srcset=\"https:\/\/dublincastle.ie\/wp-content\/uploads\/2016\/11\/Transparent-Rectangle.png 574w, https:\/\/dublincastle.ie\/wp-content\/uploads\/2016\/11\/Transparent-Rectangle-300x65.png 300w\" sizes=\"(max-width: 574px) 100vw, 574px\" \/><br \/>\n<img loading=\"lazy\" decoding=\"async\" class=\"alignnone size-full wp-image-115 aligncenter\" src=\"http:\/\/ds1.opw.ie\/wp-content\/uploads\/2016\/11\/Transparent-Rectangle.png\" alt=\"\" width=\"574\" height=\"125\" srcset=\"https:\/\/dublincastle.ie\/wp-content\/uploads\/2016\/11\/Transparent-Rectangle.png 574w, https:\/\/dublincastle.ie\/wp-content\/uploads\/2016\/11\/Transparent-Rectangle-300x65.png 300w\" sizes=\"(max-width: 574px) 100vw, 574px\" \/><\/p>\n<p>[\/et_pb_fullwidth_header][\/et_pb_section][et_pb_section admin_label=&#8221;Section&#8221; fullwidth=&#8221;off&#8221; specialty=&#8221;off&#8221;][et_pb_row admin_label=&#8221;Row&#8221;][et_pb_column type=&#8221;1_2&#8243;][et_pb_text admin_label=&#8221;Text&#8221; background_layout=&#8221;light&#8221; text_orientation=&#8221;left&#8221; use_border_color=&#8221;off&#8221; border_color=&#8221;#ffffff&#8221; border_style=&#8221;solid&#8221;]<\/p>\n<h3>F\u00e1ilte go Caisle\u00e1n Bhaile \u00c1tha Cliath<\/h3>\n<p>T\u00f3gadh Caisle\u00e1n Bhaile \u00c1tha Cliath sa 13\u00fa haois i l\u00e1thair ina raibh lonna\u00edocht Lochalannach roimhe sin ann, agus d\u2019fheidhmigh s\u00e9 mar cheanncheathr\u00fa do riail Shasana, agus riail na Breataine n\u00edos faide anonn, s\u00edos tr\u00ed na haoiseanna. In 1922 thuill \u00c9ire a neamhsple\u00e1chas agus tugadh Caisle\u00e1n Bhaile \u00c1tha Cliath ar l\u00e1imh don rialtas nua \u00c9ireannach. M\u00f3r-ionad rialtais at\u00e1 ann anois mar aon le h\u00e1it a mb\u00edonn an-t\u00f3ir ag turas\u00f3ir\u00ed air. T\u00e1 s\u00fail againn go mbainfidh t\u00fa sult as do chuairt.<\/p>\n<p>[\/et_pb_text][\/et_pb_column][et_pb_column type=&#8221;1_2&#8243;][et_pb_text admin_label=&#8221;Text&#8221; background_layout=&#8221;light&#8221; text_orientation=&#8221;left&#8221; use_border_color=&#8221;off&#8221; border_color=&#8221;#ffffff&#8221; border_style=&#8221;solid&#8221;]<\/p>\n<h3>Oscailte Gach L\u00e1<\/h3>\n<p>T\u00e1imid ar oscailt seacht l\u00e1 na seachtaine. T\u00e1 tic\u00e9id le ceannach ag deasc f\u00e1ilte an Chaisle\u00e1in sna Seomra\u00ed St\u00e1it (Cl\u00f3s Uachtarach an Chaisle\u00e1in).<br \/>\nBr\u00faigh anseo chun do chuairt a phlean\u00e1il.<\/p>\n<p>[\/et_pb_text][\/et_pb_column][\/et_pb_row][\/et_pb_section][et_pb_section admin_label=&#8221;Section&#8221; fullwidth=&#8221;on&#8221; specialty=&#8221;off&#8221;][et_pb_fullwidth_map admin_label=&#8221;Fullwidth Map&#8221; address=&#8221;Dublin, Ireland&#8221; zoom_level=&#8221;15&#8243; address_lat=&#8221;53.345065823280926&#8243; address_lng=&#8221;-6.259236816394031&#8243; mouse_wheel=&#8221;off&#8221; mobile_dragging=&#8221;off&#8221;] [et_pb_map_pin title=&#8221;Caisle\u00e1n Bhaile \u00c1tha Cliath&#8221; pin_address=&#8221;Dublin Castle, Dame St, Dublin 2, Co. Dublin, Ireland&#8221; pin_address_lat=&#8221;53.34288609999999&#8243; pin_address_lng=&#8221;-6.267428399999972&#8243;] [\/et_pb_map_pin] [\/et_pb_fullwidth_map][\/et_pb_section]<\/p>\n","protected":false},"excerpt":{"rendered":"<p>F\u00e1ilte go Caisle\u00e1n Bhaile \u00c1tha Cliath T\u00f3gadh Caisle\u00e1n Bhaile \u00c1tha Cliath sa 13\u00fa haois i l\u00e1thair ina raibh lonna\u00edocht Lochalannach roimhe sin ann, agus d\u2019fheidhmigh s\u00e9 mar cheanncheathr\u00fa do riail [&hellip;]<\/p>\n","protected":false},"author":16,"featured_media":0,"parent":0,"menu_order":0,"comment_status":"closed","ping_status":"closed","template":"","meta":{"_et_pb_use_builder":"on","_et_pb_old_content":"","_et_gb_content_width":"","footnotes":""},"class_list":["post-4331","page","type-page","status-publish","hentry"],"_links":{"self":[{"href":"https:\/\/dublincastle.ie\/ga\/wp-json\/wp\/v2\/pages\/4331","targetHints":{"allow":["GET"]}}],"collection":[{"href":"https:\/\/dublincastle.ie\/ga\/wp-json\/wp\/v2\/pages"}],"about":[{"href":"https:\/\/dublincastle.ie\/ga\/wp-json\/wp\/v2\/types\/page"}],"author":[{"embeddable":true,"href":"https:\/\/dublincastle.ie\/ga\/wp-json\/wp\/v2\/users\/16"}],"replies":[{"embeddable":true,"href":"https:\/\/dublincastle.ie\/ga\/wp-json\/wp\/v2\/comments?post=4331"}],"version-history":[{"count":0,"href":"https:\/\/dublincastle.ie\/ga\/wp-json\/wp\/v2\/pages\/4331\/revisions"}],"wp:attachment":[{"href":"https:\/\/dublincastle.ie\/ga\/wp-json\/wp\/v2\/media?parent=4331"}],"curies":[{"name":"wp","href":"https:\/\/api.w.org\/{rel}","templated":true}]}}