{"id":4334,"date":"2016-12-13T09:44:46","date_gmt":"2016-12-13T09:44:46","guid":{"rendered":"http:\/\/www.dublincastle.ie\/tickets-and-times\/"},"modified":"2025-06-05T16:05:35","modified_gmt":"2025-06-05T15:05:35","slug":"tickets-and-times","status":"publish","type":"page","link":"https:\/\/dublincastle.ie\/ga\/tickets-and-times\/","title":{"rendered":"Tic\u00e9id agus Amanna"},"content":{"rendered":"<p>[et_pb_section fb_built=&#8221;1&#8243; fullwidth=&#8221;on&#8221; _builder_version=&#8221;4.16&#8243; global_colors_info=&#8221;{}&#8221;][et_pb_fullwidth_header title=&#8221;Tic\u00e9id agus Amanna&#8221; subhead=&#8221;Oscailte Gach L\u00e1; Scrollaigh Chun Roghanna Maidir le Cuairteanna agus Cur in \u00c1irithe a Fheice\u00e1il.&#8221; text_orientation=&#8221;center&#8221; header_fullscreen=&#8221;on&#8221; header_scroll_down=&#8221;on&#8221; scroll_down_icon=&#8221;%%0%%&#8221; scroll_down_icon_size=&#8221;25px&#8221; background_overlay_color=&#8221;rgba(0,0,0,0.33)&#8221; content_max_width=&#8221;none&#8221; _builder_version=&#8221;4.27.4&#8243; title_font_size=&#8221;50px&#8221; subhead_font_size=&#8221;23px&#8221; background_color=&#8221;rgba(255, 255, 255, 0)&#8221; background_image=&#8221;http:\/\/dublincastle.ie\/wp-content\/uploads\/2025\/06\/State-Drawing-Room-Dublin-Castle.-Credit-Donal-Murphy.jpg&#8221; hover_enabled=&#8221;0&#8243; background_url=&#8221;http:\/\/www.dublincastle.ie\/wp-content\/uploads\/2016\/12\/100-Dub-Castle-2.jpg&#8221; button_one_letter_spacing_hover=&#8221;0&#8243; button_two_letter_spacing_hover=&#8221;0&#8243; global_colors_info=&#8221;{}&#8221; button_one_text_size__hover_enabled=&#8221;off&#8221; button_two_text_size__hover_enabled=&#8221;off&#8221; button_one_text_color__hover_enabled=&#8221;off&#8221; button_two_text_color__hover_enabled=&#8221;off&#8221; button_one_border_width__hover_enabled=&#8221;off&#8221; button_two_border_width__hover_enabled=&#8221;off&#8221; button_one_border_color__hover_enabled=&#8221;off&#8221; button_two_border_color__hover_enabled=&#8221;off&#8221; button_one_border_radius__hover_enabled=&#8221;off&#8221; button_two_border_radius__hover_enabled=&#8221;off&#8221; button_one_letter_spacing__hover_enabled=&#8221;on&#8221; button_one_letter_spacing__hover=&#8221;0&#8243; button_two_letter_spacing__hover_enabled=&#8221;on&#8221; button_two_letter_spacing__hover=&#8221;0&#8243; button_one_bg_color__hover_enabled=&#8221;off&#8221; button_two_bg_color__hover_enabled=&#8221;off&#8221; title_text=&#8221;State Drawing Room Dublin Castle. Credit Donal Murphy&#8221; background_position=&#8221;bottom_center&#8221; sticky_enabled=&#8221;0&#8243;][\/et_pb_fullwidth_header][\/et_pb_section][et_pb_section fb_built=&#8221;1&#8243; _builder_version=&#8221;4.16&#8243; global_colors_info=&#8221;{}&#8221;][et_pb_row _builder_version=&#8221;4.16&#8243; background_size=&#8221;initial&#8221; background_position=&#8221;top_left&#8221; background_repeat=&#8221;repeat&#8221; global_colors_info=&#8221;{}&#8221;][et_pb_column type=&#8221;4_4&#8243; _builder_version=&#8221;4.16&#8243; custom_padding=&#8221;|||&#8221; global_colors_info=&#8221;{}&#8221; custom_padding__hover=&#8221;|||&#8221;][et_pb_text admin_label=&#8221;Opening Hours Text&#8221; _builder_version=&#8221;4.16&#8243; background_size=&#8221;initial&#8221; background_position=&#8221;top_left&#8221; background_repeat=&#8221;repeat&#8221; use_border_color=&#8221;off&#8221; border_color=&#8221;#ffffff&#8221; border_style=&#8221;solid&#8221; global_colors_info=&#8221;{}&#8221;]<\/p>\n<h3>Luan \u2013 Domhnach agus Laethanta Saoire Bainc: 9:45 \u2013 17:45 (cead isteach deireanach 17:15).<\/h3>\n<h3>D\u00fanta: 25, 26 agus 27 Nollaig, agus 1 Ean\u00e1ir.<\/h3>\n<p>[\/et_pb_text][\/et_pb_column][\/et_pb_row][\/et_pb_section][et_pb_section fb_built=&#8221;1&#8243; _builder_version=&#8221;4.16&#8243; background_color=&#8221;#f7f7f7&#8243; transparent_background=&#8221;off&#8221; make_fullwidth=&#8221;off&#8221; use_custom_width=&#8221;off&#8221; width_unit=&#8221;on&#8221; global_colors_info=&#8221;{}&#8221;][et_pb_row column_structure=&#8221;1_2,1_2&#8243; _builder_version=&#8221;4.16&#8243; background_size=&#8221;initial&#8221; background_position=&#8221;top_left&#8221; background_repeat=&#8221;repeat&#8221; global_colors_info=&#8221;{}&#8221;][et_pb_column type=&#8221;1_2&#8243; _builder_version=&#8221;4.16&#8243; custom_padding=&#8221;|||&#8221; global_colors_info=&#8221;{}&#8221; custom_padding__hover=&#8221;|||&#8221;][et_pb_text admin_label=&#8221;Guided Tours Text&#8221; _builder_version=&#8221;4.27.4&#8243; background_size=&#8221;initial&#8221; background_position=&#8221;top_left&#8221; background_repeat=&#8221;repeat&#8221; border_style=&#8221;solid&#8221; global_colors_info=&#8221;{}&#8221;]<\/p>\n<h3>Turais Threoraithe<\/h3>\n<p>T\u00f3gann na Turais Threoraithe thart ar 70 n\u00f3im\u00e9ad agus t\u00e1 cuairt ar na Seomra\u00ed St\u00e1it, an Tochailt Lochlannach agus an S\u00e9ip\u00e9al R\u00edoga san \u00e1ireamh.<\/p>\n<h4>Cead Isteach<\/h4>\n<p>Duine F\u00e1sta \u20ac12<br \/>Sean\u00f3ir (60+) \u20ac10<br \/>Mac L\u00e9inn (is g\u00e1 aitheantas mac l\u00e9inn bail\u00ed) \u20ac10<br \/>P\u00e1iste (12-17) \u20ac6<br \/>Teaghlach (uasmh\u00e9id de 2 dhuine f\u00e1sta agus 5 ph\u00e1iste) \u20ac30<\/p>\n<p>[\/et_pb_text][\/et_pb_column][et_pb_column type=&#8221;1_2&#8243; _builder_version=&#8221;4.16&#8243; custom_padding=&#8221;|||&#8221; global_colors_info=&#8221;{}&#8221; custom_padding__hover=&#8221;|||&#8221;][et_pb_text admin_label=&#8221;Self Guiding Text&#8221; _builder_version=&#8221;4.27.4&#8243; background_size=&#8221;initial&#8221; background_position=&#8221;top_left&#8221; background_repeat=&#8221;repeat&#8221; border_style=&#8221;solid&#8221; global_colors_info=&#8221;{}&#8221;]<\/p>\n<h3>F\u00e9intreor\u00fa<\/h3>\n<p>T\u00e1 an rogha ag cuairteoir\u00ed a sl\u00ed f\u00e9in a dh\u00e9anamh (cead isteach go dt\u00ed na Seomra\u00ed St\u00e1it agus na taispe\u00e1ntais amh\u00e1in). Cuirimid leabhr\u00e1in ar f\u00e1il i dtaobh na Seomra\u00ed St\u00e1it in 13 theanga ag an deasc tic\u00e9ad chomh maith le hacmhainn\u00ed eolais eile \u2013 n\u00ed g\u00e1 ach ceist a chur ar dhuine d\u00e1r dtreoraithe ag an deasc eolais sna Seomra\u00ed St\u00e1it.<\/p>\n<p>T\u00e1 aip Chaisle\u00e1n Bhaile \u00c1tha Cliath ar f\u00e1il le h\u00edosl\u00f3d\u00e1il saor in aisce agus t\u00e1 clostreoir do na Seomra\u00ed St\u00e1it ansin chomh maith.<\/p>\n<h4>Cead Isteach<\/h4>\n<p>Duine F\u00e1sta \u20ac8<br \/>Sean\u00f3ir (60+) \u20ac6<br \/>Mac L\u00e9inn (is g\u00e1 aitheantas mac l\u00e9inn bail\u00ed) \u20ac6<br \/>P\u00e1iste (12-17) \u20ac3<br \/>Teaghlach (uasmh\u00e9id de 2 dhuine f\u00e1sta agus 5 ph\u00e1iste) \u20ac20<\/p>\n<p>[\/et_pb_text][\/et_pb_column][\/et_pb_row][\/et_pb_section][et_pb_section fb_built=&#8221;1&#8243; custom_padding_last_edited=&#8221;on|desktop&#8221; _builder_version=&#8221;4.16&#8243; background_color=&#8221;#eaeaea&#8221; custom_padding_tablet=&#8221;50px|0|50px|0&#8243; custom_padding_phone=&#8221;50px|0|50px|0&#8243; transparent_background=&#8221;off&#8221; padding_mobile=&#8221;off&#8221; make_fullwidth=&#8221;off&#8221; use_custom_width=&#8221;off&#8221; width_unit=&#8221;on&#8221; global_colors_info=&#8221;{}&#8221;][et_pb_row column_structure=&#8221;1_3,1_3,1_3&#8243; _builder_version=&#8221;4.16&#8243; background_size=&#8221;initial&#8221; background_position=&#8221;top_left&#8221; background_repeat=&#8221;repeat&#8221; global_colors_info=&#8221;{}&#8221;][et_pb_column type=&#8221;1_3&#8243; _builder_version=&#8221;4.16&#8243; custom_padding=&#8221;|||&#8221; global_colors_info=&#8221;{}&#8221; custom_padding__hover=&#8221;|||&#8221;][et_pb_text _builder_version=&#8221;4.16&#8243; background_size=&#8221;initial&#8221; background_position=&#8221;top_left&#8221; background_repeat=&#8221;repeat&#8221; use_border_color=&#8221;off&#8221; border_color=&#8221;#ffffff&#8221; border_style=&#8221;solid&#8221; global_colors_info=&#8221;{}&#8221;]<\/p>\n<h3>C\u00e1rta\u00ed Oidhreachta<\/h3>\n<p>Faigh cead isteach saor in aisce go dt\u00ed gach L\u00e1thair Oidhreachta de chuid an OOP ar a bhfuil t\u00e1ille iontr\u00e1la ar feadh bliain \u00f3n gc\u00e9ad \u00fas\u00e1id leis an gC\u00e1rta Oidhreachta! T\u00e1 C\u00e1rta\u00ed Oidhreachta ar f\u00e1il \u00f3 dheasc na dtic\u00e9ad i gCaisle\u00e1n Bhaile \u00c1tha Cliath agus is m\u00f3r is fi\u00fa iad: i mBaile \u00c1tha Cliath, mar shampla, is f\u00e9idir cead isteach saor in aisce a fh\u00e1il go dt\u00ed Caisle\u00e1n Bhaile \u00c1tha Cliath, Pr\u00edos\u00fan Chill Mhaighneann n\u00f3 Casino Marino leis an gC\u00e1rta Oidhreachta. Chun liosta ioml\u00e1n de L\u00e1ithreacha Oidhreachta an OOP i mBaile \u00c1tha Cliath agus ar fud na t\u00edre a fheice\u00e1il, br\u00faigh anseo.<br \/>\n[\/et_pb_text][\/et_pb_column][et_pb_column type=&#8221;1_3&#8243; _builder_version=&#8221;4.16&#8243; custom_padding=&#8221;|||&#8221; global_colors_info=&#8221;{}&#8221; custom_padding__hover=&#8221;|||&#8221;][et_pb_image src=&#8221;http:\/\/www.dublincastle.ie\/wp-content\/uploads\/2016\/12\/Heritage-Card.jpg&#8221; show_in_lightbox=&#8221;on&#8221; align_tablet=&#8221;center&#8221; align_phone=&#8221;center&#8221; align_last_edited=&#8221;on|desktop&#8221; admin_label=&#8221;Heritage Card Image&#8221; _builder_version=&#8221;4.16&#8243; use_border_color=&#8221;off&#8221; border_color=&#8221;#ffffff&#8221; border_style=&#8221;solid&#8221; animation=&#8221;off&#8221; sticky=&#8221;off&#8221; always_center_on_mobile=&#8221;on&#8221; global_colors_info=&#8221;{}&#8221;][\/et_pb_image][\/et_pb_column][et_pb_column type=&#8221;1_3&#8243; _builder_version=&#8221;4.16&#8243; custom_padding=&#8221;|||&#8221; global_colors_info=&#8221;{}&#8221; custom_padding__hover=&#8221;|||&#8221;][et_pb_text _builder_version=&#8221;4.16&#8243; background_size=&#8221;initial&#8221; background_position=&#8221;top_left&#8221; background_repeat=&#8221;repeat&#8221; border_style=&#8221;solid&#8221; global_colors_info=&#8221;{}&#8221;]T\u00e1 costas mar a leanas ar an gC\u00e1rta Oidhreachta:<\/p>\n<p>Duine F\u00e1sta \u20ac40<br \/>\nSean\u00f3ir (60+) \u20ac30<br \/>\nMac L\u00e9inn (is g\u00e1 aitheantas mac l\u00e9inn bail\u00ed) \u20ac10<br \/>\nP\u00e1iste (12-17) \u20ac10<br \/>\nTeaghlach (uasmh\u00e9id de 2 dhuine f\u00e1sta agus 5 ph\u00e1iste faoi 18) \u20ac90<\/p>\n<p>Br\u00faigh <a href=\"http:\/\/www.heritageireland.ie\/en\/info\/heritagecards\/\" target=\"_blank\" rel=\"noopener\">anseo<\/a> d\u2019eolas sa bhreis ar Ch\u00e1rta Oidhreachta an OOP.<br \/>\n[\/et_pb_text][\/et_pb_column][\/et_pb_row][\/et_pb_section][et_pb_section fb_built=&#8221;1&#8243; custom_padding_last_edited=&#8221;on|desktop&#8221; _builder_version=&#8221;4.16&#8243; custom_padding_tablet=&#8221;50px|0|50px|0&#8243; custom_padding_phone=&#8221;50px|0|50px|0&#8243; transparent_background=&#8221;off&#8221; padding_mobile=&#8221;off&#8221; make_fullwidth=&#8221;off&#8221; use_custom_width=&#8221;off&#8221; width_unit=&#8221;on&#8221; global_colors_info=&#8221;{}&#8221;][et_pb_row column_structure=&#8221;1_2,1_2&#8243; _builder_version=&#8221;4.16&#8243; background_size=&#8221;initial&#8221; background_position=&#8221;top_left&#8221; background_repeat=&#8221;repeat&#8221; global_colors_info=&#8221;{}&#8221;][et_pb_column type=&#8221;1_2&#8243; _builder_version=&#8221;4.16&#8243; custom_padding=&#8221;|||&#8221; global_colors_info=&#8221;{}&#8221; custom_padding__hover=&#8221;|||&#8221;][et_pb_text admin_label=&#8221;School Bookings Text&#8221; _builder_version=&#8221;4.16&#8243; background_size=&#8221;initial&#8221; background_position=&#8221;top_left&#8221; background_repeat=&#8221;repeat&#8221; use_border_color=&#8221;off&#8221; border_color=&#8221;#ffffff&#8221; border_style=&#8221;solid&#8221; global_colors_info=&#8221;{}&#8221;]<\/p>\n<h3>\u00c1irithint\u00ed Scoile<\/h3>\n<p>N\u00ed ghearrtar t\u00e1ille ar thurais scoile ach is g\u00e1 \u00e1irthint roimh r\u00e9 a dh\u00e9anamh, \u00e1fach.<br \/>\nChun turas scoile a eagr\u00fa n\u00f3 chun eolas a fh\u00e1il faoin\u00e1r gceardlanna agus imeachta\u00ed oideachas\u00fala eile, b\u00ed i dteagmh\u00e1il linn le do thoil.<\/p>\n<p>Chun a thuilleadh a fh\u00e1il amach faoin\u00e1r gcl\u00e1r oideachais n\u00f3 chun na pac\u00e1ist\u00ed d\u2019\u00e1bhar oideachas\u00fail a chuirimid ar f\u00e1il a fheice\u00e1il, br\u00faigh <a href=\"https:\/\/www.dublincastle.ie\/ga\/schools\/\" target=\"_blank\" rel=\"noopener\">anseo<\/a>.<br \/>\n[\/et_pb_text][\/et_pb_column][et_pb_column type=&#8221;1_2&#8243; _builder_version=&#8221;4.16&#8243; custom_padding=&#8221;|||&#8221; global_colors_info=&#8221;{}&#8221; custom_padding__hover=&#8221;|||&#8221;][et_pb_text admin_label=&#8221;Group Bookings Text&#8221; _builder_version=&#8221;4.16&#8243; background_size=&#8221;initial&#8221; background_position=&#8221;top_left&#8221; background_repeat=&#8221;repeat&#8221; use_border_color=&#8221;off&#8221; border_color=&#8221;#ffffff&#8221; border_style=&#8221;solid&#8221; global_colors_info=&#8221;{}&#8221;]<\/p>\n<h3>\u00c1irithint\u00ed do Ghr\u00fapa\u00ed Ginear\u00e1lta<\/h3>\n<p>Is g\u00e1 \u00e1irithint a dh\u00e9anamh roimh r\u00e9 do ghr\u00fapa\u00ed de n\u00edos m\u00f3 n\u00e1 8 duine. B\u00ed i dteagmh\u00e1il linn maidir le r\u00e1ta\u00ed gr\u00fapa\u00ed n\u00f3 chun \u00e1irithint a dh\u00e9anamh.<\/p>\n<p>Cuirimid r\u00e1ta\u00ed speisialta ar f\u00e1il do chomhlachta\u00ed taistil do chuairteanna r\u00e9amh\u00e1irithe (idir threoraithe agus fh\u00e9intreoraithe) do ghr\u00fapa\u00ed. Seol rphost chugainn le haghaidh sonra\u00ed sa bhreis.<br \/>\n[\/et_pb_text][\/et_pb_column][\/et_pb_row][\/et_pb_section][et_pb_section fb_built=&#8221;1&#8243; _builder_version=&#8221;4.16&#8243; background_color=&#8221;#f7f7f7&#8243; transparent_background=&#8221;off&#8221; make_fullwidth=&#8221;off&#8221; use_custom_width=&#8221;off&#8221; width_unit=&#8221;on&#8221; global_colors_info=&#8221;{}&#8221;][et_pb_row _builder_version=&#8221;4.16&#8243; background_size=&#8221;initial&#8221; background_position=&#8221;top_left&#8221; background_repeat=&#8221;repeat&#8221; global_colors_info=&#8221;{}&#8221;][et_pb_column type=&#8221;4_4&#8243; _builder_version=&#8221;4.16&#8243; custom_padding=&#8221;|||&#8221; global_colors_info=&#8221;{}&#8221; custom_padding__hover=&#8221;|||&#8221;][et_pb_text _builder_version=&#8221;4.16&#8243; background_size=&#8221;initial&#8221; background_position=&#8221;top_left&#8221; background_repeat=&#8221;repeat&#8221; use_border_color=&#8221;off&#8221; border_color=&#8221;#ffffff&#8221; border_style=&#8221;solid&#8221; global_colors_info=&#8221;{}&#8221;]<\/p>\n<h3>Eolas T\u00e1bhachtach<\/h3>\n<p>Is foirgneamh oibre de chuid Rialtas na h\u00c9ireann \u00e9 Caisle\u00e1n Bhaile \u00c1tha Cliath agus d\u2019fh\u00e9adfa\u00ed sl\u00e1nd\u00e1il, rochtain ar sheomra\u00ed agus uaireanta oscailte a athr\u00fa ar gearrfh\u00f3gra, d\u00e1 r\u00e9ir sin. D\u00e9anfar gach iarracht na hathruithe seo a fh\u00f3gairt ar \u00e1r su\u00edomh idirl\u00edn roimh r\u00e9, ach gabhaimid leithsce\u00e1l as aon mh\u00edchaoithi\u00falacht d\u00e1 bharr.<br \/>\n[\/et_pb_text][\/et_pb_column][\/et_pb_row][\/et_pb_section][et_pb_section fb_built=&#8221;1&#8243; fullwidth=&#8221;on&#8221; _builder_version=&#8221;4.16&#8243; global_colors_info=&#8221;{}&#8221;][et_pb_fullwidth_image src=&#8221;http:\/\/www.dublincastle.ie\/wp-content\/uploads\/2016\/12\/678-Dub-Castle.jpg&#8221; _builder_version=&#8221;4.16&#8243; use_border_color=&#8221;off&#8221; border_color=&#8221;#ffffff&#8221; border_style=&#8221;solid&#8221; animation=&#8221;off&#8221; global_colors_info=&#8221;{}&#8221;][\/et_pb_fullwidth_image][\/et_pb_section]<\/p>\n","protected":false},"excerpt":{"rendered":"<p>Luan \u2013 Domhnach agus Laethanta Saoire Bainc: 9:45 \u2013 17:45 (cead isteach deireanach 17:15). D\u00fanta: 25, 26 agus 27 Nollaig, agus 1 Ean\u00e1ir. Turais Threoraithe T\u00f3gann na Turais Threoraithe thart [&hellip;]<\/p>\n","protected":false},"author":16,"featured_media":0,"parent":0,"menu_order":0,"comment_status":"closed","ping_status":"closed","template":"","meta":{"_et_pb_use_builder":"on","_et_pb_old_content":"","_et_gb_content_width":"","footnotes":""},"class_list":["post-4334","page","type-page","status-publish","hentry"],"_links":{"self":[{"href":"https:\/\/dublincastle.ie\/ga\/wp-json\/wp\/v2\/pages\/4334","targetHints":{"allow":["GET"]}}],"collection":[{"href":"https:\/\/dublincastle.ie\/ga\/wp-json\/wp\/v2\/pages"}],"about":[{"href":"https:\/\/dublincastle.ie\/ga\/wp-json\/wp\/v2\/types\/page"}],"author":[{"embeddable":true,"href":"https:\/\/dublincastle.ie\/ga\/wp-json\/wp\/v2\/users\/16"}],"replies":[{"embeddable":true,"href":"https:\/\/dublincastle.ie\/ga\/wp-json\/wp\/v2\/comments?post=4334"}],"version-history":[{"count":3,"href":"https:\/\/dublincastle.ie\/ga\/wp-json\/wp\/v2\/pages\/4334\/revisions"}],"predecessor-version":[{"id":13311,"href":"https:\/\/dublincastle.ie\/ga\/wp-json\/wp\/v2\/pages\/4334\/revisions\/13311"}],"wp:attachment":[{"href":"https:\/\/dublincastle.ie\/ga\/wp-json\/wp\/v2\/media?parent=4334"}],"curies":[{"name":"wp","href":"https:\/\/api.w.org\/{rel}","templated":true}]}}