{"id":4337,"date":"2016-12-13T10:04:21","date_gmt":"2016-12-13T10:04:21","guid":{"rendered":"http:\/\/www.dublincastle.ie\/how-to-find-us\/"},"modified":"2017-05-14T13:34:49","modified_gmt":"2017-05-14T12:34:49","slug":"how-to-find-us","status":"publish","type":"page","link":"https:\/\/dublincastle.ie\/ga\/how-to-find-us\/","title":{"rendered":"Le Teacht Orainn"},"content":{"rendered":"<p>[et_pb_section bb_built=&#8221;1&#8243; admin_label=&#8221;Section&#8221; fullwidth=&#8221;on&#8221; specialty=&#8221;off&#8221;][et_pb_fullwidth_header admin_label=&#8221;Fullwidth Header&#8221; title=&#8221;Le Teacht Orainn&#8221; background_layout=&#8221;dark&#8221; text_orientation=&#8221;center&#8221; header_fullscreen=&#8221;on&#8221; header_scroll_down=&#8221;on&#8221; background_url=&#8221;http:\/\/ds1.opw.ie\/wp-content\/uploads\/2017\/02\/Dublin_Castle_172.jpg&#8221; background_overlay_color=&#8221;rgba(0,0,0,0.33)&#8221; parallax=&#8221;off&#8221; parallax_method=&#8221;off&#8221; content_orientation=&#8221;center&#8221; image_orientation=&#8221;center&#8221; title_font_size=&#8221;50px&#8221; custom_button_one=&#8221;off&#8221; button_one_letter_spacing=&#8221;0&#8243; button_one_use_icon=&#8221;default&#8221; button_one_icon_placement=&#8221;right&#8221; button_one_on_hover=&#8221;on&#8221; button_one_letter_spacing_hover=&#8221;0&#8243; custom_button_two=&#8221;off&#8221; button_two_letter_spacing=&#8221;0&#8243; button_two_use_icon=&#8221;default&#8221; button_two_icon_placement=&#8221;right&#8221; button_two_on_hover=&#8221;on&#8221; button_two_letter_spacing_hover=&#8221;0&#8243; scroll_down_icon=&#8221;%%0%%&#8221; scroll_down_icon_size=&#8221;25px&#8221; subhead=&#8221;Scrollaigh d\u2019Eolas Maidir le L\u00e1thair, Leagan Amach Inmhe\u00e1nach, Inrochtaineacht, agus L\u00e1ithreacha Eile sa Cheantar.&#8221; subhead_font_size=&#8221;23px&#8221; \/][\/et_pb_section][et_pb_section bb_built=&#8221;1&#8243; admin_label=&#8221;Section&#8221; fullwidth=&#8221;off&#8221; specialty=&#8221;off&#8221;][et_pb_row admin_label=&#8221;Row&#8221;][et_pb_column type=&#8221;1_2&#8243;][et_pb_text admin_label=&#8221;Find Dublin Castle Text&#8221; background_layout=&#8221;light&#8221; text_orientation=&#8221;left&#8221; use_border_color=&#8221;off&#8221; border_color=&#8221;#ffffff&#8221; border_style=&#8221;solid&#8221;]<\/p>\n<h3>Faigh Caisle\u00e1n Bhaile \u00c1tha Cliath<\/h3>\n<p>T\u00e1imid lonnaithe i gcro\u00edl\u00e1r Bhaile \u00c1tha Cliath, si\u00fal\u00f3id ghearr \u00f3n ioma\u00ed mh\u00f3rl\u00e1thair thuras\u00f3ireachta eile.<\/p>\n<h4>Bus<\/h4>\n<p>Busanna a stopann in aice linn ar Shr\u00e1id Sheoirse: 9, 14, 15, 15A, 15B, 16, 65, 68, 83, 122, 140<br \/>\nBusanna a stopann in aice linn ar Shr\u00e1id an D\u00e1ma: : 13, 27, 40, 49, 54A, 56A, 77A, 123, 150, 151, 747<\/p>\n<h4>Luas<\/h4>\n<p>Is iad na stadanna Luas is giorra d\u00fainn Faiche Stiabhna ar an L\u00edne Ghlas agus Jervis ar an L\u00edne Dhearg. <\/p>\n<p>Tabhair faoi deara nach bhfuil p\u00e1irce\u00e1il ar f\u00e1il do chuairteoir\u00ed ag an l\u00e1thair. Is iad na l\u00e1ithreacha p\u00e1irce\u00e1la is gaire d\u00fainn n\u00e1 Q-Park Teampall Chr\u00edost agus Park Rite An B\u00f3thar Beag.<\/p>\n<p>[\/et_pb_text][\/et_pb_column][et_pb_column type=&#8221;1_2&#8243;][et_pb_text admin_label=&#8221;Find Your Way Around Text&#8221; background_layout=&#8221;light&#8221; text_orientation=&#8221;left&#8221; use_border_color=&#8221;off&#8221; border_color=&#8221;#ffffff&#8221; border_style=&#8221;solid&#8221;]<\/p>\n<h3>Do Bhealach a Dh\u00e9anamh Timpeall ar Chaisle\u00e1n Bhaile \u00c1tha Cliath<\/h3>\n<p>T\u00e1 oifig na dtic\u00e9ad i gCaisle\u00e1n Bhaile \u00c1tha Cliath lonnaithe sna Seomra\u00ed St\u00e1it. Tosa\u00edonn turais threoraithe ansin agus tugtar an cuairteoir ar dt\u00fas go dt\u00ed l\u00e1ithreacha na dtochailt\u00ed Lochlannacha agus Me\u00e1naoiseacha, ansin go dt\u00ed an S\u00e9ip\u00e9al R\u00edoga agus ar deireadh go dt\u00ed na Seomra\u00ed St\u00e1it. M\u00e1 roghna\u00edonn t\u00fa tic\u00e9ad f\u00e9intreoraithe t\u00e1 de rogha agat dul d\u00edreach \u00f3 oifig na dtic\u00e9ad go dt\u00ed na Seomra\u00ed St\u00e1it.<\/p>\n<h4>Ag Freastal ar Chomhdh\u00e1il<\/h4>\n<p>Tagair, le do thoil, don eolas \u00f3 lucht eagraithe na comhdh\u00e1la chun dearbh\u00fa an bhfuil do chomhdh\u00e1il le bheith san Ionad Comhdh\u00e1la, Halla Bedford, n\u00f3 sa Chl\u00f3lann.<\/p>\n<p>[\/et_pb_text][et_pb_blurb admin_label=&#8221;Blurb&#8221; title=&#8221;\u00cdosl\u00f3d\u00e1il&#8221; url_new_window=&#8221;on&#8221; use_icon=&#8221;on&#8221; font_icon=&#8221;%%115%%&#8221; icon_color=&#8221;#27a9e1&#8243; use_circle=&#8221;off&#8221; circle_color=&#8221;#7EBEC5&#8243; use_circle_border=&#8221;off&#8221; circle_border_color=&#8221;#7EBEC5&#8243; icon_placement=&#8221;left&#8221; animation=&#8221;off&#8221; background_layout=&#8221;light&#8221; text_orientation=&#8221;left&#8221; use_icon_font_size=&#8221;off&#8221; use_border_color=&#8221;off&#8221; border_color=&#8221;#ffffff&#8221; border_style=&#8221;solid&#8221; url=&#8221;http:\/\/www.dublincastle.ie\/wp-content\/uploads\/2017\/01\/DublinCastle_Maps_website.pdf&#8221;]<\/p>\n<p>\u00cdosl\u00f3d\u00e1il mapa PDF den Chaisle\u00e1n anseo.<\/p>\n<p>[\/et_pb_blurb][\/et_pb_column][\/et_pb_row][\/et_pb_section][et_pb_section bb_built=&#8221;1&#8243; admin_label=&#8221;Section&#8221; fullwidth=&#8221;off&#8221; specialty=&#8221;off&#8221; transparent_background=&#8221;off&#8221; background_color=&#8221;#eaeaea&#8221; allow_player_pause=&#8221;off&#8221; inner_shadow=&#8221;off&#8221; parallax=&#8221;off&#8221; parallax_method=&#8221;off&#8221; make_fullwidth=&#8221;off&#8221; use_custom_width=&#8221;off&#8221; width_unit=&#8221;on&#8221; make_equal=&#8221;off&#8221; use_custom_gutter=&#8221;off&#8221;][et_pb_row admin_label=&#8221;Row&#8221;][et_pb_column type=&#8221;4_4&#8243;][et_pb_text admin_label=&#8221;Accessibility Text&#8221; background_layout=&#8221;light&#8221; text_orientation=&#8221;left&#8221; use_border_color=&#8221;off&#8221; border_color=&#8221;#ffffff&#8221; border_style=&#8221;solid&#8221;]<\/p>\n<h3>Inrochtaineacht<\/h3>\n<p>T\u00e1 na Seomra\u00ed St\u00e1it go hioml\u00e1n oiri\u00fanach do chathaoireacha rotha\u00ed agus is ionann an sc\u00e9al sa Terrace Caf\u00e9 agus i nGaird\u00edn\u00ed an Chaisle\u00e1in (an Teach C\u00f3iste san \u00e1ireamh). T\u00e1 leithris d\u00f3ibh si\u00fad a bhfuil riachtanais speisialta acu sna Seomra\u00ed St\u00e1it.<\/p>\n<p>T\u00e1 rochtain ar chuid den S\u00e9ip\u00e9al R\u00edoga ag leibh\u00e9al na tal\u00fan. N\u00edl rochtain ar an Tochailt Lochlannach ach tr\u00ed staighre. B\u00ed i dteagmh\u00e1il linn m\u00e1 t\u00e1 c\u00fanamh uait maidir leis seo.<\/p>\n<p>N\u00ed f\u00e9idir bugaithe n\u00e1 pramanna a thabhairt isteach sna Seomra\u00ed St\u00e1it \u2013 cuirfimid i dtaisce duit iad le linn do chuairte. Iarr c\u00fanamh ar dhuine den fhoireann ag an deasc eolais, le do thoil.<\/p>\n<p>[\/et_pb_text][\/et_pb_column][\/et_pb_row][\/et_pb_section][et_pb_section bb_built=&#8221;1&#8243; admin_label=&#8221;Section&#8221; fullwidth=&#8221;off&#8221; specialty=&#8221;off&#8221; transparent_background=&#8221;off&#8221; allow_player_pause=&#8221;off&#8221; inner_shadow=&#8221;off&#8221; parallax=&#8221;off&#8221; parallax_method=&#8221;off&#8221; padding_mobile=&#8221;off&#8221; make_fullwidth=&#8221;off&#8221; use_custom_width=&#8221;off&#8221; width_unit=&#8221;on&#8221; make_equal=&#8221;off&#8221; use_custom_gutter=&#8221;off&#8221; module_id=&#8221;other-attractions-nearby&#8221;][et_pb_row admin_label=&#8221;Row&#8221;][et_pb_column type=&#8221;4_4&#8243;][et_pb_text admin_label=&#8221;You Might Also Like&#8230; Text&#8221; background_layout=&#8221;light&#8221; text_orientation=&#8221;left&#8221; use_border_color=&#8221;off&#8221; border_color=&#8221;#ffffff&#8221; border_style=&#8221;solid&#8221;]<\/p>\n<h3 style=\"text-align: left;\">B\u2019fh\u00e9idir go mbeadh sp\u00e9is agat cuairt a thabhairt ar&#8230;<\/h3>\n<p style=\"text-align: left;\">T\u00e1 na l\u00e1ithreacha iontacha seo si\u00fal\u00f3id ghearr \u00f3 Chaisle\u00e1n Bhaile \u00c1tha Cliath \u2013 n\u00f3, i gc\u00e1s Leabharlann Chester Beatty, Mh\u00fasaem na gCoimisin\u00e9ir\u00ed Ioncaim agus Mh\u00fasaem an Gharda S\u00edoch\u00e1na, i bhfoisceacht urchar cloiche i nd\u00e1ir\u00edre d\u00fainn.<\/p>\n<p>[\/et_pb_text][\/et_pb_column][\/et_pb_row][et_pb_row admin_label=&#8221;Row&#8221;][et_pb_column type=&#8221;1_3&#8243;][et_pb_image admin_label=&#8221;Chester Beatty Image&#8221; src=&#8221;http:\/\/www.dublincastle.ie\/wp-content\/uploads\/2016\/12\/Chester-Beatty-Library.jpg&#8221; show_in_lightbox=&#8221;off&#8221; url=&#8221;http:\/\/www.cbl.ie\/&#8221; url_new_window=&#8221;on&#8221; use_overlay=&#8221;off&#8221; animation=&#8221;off&#8221; sticky=&#8221;off&#8221; align=&#8221;center&#8221; force_fullwidth=&#8221;off&#8221; always_center_on_mobile=&#8221;on&#8221; use_border_color=&#8221;off&#8221; border_color=&#8221;#ffffff&#8221; border_style=&#8221;solid&#8221; \/][et_pb_text admin_label=&#8221;Text&#8221; background_layout=&#8221;light&#8221; text_orientation=&#8221;left&#8221; use_border_color=&#8221;off&#8221; border_color=&#8221;#ffffff&#8221; border_style=&#8221;solid&#8221; text_font=&#8221;|||on|&#8221;]<\/p>\n<h5 style=\"text-align: center;\"><a href=\"http:\/\/cbl.ie\/\" target=\"_blank\">Leabharlann Chester Beatty<\/a><\/h5>\n<p>[\/et_pb_text][\/et_pb_column][et_pb_column type=&#8221;1_3&#8243;][et_pb_image admin_label=&#8221;Marsh&#8217;s Library Image&#8221; src=&#8221;http:\/\/www.dublincastle.ie\/wp-content\/uploads\/2016\/12\/Marshs-Library.jpg&#8221; show_in_lightbox=&#8221;off&#8221; url=&#8221;http:\/\/www.marshlibrary.ie\/&#8221; url_new_window=&#8221;on&#8221; use_overlay=&#8221;off&#8221; animation=&#8221;off&#8221; sticky=&#8221;off&#8221; align=&#8221;center&#8221; force_fullwidth=&#8221;off&#8221; always_center_on_mobile=&#8221;on&#8221; use_border_color=&#8221;off&#8221; border_color=&#8221;#ffffff&#8221; border_style=&#8221;solid&#8221; \/][et_pb_text admin_label=&#8221;Text&#8221; background_layout=&#8221;light&#8221; text_orientation=&#8221;center&#8221; use_border_color=&#8221;off&#8221; border_color=&#8221;#ffffff&#8221; border_style=&#8221;solid&#8221; text_font=&#8221;|||on|&#8221;]<\/p>\n<h5 style=\"text-align: center;\"><a href=\"http:\/\/www.marshlibrary.ie\/\" target=\"_blank\">Leabharlann Marsh<\/a><\/h5>\n<p>[\/et_pb_text][\/et_pb_column][et_pb_column type=&#8221;1_3&#8243;][et_pb_image admin_label=&#8221;St Patrick&#8217;s Cathedral Image&#8221; src=&#8221;http:\/\/www.dublincastle.ie\/wp-content\/uploads\/2016\/12\/St-Patricks-Cathedral.jpg&#8221; show_in_lightbox=&#8221;off&#8221; url=&#8221;http:\/\/www.stpatrickscathedral.ie\/&#8221; url_new_window=&#8221;on&#8221; use_overlay=&#8221;off&#8221; animation=&#8221;off&#8221; sticky=&#8221;off&#8221; align=&#8221;center&#8221; force_fullwidth=&#8221;off&#8221; always_center_on_mobile=&#8221;on&#8221; use_border_color=&#8221;off&#8221; border_color=&#8221;#ffffff&#8221; border_style=&#8221;solid&#8221; \/][et_pb_text admin_label=&#8221;Text&#8221; background_layout=&#8221;light&#8221; text_orientation=&#8221;center&#8221; use_border_color=&#8221;off&#8221; border_color=&#8221;#ffffff&#8221; border_style=&#8221;solid&#8221; text_font=&#8221;|||on|&#8221;]<\/p>\n<h5 style=\"text-align: center;\"><a href=\"http:\/\/www.stpatrickscathedral.ie\/\" target=\"_blank\">Ard-Eaglais Ph\u00e1draig<\/a><\/h5>\n<p>[\/et_pb_text][\/et_pb_column][\/et_pb_row][et_pb_row admin_label=&#8221;Row&#8221;][et_pb_column type=&#8221;1_3&#8243;][et_pb_image admin_label=&#8221;Iveagh Image&#8221; src=&#8221;http:\/\/www.dublincastle.ie\/wp-content\/uploads\/2016\/12\/fountain-iveagh-e1410798029486-767&#215;1024.jpg&#8221; show_in_lightbox=&#8221;off&#8221; url=&#8221;http:\/\/iveaghgardens.ie\/&#8221; url_new_window=&#8221;on&#8221; use_overlay=&#8221;off&#8221; animation=&#8221;off&#8221; sticky=&#8221;off&#8221; align=&#8221;center&#8221; force_fullwidth=&#8221;off&#8221; always_center_on_mobile=&#8221;on&#8221; use_border_color=&#8221;off&#8221; border_color=&#8221;#ffffff&#8221; border_style=&#8221;solid&#8221; \/][et_pb_text admin_label=&#8221;Text&#8221; background_layout=&#8221;light&#8221; text_orientation=&#8221;left&#8221; use_border_color=&#8221;off&#8221; border_color=&#8221;#ffffff&#8221; border_style=&#8221;solid&#8221; text_font=&#8221;|||on|&#8221;]<\/p>\n<h5 style=\"text-align: center;\"><a href=\"http:\/\/iveaghgardens.ie\/\" target=\"_blank\">Gaird\u00edn\u00ed U\u00edbh Eachach<\/a><\/h5>\n<p>[\/et_pb_text][\/et_pb_column][et_pb_column type=&#8221;1_3&#8243;][et_pb_image admin_label=&#8221;Revenue Image&#8221; src=&#8221;http:\/\/www.dublincastle.ie\/wp-content\/uploads\/2016\/12\/Revenue-Museum2.jpg&#8221; show_in_lightbox=&#8221;off&#8221; url=&#8221;http:\/\/www.revenue.ie\/en\/about\/revenue-museum.html&#8221; url_new_window=&#8221;on&#8221; use_overlay=&#8221;off&#8221; animation=&#8221;off&#8221; sticky=&#8221;off&#8221; align=&#8221;center&#8221; force_fullwidth=&#8221;off&#8221; always_center_on_mobile=&#8221;on&#8221; use_border_color=&#8221;off&#8221; border_color=&#8221;#ffffff&#8221; border_style=&#8221;solid&#8221; \/][et_pb_text admin_label=&#8221;Text&#8221; background_layout=&#8221;light&#8221; text_orientation=&#8221;center&#8221; use_border_color=&#8221;off&#8221; border_color=&#8221;#ffffff&#8221; border_style=&#8221;solid&#8221; text_font=&#8221;|||on|&#8221;]<\/p>\n<h5 style=\"text-align: center;\"><a href=\"http:\/\/www.revenue.ie\/en\/about\/revenue-museum.html\" target=\"_blank\">M\u00fasaem na gCoimisin\u00e9ir\u00ed Ioncaim<\/a><\/h5>\n<p>[\/et_pb_text][\/et_pb_column][et_pb_column type=&#8221;1_3&#8243;][et_pb_image admin_label=&#8221;Garda Image&#8221; src=&#8221;http:\/\/www.dublincastle.ie\/wp-content\/uploads\/2016\/12\/1035-Dub-Castle.jpg&#8221; show_in_lightbox=&#8221;off&#8221; url=&#8221;http:\/\/www.garda.ie\/Controller.aspx?Page=2283&#8243; url_new_window=&#8221;on&#8221; use_overlay=&#8221;off&#8221; animation=&#8221;off&#8221; sticky=&#8221;off&#8221; align=&#8221;center&#8221; force_fullwidth=&#8221;off&#8221; always_center_on_mobile=&#8221;on&#8221; use_border_color=&#8221;off&#8221; border_color=&#8221;#ffffff&#8221; border_style=&#8221;solid&#8221; \/][et_pb_text admin_label=&#8221;Text&#8221; background_layout=&#8221;light&#8221; text_orientation=&#8221;center&#8221; use_border_color=&#8221;off&#8221; border_color=&#8221;#ffffff&#8221; border_style=&#8221;solid&#8221; text_font=&#8221;|||on|&#8221;]<\/p>\n<h5 style=\"text-align: center;\"><a href=\"http:\/\/www.garda.ie\/Controller.aspx?Page=2283\" target=\"_blank\">M\u00fasaem an Gharda S\u00edoch\u00e1na<\/a><\/h5>\n<p>[\/et_pb_text][\/et_pb_column][\/et_pb_row][\/et_pb_section][et_pb_section bb_built=&#8221;1&#8243; admin_label=&#8221;Section&#8221; fullwidth=&#8221;on&#8221; specialty=&#8221;off&#8221;][et_pb_fullwidth_image admin_label=&#8221;Fullwidth Image&#8221; src=&#8221;http:\/\/www.dublincastle.ie\/wp-content\/uploads\/2016\/12\/680-Dub-Castle-2.jpg&#8221; show_in_lightbox=&#8221;off&#8221; url_new_window=&#8221;off&#8221; use_overlay=&#8221;off&#8221; animation=&#8221;off&#8221; use_border_color=&#8221;off&#8221; border_color=&#8221;#ffffff&#8221; border_style=&#8221;solid&#8221; \/][\/et_pb_section]<\/p>\n","protected":false},"excerpt":{"rendered":"<p>Faigh Caisle\u00e1n Bhaile \u00c1tha Cliath T\u00e1imid lonnaithe i gcro\u00edl\u00e1r Bhaile \u00c1tha Cliath, si\u00fal\u00f3id ghearr \u00f3n ioma\u00ed mh\u00f3rl\u00e1thair thuras\u00f3ireachta eile. Bus Busanna a stopann in aice linn ar Shr\u00e1id Sheoirse: 9, [&hellip;]<\/p>\n","protected":false},"author":16,"featured_media":0,"parent":0,"menu_order":0,"comment_status":"closed","ping_status":"closed","template":"","meta":{"_et_pb_use_builder":"on","_et_pb_old_content":"","_et_gb_content_width":"","footnotes":""},"class_list":["post-4337","page","type-page","status-publish","hentry"],"_links":{"self":[{"href":"https:\/\/dublincastle.ie\/ga\/wp-json\/wp\/v2\/pages\/4337","targetHints":{"allow":["GET"]}}],"collection":[{"href":"https:\/\/dublincastle.ie\/ga\/wp-json\/wp\/v2\/pages"}],"about":[{"href":"https:\/\/dublincastle.ie\/ga\/wp-json\/wp\/v2\/types\/page"}],"author":[{"embeddable":true,"href":"https:\/\/dublincastle.ie\/ga\/wp-json\/wp\/v2\/users\/16"}],"replies":[{"embeddable":true,"href":"https:\/\/dublincastle.ie\/ga\/wp-json\/wp\/v2\/comments?post=4337"}],"version-history":[{"count":0,"href":"https:\/\/dublincastle.ie\/ga\/wp-json\/wp\/v2\/pages\/4337\/revisions"}],"wp:attachment":[{"href":"https:\/\/dublincastle.ie\/ga\/wp-json\/wp\/v2\/media?parent=4337"}],"curies":[{"name":"wp","href":"https:\/\/api.w.org\/{rel}","templated":true}]}}