{"id":4357,"date":"2017-01-03T11:22:31","date_gmt":"2017-01-03T11:22:31","guid":{"rendered":"http:\/\/www.dublincastle.ie\/history\/"},"modified":"2023-10-26T12:39:28","modified_gmt":"2023-10-26T11:39:28","slug":"history","status":"publish","type":"page","link":"https:\/\/dublincastle.ie\/ga\/history\/","title":{"rendered":"Stair"},"content":{"rendered":"<p>[et_pb_section bb_built=&#8221;1&#8243; admin_label=&#8221;Section&#8221; fullwidth=&#8221;on&#8221; specialty=&#8221;off&#8221;][et_pb_fullwidth_header admin_label=&#8221;Fullwidth Header&#8221; title=&#8221;Stair&#8221; background_layout=&#8221;dark&#8221; text_orientation=&#8221;center&#8221; header_fullscreen=&#8221;on&#8221; header_scroll_down=&#8221;on&#8221; background_url=&#8221;http:\/\/www.dublincastle.ie\/wp-content\/uploads\/2017\/01\/cover-1.jpg&#8221; background_overlay_color=&#8221;rgba(0,0,0,0.33)&#8221; parallax=&#8221;off&#8221; parallax_method=&#8221;off&#8221; content_orientation=&#8221;center&#8221; image_orientation=&#8221;center&#8221; title_font_size=&#8221;50px&#8221; custom_button_one=&#8221;off&#8221; button_one_letter_spacing=&#8221;0&#8243; button_one_use_icon=&#8221;default&#8221; button_one_icon_placement=&#8221;right&#8221; button_one_on_hover=&#8221;on&#8221; button_one_letter_spacing_hover=&#8221;0&#8243; custom_button_two=&#8221;off&#8221; button_two_letter_spacing=&#8221;0&#8243; button_two_use_icon=&#8221;default&#8221; button_two_icon_placement=&#8221;right&#8221; button_two_on_hover=&#8221;on&#8221; button_two_letter_spacing_hover=&#8221;0&#8243; scroll_down_icon=&#8221;%%0%%&#8221; scroll_down_icon_size=&#8221;25px&#8221; subhead=&#8221;Achoimre Ghearr ar Stair Chaisle\u00e1n Bhaile \u00c1tha Cliath&#8221; subhead_font_size=&#8221;23px&#8221; \/][\/et_pb_section][et_pb_section bb_built=&#8221;1&#8243; admin_label=&#8221;Section&#8221; fullwidth=&#8221;off&#8221; specialty=&#8221;off&#8221;][et_pb_row admin_label=&#8221;Row&#8221;][et_pb_column type=&#8221;4_4&#8243;][et_pb_text admin_label=&#8221;Earliest History Text&#8221; background_layout=&#8221;light&#8221; text_orientation=&#8221;left&#8221; use_border_color=&#8221;off&#8221; border_color=&#8221;#ffffff&#8221; border_style=&#8221;solid&#8221;]<\/p>\n<h3>T\u00e1 Caisle\u00e1n Bhaile \u00c1tha Cliath ar cheann de na foirgnmh is t\u00e1bhachta\u00ed i stair na h\u00c9ireann.<\/h3>\n<p>\u00d3 1204 go dt\u00ed 1922 ba ann a bh\u00ed cumhacht Shasana, agus na Breataine n\u00edos faide anonn, cruinnithe in \u00c9irinn. Le linn an ama sin bh\u00ed s\u00e9 mar \u00e1ras c\u00f3naithe ag ionada\u00ed R\u00ed Shasana in \u00c9irinn, Fear Ionaid an R\u00ed, agus baineadh \u00fas\u00e1id as mar ionad searmanais agus riarach\u00e1in. Forbra\u00edodh an Caisle\u00e1n ar dt\u00fas mar dhaingean me\u00e1naoiseach faoi ord\u00fa \u00f3 R\u00ed John Shasana. Bh\u00ed ceithre th\u00far ar na coirn\u00e9il agus imbhalla\u00ed arda eatarthu, t\u00f3gtha timpeall ar chl\u00f3s m\u00f3r i l\u00e1r baill. T\u00f3gadh an Caisle\u00e1n ar thalamh ard ar a raibh lonna\u00edocht Lochlannach roimhe sin. Ceaptar go raibh l\u00e1thair an tseanchaisle\u00e1in thart ar an \u00e1it a bhfuil Cl\u00f3s Uachtarach an Chaisle\u00e1in sa l\u00e1 inniu ann. Bh\u00ed formh\u00f3r de ina sheasamh f\u00f3s suas go dt\u00ed m\u00ed Aibre\u00e1n 1684, nuair a rinne tine ollmh\u00f3r dochar millteach do go leor den fhoirgneamh. In ainneoin dam\u00e1iste na tine, t\u00e1 cuid de na strucht\u00fair mhe\u00e1naoiseacha agus Lochlannacha gan leagan go f\u00f3ill agus is f\u00e9idir le cuairteoir\u00ed iad a fheice\u00e1il go dt\u00ed an l\u00e1 inniu.<\/p>\n<p>[\/et_pb_text][et_pb_text admin_label=&#8221;Text&#8221; background_layout=&#8221;light&#8221; text_orientation=&#8221;left&#8221; use_border_color=&#8221;off&#8221; border_color=&#8221;#ffffff&#8221; border_style=&#8221;solid&#8221;]<\/p>\n\n\t\t<style type=\"text\/css\">\n\t\t\t#gallery-1 {\n\t\t\t\tmargin: auto;\n\t\t\t}\n\t\t\t#gallery-1 .gallery-item {\n\t\t\t\tfloat: left;\n\t\t\t\tmargin-top: 10px;\n\t\t\t\ttext-align: center;\n\t\t\t\twidth: 33%;\n\t\t\t}\n\t\t\t#gallery-1 img {\n\t\t\t\tborder: 2px solid #cfcfcf;\n\t\t\t}\n\t\t\t#gallery-1 .gallery-caption {\n\t\t\t\tmargin-left: 0;\n\t\t\t}\n\t\t\t\/* see gallery_shortcode() in wp-includes\/media.php *\/\n\t\t<\/style>\n\t\t<div id='gallery-1' class='gallery galleryid-4357 gallery-columns-3 gallery-size-thumbnail'><dl class='gallery-item'>\n\t\t\t<dt class='gallery-icon landscape'>\n\t\t\t\t<a href='https:\/\/dublincastle.ie\/ga\/history\/john-speed-map_dublin_in_1610_-_reprint_of_1896_wikipedia-public-domain-2\/'><img loading=\"lazy\" decoding=\"async\" width=\"150\" height=\"150\" src=\"https:\/\/dublincastle.ie\/wp-content\/uploads\/2017\/01\/John-Speed-map_Dublin_in_1610_-_reprint_of_1896_Wikipedia-public-domain-150x150.jpg\" class=\"attachment-thumbnail size-thumbnail\" alt=\"\" aria-describedby=\"gallery-1-4953\" \/><\/a>\n\t\t\t<\/dt>\n\t\t\t\t<dd class='wp-caption-text gallery-caption' id='gallery-1-4953'>\n\t\t\t\tL\u00e9arsc\u00e1il de Bhaile \u00c1tha Cliath in 1610 le John Speed, athchl\u00f3 1896\nFearann Poibl\u00ed\n\t\t\t\t<\/dd><\/dl><dl class='gallery-item'>\n\t\t\t<dt class='gallery-icon landscape'>\n\t\t\t\t<a href='https:\/\/dublincastle.ie\/ga\/view-of-dublin-castle-fom-charles-brookings-map-of-dublin-c-1728-2\/'><img loading=\"lazy\" decoding=\"async\" width=\"150\" height=\"150\" src=\"https:\/\/dublincastle.ie\/wp-content\/uploads\/2017\/01\/View-of-Dublin-Castle-fom-Charles-Brookings-map-of-Dublin-c.1728-150x150.jpg\" class=\"attachment-thumbnail size-thumbnail\" alt=\"\" aria-describedby=\"gallery-1-4887\" \/><\/a>\n\t\t\t<\/dt>\n\t\t\t\t<dd class='wp-caption-text gallery-caption' id='gallery-1-4887'>\n\t\t\t\tRadharc ar Chaisle\u00e1n Bhaile \u00c1tha Cliath \u00f3 l\u00e9arsc\u00e1il Charles Brooking de Bhaile \u00c1tha Cliath, c.1728. Pieterse Davison International.\n\t\t\t\t<\/dd><\/dl><dl class='gallery-item'>\n\t\t\t<dt class='gallery-icon landscape'>\n\t\t\t\t<a href='https:\/\/dublincastle.ie\/ga\/history\/sir-henry-sidney-sets-out-from-dublin-castle-detail-from-a-plate-in-the-image-of-irelande-by-john-derrick-london-1581-2\/'><img loading=\"lazy\" decoding=\"async\" width=\"150\" height=\"150\" src=\"https:\/\/dublincastle.ie\/wp-content\/uploads\/2017\/01\/Sir-Henry-Sidney-sets-out-from-Dublin-Castle.-Detail-from-a-plate-in-The-Image-of-Irelande-by-John-Derrick-London-1581-150x150.jpg\" class=\"attachment-thumbnail size-thumbnail\" alt=\"\" aria-describedby=\"gallery-1-4954\" \/><\/a>\n\t\t\t<\/dt>\n\t\t\t\t<dd class='wp-caption-text gallery-caption' id='gallery-1-4954'>\n\t\t\t\tSir Henry Sidney ag f\u00e1g\u00e1il Chaisle\u00e1n Bhaile \u00c1tha Cliath. Mionsonra \u00f3 phl\u00e1ta in The Image of Irelande,le John Derrick (Londain, 1581).\n\t\t\t\t<\/dd><\/dl><br style=\"clear: both\" \/>\n\t\t<\/div>\n\n<p>[\/et_pb_text][\/et_pb_column][\/et_pb_row][\/et_pb_section][et_pb_section bb_built=&#8221;1&#8243; admin_label=&#8221;Section&#8221; fullwidth=&#8221;off&#8221; specialty=&#8221;off&#8221; transparent_background=&#8221;off&#8221; background_color=&#8221;#f7f7f7&#8243; allow_player_pause=&#8221;off&#8221; inner_shadow=&#8221;off&#8221; parallax=&#8221;off&#8221; parallax_method=&#8221;off&#8221; make_fullwidth=&#8221;off&#8221; use_custom_width=&#8221;off&#8221; width_unit=&#8221;on&#8221; make_equal=&#8221;off&#8221; use_custom_gutter=&#8221;off&#8221;][et_pb_row admin_label=&#8221;Row&#8221;][et_pb_column type=&#8221;4_4&#8243;][et_pb_text admin_label=&#8221;A New Castle Text&#8221; background_layout=&#8221;light&#8221; text_orientation=&#8221;left&#8221; use_border_color=&#8221;off&#8221; border_color=&#8221;#ffffff&#8221; border_style=&#8221;solid&#8221;]<\/p>\n<h3>Caisle\u00e1n Nua<\/h3>\n<p>Tosa\u00edodh ar fheachtas at\u00f3gala tar \u00e9is na tine ag deireadh an seacht\u00fa haois d\u00e9ag agus isteach san ocht\u00fa haois d\u00e9ag. Tionta\u00edodh an Caisle\u00e1n \u00f3 dhaingean me\u00e1naoiseach go dt\u00ed p\u00e1l\u00e1s Seoirseach. Bh\u00ed svu\u00edt mhaorga de sheomrai f\u00e1ilte ar tugadh na Seomra\u00ed St\u00e1it orthu mar chuid den fhoirgneamh nua. Bh\u00ed c\u00f3ir\u00edocht d\u2019Fhear Ionaid an R\u00ed sna h\u00e1rais ph\u00e1l\u00e1sta seo agus is iontu a thion\u00f3lta\u00ed na h\u00f3c\u00e1id\u00ed m\u00f3ra st\u00e1it chomh maith. Le linn mh\u00edonna tosaigh gach bliana bh\u00edodh an Fear Ionaid, agus monarc na Breataine nuair a thagadh s\u00e9 ar cuairt \u00f3 uair go ch\u00e9ile, ina \u00f3stach ar shraith \u00f3c\u00e1id\u00ed s\u00f3isialta sna Seomra\u00ed St\u00e1it. An \u2018s\u00e9as\u00far\u2019 a baisteadh ar na himeachta\u00ed spra\u00ed\u00fala seo agus bh\u00edodh b\u00e1il st\u00e1it, f\u00e9asta\u00ed agus searmanais r\u00edoga d\u2019uaisle na t\u00edre go l\u00e9ir mar chuid de. Cuireadh le h\u00e1illeacht an Chaisle\u00e1in ag t\u00fas an nao\u00fa haois d\u00e9ag nuair a t\u00f3gadh an S\u00e9ip\u00e9al R\u00edoga i gCl\u00f3s \u00cdochtarach an Chaisle\u00e1in. Strucht\u00far maorga i st\u00edl na hAthbheochana Gota\u00ed at\u00e1 anseo, \u00e9 ag cur thar maoil le stuaiceanna ar an taobh amuigh agus \u00e9 l\u00e1n de ghn\u00e9ithe orn\u00e1ideacha ar an taobh istigh. Bh\u00ed s\u00e9 seo mar sh\u00e9ip\u00e9al teaghlaigh ag an bhFear Ionaid. T\u00e1 s\u00e9 ar cheann de na buaicphoint\u00ed ailtireachta den st\u00edl Sheoirseach i mBaile \u00c1tha Cliath inniu.<\/p>\n<p>[\/et_pb_text][et_pb_text admin_label=&#8221;Text&#8221; background_layout=&#8221;light&#8221; text_orientation=&#8221;left&#8221; use_border_color=&#8221;off&#8221; border_color=&#8221;#ffffff&#8221; border_style=&#8221;solid&#8221;]<\/p>\n\n\t\t<style type=\"text\/css\">\n\t\t\t#gallery-2 {\n\t\t\t\tmargin: auto;\n\t\t\t}\n\t\t\t#gallery-2 .gallery-item {\n\t\t\t\tfloat: left;\n\t\t\t\tmargin-top: 10px;\n\t\t\t\ttext-align: center;\n\t\t\t\twidth: 33%;\n\t\t\t}\n\t\t\t#gallery-2 img {\n\t\t\t\tborder: 2px solid #cfcfcf;\n\t\t\t}\n\t\t\t#gallery-2 .gallery-caption {\n\t\t\t\tmargin-left: 0;\n\t\t\t}\n\t\t\t\/* see gallery_shortcode() in wp-includes\/media.php *\/\n\t\t<\/style>\n\t\t<div id='gallery-2' class='gallery galleryid-4357 gallery-columns-3 gallery-size-thumbnail'><dl class='gallery-item'>\n\t\t\t<dt class='gallery-icon landscape'>\n\t\t\t\t<a href='https:\/\/dublincastle.ie\/ga\/j-tudor-a-prospect-of-the-upper-castle-court-from-the-council-chamber-dublin-c-1750-2\/'><img loading=\"lazy\" decoding=\"async\" width=\"150\" height=\"150\" src=\"https:\/\/dublincastle.ie\/wp-content\/uploads\/2017\/01\/J.-Tudor-A-prospect-of-the-Upper-Castle-Court-from-the-council-chamber-Dublin-c.1750-150x150.jpg\" class=\"attachment-thumbnail size-thumbnail\" alt=\"\" aria-describedby=\"gallery-2-4885\" \/><\/a>\n\t\t\t<\/dt>\n\t\t\t\t<dd class='wp-caption-text gallery-caption' id='gallery-2-4885'>\n\t\t\t\tJ. Tudor, A prospect of the Upper Castle Court from the council chamber, Dublin (c.1750). Pieterse Davison International. Leabharlann Naisi\u00fanta na h\u00c9ireann.\n\t\t\t\t<\/dd><\/dl><dl class='gallery-item'>\n\t\t\t<dt class='gallery-icon portrait'>\n\t\t\t\t<a href='https:\/\/dublincastle.ie\/ga\/attributed-to-francis-johnston-facade-of-chapel-royal-2\/'><img loading=\"lazy\" decoding=\"async\" width=\"150\" height=\"150\" src=\"https:\/\/dublincastle.ie\/wp-content\/uploads\/2017\/01\/attributed-to-Francis-Johnston-Facade-of-Chapel-Royal-150x150.jpg\" class=\"attachment-thumbnail size-thumbnail\" alt=\"\" aria-describedby=\"gallery-2-4891\" \/><\/a>\n\t\t\t<\/dt>\n\t\t\t\t<dd class='wp-caption-text gallery-caption' id='gallery-2-4891'>\n\t\t\t\tLuaite le Francis Johnston, Facade of Chapel Royal, c.1814. Grianghraf Dennis Mortell. Caisle\u00e1n Bhaile \u00c1tha Cliath, OOP.\n\t\t\t\t<\/dd><\/dl><dl class='gallery-item'>\n\t\t\t<dt class='gallery-icon landscape'>\n\t\t\t\t<a href='https:\/\/dublincastle.ie\/ga\/r-havell-sons-after-t-s-roberts-view-of-lower-castle-yard-dublin-castle-1816-2\/'><img loading=\"lazy\" decoding=\"async\" width=\"150\" height=\"150\" src=\"https:\/\/dublincastle.ie\/wp-content\/uploads\/2017\/01\/R.-Havell-Sons-after-T.S-Roberts-View-of-Lower-Castle-Yard-Dublin-Castle-1816-150x150.jpg\" class=\"attachment-thumbnail size-thumbnail\" alt=\"\" aria-describedby=\"gallery-2-4888\" \/><\/a>\n\t\t\t<\/dt>\n\t\t\t\t<dd class='wp-caption-text gallery-caption' id='gallery-2-4888'>\n\t\t\t\tR. Havell &#038; Sons i ndiaidh T.S. Roberts, View of Lower Castle Yard, Dublin Castle (1816). Grianghraf Dennis Mortell. Caisle\u00e1n Bhaile \u00c1tha Cliath, OOP.\n\n\t\t\t\t<\/dd><\/dl><br style=\"clear: both\" \/><dl class='gallery-item'>\n\t\t\t<dt class='gallery-icon landscape'>\n\t\t\t\t<a href='https:\/\/dublincastle.ie\/ga\/michelangelo-hayes-st-patricks-day-military-parade-at-dublin-castle-1844-3\/'><img loading=\"lazy\" decoding=\"async\" width=\"150\" height=\"150\" src=\"https:\/\/dublincastle.ie\/wp-content\/uploads\/2017\/01\/Michelangelo-Hayes-St-Patricks-Day-Military-Parade-at-Dublin-Castle-1844-150x150.jpg\" class=\"attachment-thumbnail size-thumbnail\" alt=\"\" aria-describedby=\"gallery-2-4889\" \/><\/a>\n\t\t\t<\/dt>\n\t\t\t\t<dd class='wp-caption-text gallery-caption' id='gallery-2-4889'>\n\t\t\t\tMichelangelo Hayes, St Patrick\u2019s Day Military Parade at Dublin Castle, 1844. Grianghraf Dennis Mortell. Caisle\u00e1n Bhaile \u00c1tha Cliath, OOP.\n\t\t\t\t<\/dd><\/dl>\n\t\t\t<br style='clear: both' \/>\n\t\t<\/div>\n\n<p>[\/et_pb_text][\/et_pb_column][\/et_pb_row][\/et_pb_section][et_pb_section bb_built=&#8221;1&#8243; admin_label=&#8221;Section&#8221; fullwidth=&#8221;off&#8221; specialty=&#8221;off&#8221; transparent_background=&#8221;off&#8221; background_color=&#8221;#eaeaea&#8221; allow_player_pause=&#8221;off&#8221; inner_shadow=&#8221;off&#8221; parallax=&#8221;off&#8221; parallax_method=&#8221;off&#8221; make_fullwidth=&#8221;off&#8221; use_custom_width=&#8221;off&#8221; width_unit=&#8221;on&#8221; make_equal=&#8221;off&#8221; use_custom_gutter=&#8221;off&#8221;][et_pb_row admin_label=&#8221;Row&#8221;][et_pb_column type=&#8221;4_4&#8243;][et_pb_text admin_label=&#8221;From Independence to the Present Text&#8221; background_layout=&#8221;light&#8221; text_orientation=&#8221;left&#8221; use_border_color=&#8221;off&#8221; border_color=&#8221;#ffffff&#8221; border_style=&#8221;solid&#8221;]<\/p>\n<h3 class=\"p1\">Caisle\u00e1n Bhaile \u00c1tha Cliath sa L\u00e1 Inniu<\/h3>\n<p>Ar an 16 Ean\u00e1ir 1922, thug an Fear Ionaid deireanach a bheadh riamh ar \u00c9irinn Caisle\u00e1n Bhaile \u00c1tha Cliath ar l\u00e1imh do Mh\u00edche\u00e1l \u00d3 Coile\u00e1in agus an rialtas nua ar st\u00e1t neamhsple\u00e1ch na h\u00c9ireann. Bh\u00ed \u00c9ir\u00ed Amach 1916 agus Cogadh na Saoirse tar \u00e9is riail na Breataine a thabhairt chun deiridh. Bh\u00ed na m\u00f3rimeachta\u00ed seo l\u00e1rnach i mbun\u00fa Phoblacht na h\u00c9ireann agus baint nach beag acu le stair Chaisle\u00e1n Bhaile \u00c1tha Cliath freisin. \u00d3n \u00f3c\u00e1id stairi\u00fail sin i leith t\u00e1 traidisi\u00fan de shearmanas st\u00e1it coime\u00e1dta sa si\u00fal sa Chaisle\u00e1n. T\u00e1 rialtas i ndiaidh rialtais tar \u00e9is an l\u00e1thair a \u00fas\u00e1id d\u2019\u00f3c\u00e1id\u00ed t\u00e1bhachtacha n\u00e1isi\u00fanta, dinn\u00e9ir agus com\u00f3rtha\u00ed st\u00e1it go h\u00e1irithe. \u00d3 1938 i leith, rinnedh insealbh\u00fa ar gach duine d\u2019Uachtar\u00e1in na h\u00c9ireann i Halla Naomh P\u00e1draig, an ceann is gal\u00e1nta de na Seomra St\u00e1it.<\/p>\n<p>T\u00e1 f\u00e1ilte curtha le liosta le h\u00e1ireamh ag Caisle\u00e1n Bhaile \u00c1tha Cliath i gcaitheamh na n-aoiseanna, Benjamin Franklin (1771), an Di\u00fac Wellington (1807), D\u00f3nall \u00d3 Conaill (1841), an Banr\u00edon Victoria (1849, 1853, 1861 agus 1900), Charles Dickens (1864), an Chuntaois Markievicz (1905), Banphrionsa Grace Mhonac\u00f3 (1961), John F. Kennedy (1963), Charles de Gaulle (1969), Nelson Mandela (1990) agus an Banr\u00edon Eil\u00eds II (2011) ina measc. Ar na pearsana iomr\u00e1iteacha at\u00e1 luaite leis an gCaisle\u00e1n t\u00e1 Bram Stoker, \u00fadar Dracula, a d\u2019oibrigh anseo \u00f3 1866 go 1878. Cuireann an Caisle\u00e1n f\u00e1ilte roimh os cionn ceathr\u00fa milli\u00fan cuairteoir\u00ed in aghaidh na bliana sa l\u00e1 at\u00e1 inniu ann. T\u00e1 s\u00fail againn go mbainfidh t\u00fa f\u00e9in sult as lorg a gcos a lean\u00faint.<\/p>\n<p>[\/et_pb_text][et_pb_text admin_label=&#8221;Text&#8221; background_layout=&#8221;light&#8221; text_orientation=&#8221;left&#8221; use_border_color=&#8221;off&#8221; border_color=&#8221;#ffffff&#8221; border_style=&#8221;solid&#8221;]<\/p>\n\n\t\t<style type=\"text\/css\">\n\t\t\t#gallery-3 {\n\t\t\t\tmargin: auto;\n\t\t\t}\n\t\t\t#gallery-3 .gallery-item {\n\t\t\t\tfloat: left;\n\t\t\t\tmargin-top: 10px;\n\t\t\t\ttext-align: center;\n\t\t\t\twidth: 33%;\n\t\t\t}\n\t\t\t#gallery-3 img {\n\t\t\t\tborder: 2px solid #cfcfcf;\n\t\t\t}\n\t\t\t#gallery-3 .gallery-caption {\n\t\t\t\tmargin-left: 0;\n\t\t\t}\n\t\t\t\/* see gallery_shortcode() in wp-includes\/media.php *\/\n\t\t<\/style>\n\t\t<div id='gallery-3' class='gallery galleryid-4357 gallery-columns-3 gallery-size-thumbnail'><dl class='gallery-item'>\n\t\t\t<dt class='gallery-icon landscape'>\n\t\t\t\t<a href='https:\/\/dublincastle.ie\/ga\/vtls000333129_001-2\/'><img loading=\"lazy\" decoding=\"async\" width=\"150\" height=\"150\" src=\"https:\/\/dublincastle.ie\/wp-content\/uploads\/2017\/01\/vtls000333129_001-150x150.jpg\" class=\"attachment-thumbnail size-thumbnail\" alt=\"\" aria-describedby=\"gallery-3-4894\" \/><\/a>\n\t\t\t<\/dt>\n\t\t\t\t<dd class='wp-caption-text gallery-caption' id='gallery-3-4894'>\n\t\t\t\tCaisle\u00e1n Bhaile \u00c1tha Cliath. Baili\u00fach\u00e1n Grianghrafad\u00f3ireachta Lawrence. \u00cdomh\u00e1 le caoinchead Leabharlann N\u00e1isi\u00fanta na h\u00c9ireann.\n\t\t\t\t<\/dd><\/dl><dl class='gallery-item'>\n\t\t\t<dt class='gallery-icon landscape'>\n\t\t\t\t<a href='https:\/\/dublincastle.ie\/ga\/history\/vtls000325959_001-3-2\/'><img loading=\"lazy\" decoding=\"async\" width=\"150\" height=\"150\" src=\"https:\/\/dublincastle.ie\/wp-content\/uploads\/2017\/01\/vtls000325959_001-1-150x150.jpg\" class=\"attachment-thumbnail size-thumbnail\" alt=\"\" aria-describedby=\"gallery-3-4893\" \/><\/a>\n\t\t\t<\/dt>\n\t\t\t\t<dd class='wp-caption-text gallery-caption' id='gallery-3-4893'>\n\t\t\t\tCaisle\u00e1n Bhaile \u00c1tha Cliath. Baili\u00fach\u00e1n Grianghrafad\u00f3ireachta Lawrence. \u00cdomh\u00e1 le caoinchead Leabharlann N\u00e1isi\u00fanta na h\u00c9ireann.\n\t\t\t\t<\/dd><\/dl><dl class='gallery-item'>\n\t\t\t<dt class='gallery-icon landscape'>\n\t\t\t\t<a href='https:\/\/dublincastle.ie\/ga\/history\/vtls000325960_001-2\/'><img loading=\"lazy\" decoding=\"async\" width=\"150\" height=\"150\" src=\"https:\/\/dublincastle.ie\/wp-content\/uploads\/2017\/01\/vtls000325960_001-150x150.jpg\" class=\"attachment-thumbnail size-thumbnail\" alt=\"\" aria-describedby=\"gallery-3-4938\" \/><\/a>\n\t\t\t<\/dt>\n\t\t\t\t<dd class='wp-caption-text gallery-caption' id='gallery-3-4938'>\n\t\t\t\tCaisle\u00e1n Bhaile \u00c1tha Cliath. Baili\u00fach\u00e1n Grianghrafad\u00f3ireachta Lawrence. \u00cdomh\u00e1 le caoinchead Leabharlann N\u00e1isi\u00fanta na h\u00c9ireann.\n\t\t\t\t<\/dd><\/dl><br style=\"clear: both\" \/><dl class='gallery-item'>\n\t\t\t<dt class='gallery-icon landscape'>\n\t\t\t\t<a href='https:\/\/dublincastle.ie\/ga\/history\/vtls000325961_001-2\/'><img loading=\"lazy\" decoding=\"async\" width=\"150\" height=\"150\" src=\"https:\/\/dublincastle.ie\/wp-content\/uploads\/2017\/01\/vtls000325961_001-150x150.jpg\" class=\"attachment-thumbnail size-thumbnail\" alt=\"\" aria-describedby=\"gallery-3-4886\" \/><\/a>\n\t\t\t<\/dt>\n\t\t\t\t<dd class='wp-caption-text gallery-caption' id='gallery-3-4886'>\n\t\t\t\tAn S\u00e9ip\u00e9al R\u00edoga. Baili\u00fach\u00e1n Grianghrafad\u00f3ireachta Lawrence. \u00cdomh\u00e1 le caoinchead Leabharlann N\u00e1isi\u00fanta na h\u00c9ireann.\n\t\t\t\t<\/dd><\/dl><dl class='gallery-item'>\n\t\t\t<dt class='gallery-icon portrait'>\n\t\t\t\t<a href='https:\/\/dublincastle.ie\/ga\/history\/sony-dsc-2\/'><img loading=\"lazy\" decoding=\"async\" width=\"150\" height=\"150\" src=\"https:\/\/dublincastle.ie\/wp-content\/uploads\/2017\/01\/BramStokerDedicace-150x150.jpg\" class=\"attachment-thumbnail size-thumbnail\" alt=\"\" aria-describedby=\"gallery-3-4956\" \/><\/a>\n\t\t\t<\/dt>\n\t\t\t\t<dd class='wp-caption-text gallery-caption' id='gallery-3-4956'>\n\t\t\t\tBram Stoker. Fearann Poibl\u00ed.\n\t\t\t\t<\/dd><\/dl><dl class='gallery-item'>\n\t\t\t<dt class='gallery-icon portrait'>\n\t\t\t\t<a href='https:\/\/dublincastle.ie\/ga\/history\/princess-grace-of-monaco-and-president-eamon-de-valera-at-state-banquet-in-dublin-castle-10-06-1961-photograph-agence-dalmas-2-2\/'><img loading=\"lazy\" decoding=\"async\" width=\"150\" height=\"150\" src=\"https:\/\/dublincastle.ie\/wp-content\/uploads\/2017\/01\/Princess-Grace-of-Monaco-and-President-Eamon-de-Valera-at-State-banquet-in-Dublin-Castle-10.06.1961-photograph-Agence-Dalmas-1-150x150.jpg\" class=\"attachment-thumbnail size-thumbnail\" alt=\"\" aria-describedby=\"gallery-3-4958\" \/><\/a>\n\t\t\t<\/dt>\n\t\t\t\t<dd class='wp-caption-text gallery-caption' id='gallery-3-4958'>\n\t\t\t\tBanphrionsa Grace Mhonac\u00f3 agus an tUachtar\u00e1n \u00c9amon de Valera ag f\u00e9asta St\u00e1it i gCaisle\u00e1n Bhaile \u00c1tha Cliath, 10.06.1961, grianghraf Agence Dalmas.\n\n\t\t\t\t<\/dd><\/dl><br style=\"clear: both\" \/><dl class='gallery-item'>\n\t\t\t<dt class='gallery-icon portrait'>\n\t\t\t\t<a href='https:\/\/dublincastle.ie\/ga\/queen-dublin-castle-hall-max2-maxwell-photography-2\/'><img loading=\"lazy\" decoding=\"async\" width=\"150\" height=\"150\" src=\"https:\/\/dublincastle.ie\/wp-content\/uploads\/2017\/01\/QUEEN-DUBLIN-CASTLE-HALL-MAX2-Maxwell-Photography-150x150.jpg\" class=\"attachment-thumbnail size-thumbnail\" alt=\"\" aria-describedby=\"gallery-3-4746\" \/><\/a>\n\t\t\t<\/dt>\n\t\t\t\t<dd class='wp-caption-text gallery-caption' id='gallery-3-4746'>\n\t\t\t\tAn Bhanr\u00edon Elizabeth II leis an Uachtar\u00e1n M\u00e1ire Mhic Giolla \u00cdosa, agus an Dr Martin Mhic Giolla \u00cdosa agus Di\u00fac Dh\u00fan \u00c9ideann, roimh an Dinn\u00e9ar St\u00e1it i gCaisle\u00e1n Bhaile \u00c1tha Cliath ar an dara l\u00e1 de Chuairt St\u00e1it ar \u00c9irinn in 2011. Maxwell Photography.\n\n\t\t\t\t<\/dd><\/dl>\n\t\t\t<br style='clear: both' \/>\n\t\t<\/div>\n\n<p>[\/et_pb_text][\/et_pb_column][\/et_pb_row][\/et_pb_section][et_pb_section bb_built=&#8221;1&#8243; admin_label=&#8221;Section&#8221; fullwidth=&#8221;on&#8221; specialty=&#8221;off&#8221;][et_pb_fullwidth_image admin_label=&#8221;Fullwidth Image&#8221; src=&#8221;http:\/\/www.dublincastle.ie\/wp-content\/uploads\/2017\/01\/vtls000325959_001-1.jpg&#8221; show_in_lightbox=&#8221;off&#8221; url_new_window=&#8221;off&#8221; use_overlay=&#8221;off&#8221; animation=&#8221;off&#8221; use_border_color=&#8221;off&#8221; border_color=&#8221;#ffffff&#8221; border_style=&#8221;solid&#8221; \/][\/et_pb_section]<\/p>\n","protected":false},"excerpt":{"rendered":"<p>T\u00e1 Caisle\u00e1n Bhaile \u00c1tha Cliath ar cheann de na foirgnmh is t\u00e1bhachta\u00ed i stair na h\u00c9ireann. \u00d3 1204 go dt\u00ed 1922 ba ann a bh\u00ed cumhacht Shasana, agus na Breataine [&hellip;]<\/p>\n","protected":false},"author":16,"featured_media":0,"parent":0,"menu_order":0,"comment_status":"closed","ping_status":"closed","template":"","meta":{"_et_pb_use_builder":"on","_et_pb_old_content":"","_et_gb_content_width":"","footnotes":""},"class_list":["post-4357","page","type-page","status-publish","hentry"],"_links":{"self":[{"href":"https:\/\/dublincastle.ie\/ga\/wp-json\/wp\/v2\/pages\/4357","targetHints":{"allow":["GET"]}}],"collection":[{"href":"https:\/\/dublincastle.ie\/ga\/wp-json\/wp\/v2\/pages"}],"about":[{"href":"https:\/\/dublincastle.ie\/ga\/wp-json\/wp\/v2\/types\/page"}],"author":[{"embeddable":true,"href":"https:\/\/dublincastle.ie\/ga\/wp-json\/wp\/v2\/users\/16"}],"replies":[{"embeddable":true,"href":"https:\/\/dublincastle.ie\/ga\/wp-json\/wp\/v2\/comments?post=4357"}],"version-history":[{"count":1,"href":"https:\/\/dublincastle.ie\/ga\/wp-json\/wp\/v2\/pages\/4357\/revisions"}],"predecessor-version":[{"id":12580,"href":"https:\/\/dublincastle.ie\/ga\/wp-json\/wp\/v2\/pages\/4357\/revisions\/12580"}],"wp:attachment":[{"href":"https:\/\/dublincastle.ie\/ga\/wp-json\/wp\/v2\/media?parent=4357"}],"curies":[{"name":"wp","href":"https:\/\/api.w.org\/{rel}","templated":true}]}}