{"id":4360,"date":"2017-01-03T12:12:47","date_gmt":"2017-01-03T12:12:47","guid":{"rendered":"http:\/\/www.dublincastle.ie\/viking-excavation\/"},"modified":"2023-10-26T12:44:19","modified_gmt":"2023-10-26T11:44:19","slug":"viking-excavation","status":"publish","type":"page","link":"https:\/\/dublincastle.ie\/ga\/viking-excavation\/","title":{"rendered":"An Tochailt Lochlannach"},"content":{"rendered":"<p>[et_pb_section bb_built=&#8221;1&#8243; admin_label=&#8221;Section&#8221; fullwidth=&#8221;on&#8221; specialty=&#8221;off&#8221;][et_pb_fullwidth_header admin_label=&#8221;Fullwidth Header&#8221; title=&#8221;An Tochailt Lochlannach&#8221; background_layout=&#8221;dark&#8221; text_orientation=&#8221;center&#8221; header_fullscreen=&#8221;on&#8221; header_scroll_down=&#8221;on&#8221; background_url=&#8221;http:\/\/www.dublincastle.ie\/wp-content\/uploads\/2017\/01\/Viking-and-Medieval-Undercroft.-Myles-Campbell-1.jpg&#8221; background_overlay_color=&#8221;rgba(0,0,0,0.33)&#8221; parallax=&#8221;off&#8221; parallax_method=&#8221;off&#8221; content_orientation=&#8221;center&#8221; image_orientation=&#8221;center&#8221; title_font_size=&#8221;50px&#8221; custom_button_one=&#8221;off&#8221; button_one_letter_spacing=&#8221;0&#8243; button_one_use_icon=&#8221;default&#8221; button_one_icon_placement=&#8221;right&#8221; button_one_on_hover=&#8221;on&#8221; button_one_letter_spacing_hover=&#8221;0&#8243; custom_button_two=&#8221;off&#8221; button_two_letter_spacing=&#8221;0&#8243; button_two_use_icon=&#8221;default&#8221; button_two_icon_placement=&#8221;right&#8221; button_two_on_hover=&#8221;on&#8221; button_two_letter_spacing_hover=&#8221;0&#8243; scroll_down_icon=&#8221;%%0%%&#8221; scroll_down_icon_size=&#8221;25px&#8221; subhead=&#8221;Cosaint\u00ed Bunaidh Bhaile \u00c1tha Cliath \u00f3 R\u00e9 na Lochlannach&#8221; subhead_font_size=&#8221;23px&#8221; \/][\/et_pb_section][et_pb_section bb_built=&#8221;1&#8243; admin_label=&#8221;Section&#8221; fullwidth=&#8221;off&#8221; specialty=&#8221;off&#8221;][et_pb_row admin_label=&#8221;Row&#8221;][et_pb_column type=&#8221;4_4&#8243;][et_pb_text admin_label=&#8221;Text&#8221; background_layout=&#8221;light&#8221; text_orientation=&#8221;left&#8221; use_border_color=&#8221;off&#8221; border_color=&#8221;#ffffff&#8221; border_style=&#8221;solid&#8221;]<\/p>\n<h3>I seomra faoi thalamh i gCaisle\u00e1n Bhaile \u00c1tha Cliath&#8230;<\/h3>\n<p>&#8230;t\u00e1 tochailt tar \u00e9is cuid de strucht\u00far an chaisle\u00e1in mhe\u00e1naoisigh a thabhairt chun solais chomh maith leis an m\u00e9id at\u00e1 f\u00e1gtha de ch\u00f3ras cosanta bunaidh Bhaile \u00c1tha Cliath na Lochlannach. M\u00far n\u00f3 banc at\u00e1 cl\u00fadaithe le clocha at\u00e1 i gceist agus t\u00e1 sciar de seo caomhnaithe taobh istigh de bhalla\u00ed ollmh\u00f3ra ciorclacha an T\u00fair Ph\u00fadair, foirgneamh a t\u00f3gadh sa tr\u00ed\u00fa haois d\u00e9ag.<\/p>\n<p>Feicfidh cuairteoir\u00ed sciar d\u2019imbhalla me\u00e1naoiseach an Chaisle\u00e1in anseo mar aon le c\u00falgheata agus c\u00e9imeanna a th\u00e9ann s\u00edos go dt\u00ed an m\u00f3ta a bh\u00ed ann ag an am. Bheadh an Poit\u00e9al, abhainn a ritheann faoi thalamh an Chaisle\u00e1in go f\u00f3ill inniu, curtha ar atreo tr\u00e1th chun m\u00f3ta thart timpeall ar an gCaisle\u00e1n a chruth\u00fa. Ar na gn\u00e9ithe me\u00e1naoiseacha eile at\u00e1 le feice\u00e1il ar an l\u00e1thair t\u00e1 cuid de sheanbhalla an bhaile chomh maith le h\u00e1irse a scaoil an m\u00f3ta isteach faoi (bloc\u00e1ilte thart ar an mbliain 1400).<\/p>\n<p>[\/et_pb_text][et_pb_text admin_label=&#8221;Text&#8221; background_layout=&#8221;light&#8221; text_orientation=&#8221;left&#8221; use_border_color=&#8221;off&#8221; border_color=&#8221;#ffffff&#8221; border_style=&#8221;solid&#8221;]<\/p>\n\n\t\t<style type=\"text\/css\">\n\t\t\t#gallery-1 {\n\t\t\t\tmargin: auto;\n\t\t\t}\n\t\t\t#gallery-1 .gallery-item {\n\t\t\t\tfloat: left;\n\t\t\t\tmargin-top: 10px;\n\t\t\t\ttext-align: center;\n\t\t\t\twidth: 33%;\n\t\t\t}\n\t\t\t#gallery-1 img {\n\t\t\t\tborder: 2px solid #cfcfcf;\n\t\t\t}\n\t\t\t#gallery-1 .gallery-caption {\n\t\t\t\tmargin-left: 0;\n\t\t\t}\n\t\t\t\/* see gallery_shortcode() in wp-includes\/media.php *\/\n\t\t<\/style>\n\t\t<div id='gallery-1' class='gallery galleryid-4360 gallery-columns-3 gallery-size-thumbnail'><dl class='gallery-item'>\n\t\t\t<dt class='gallery-icon landscape'>\n\t\t\t\t<a href='https:\/\/dublincastle.ie\/ga\/viking-excavation\/611-dub-castle-2\/'><img loading=\"lazy\" decoding=\"async\" width=\"150\" height=\"150\" src=\"https:\/\/dublincastle.ie\/wp-content\/uploads\/2017\/01\/611-Dub-Castle-150x150.jpg\" class=\"attachment-thumbnail size-thumbnail\" alt=\"\" aria-describedby=\"gallery-1-4917\" \/><\/a>\n\t\t\t<\/dt>\n\t\t\t\t<dd class='wp-caption-text gallery-caption' id='gallery-1-4917'>\n\t\t\t\tCaisle\u00e1n Bhaile \u00c1tha Cliath. Oifig na nOibreacha Poibl\u00ed. Grianghraf le Mark Reddy Trinity Digital Studios.\n\t\t\t\t<\/dd><\/dl><dl class='gallery-item'>\n\t\t\t<dt class='gallery-icon landscape'>\n\t\t\t\t<a href='https:\/\/dublincastle.ie\/ga\/viking-excavation\/619-dub-castle-2\/'><img loading=\"lazy\" decoding=\"async\" width=\"150\" height=\"150\" src=\"https:\/\/dublincastle.ie\/wp-content\/uploads\/2017\/01\/619-Dub-Castle-150x150.jpg\" class=\"attachment-thumbnail size-thumbnail\" alt=\"\" aria-describedby=\"gallery-1-4919\" \/><\/a>\n\t\t\t<\/dt>\n\t\t\t\t<dd class='wp-caption-text gallery-caption' id='gallery-1-4919'>\n\t\t\t\tCaisle\u00e1n Bhaile \u00c1tha Cliath. Oifig na nOibreacha Poibl\u00ed. Grianghraf le Mark Reddy Trinity Digital Studios.\n\t\t\t\t<\/dd><\/dl><dl class='gallery-item'>\n\t\t\t<dt class='gallery-icon landscape'>\n\t\t\t\t<a href='https:\/\/dublincastle.ie\/ga\/viking-excavation\/603-dub-castle-2\/'><img loading=\"lazy\" decoding=\"async\" width=\"150\" height=\"150\" src=\"https:\/\/dublincastle.ie\/wp-content\/uploads\/2017\/01\/603-Dub-Castle-150x150.jpg\" class=\"attachment-thumbnail size-thumbnail\" alt=\"\" aria-describedby=\"gallery-1-4920\" \/><\/a>\n\t\t\t<\/dt>\n\t\t\t\t<dd class='wp-caption-text gallery-caption' id='gallery-1-4920'>\n\t\t\t\tCaisle\u00e1n Bhaile \u00c1tha Cliath. Oifig na nOibreacha Poibl\u00ed. Grianghraf le Mark Reddy Trinity Digital Studios.\n\t\t\t\t<\/dd><\/dl><br style=\"clear: both\" \/>\n\t\t<\/div>\n\n<p>[\/et_pb_text][\/et_pb_column][\/et_pb_row][\/et_pb_section][et_pb_section bb_built=&#8221;1&#8243; admin_label=&#8221;Section&#8221; fullwidth=&#8221;on&#8221; specialty=&#8221;off&#8221;][et_pb_fullwidth_image admin_label=&#8221;Fullwidth Image&#8221; src=&#8221;http:\/\/www.dublincastle.ie\/wp-content\/uploads\/2017\/01\/608-Dub-Castle.jpg&#8221; show_in_lightbox=&#8221;off&#8221; url_new_window=&#8221;off&#8221; use_overlay=&#8221;off&#8221; animation=&#8221;off&#8221; use_border_color=&#8221;off&#8221; border_color=&#8221;#ffffff&#8221; border_style=&#8221;solid&#8221; \/][\/et_pb_section]<\/p>\n","protected":false},"excerpt":{"rendered":"<p>I seomra faoi thalamh i gCaisle\u00e1n Bhaile \u00c1tha Cliath&#8230; &#8230;t\u00e1 tochailt tar \u00e9is cuid de strucht\u00far an chaisle\u00e1in mhe\u00e1naoisigh a thabhairt chun solais chomh maith leis an m\u00e9id at\u00e1 f\u00e1gtha [&hellip;]<\/p>\n","protected":false},"author":16,"featured_media":0,"parent":0,"menu_order":0,"comment_status":"closed","ping_status":"closed","template":"","meta":{"_et_pb_use_builder":"on","_et_pb_old_content":"","_et_gb_content_width":"","footnotes":""},"class_list":["post-4360","page","type-page","status-publish","hentry"],"_links":{"self":[{"href":"https:\/\/dublincastle.ie\/ga\/wp-json\/wp\/v2\/pages\/4360","targetHints":{"allow":["GET"]}}],"collection":[{"href":"https:\/\/dublincastle.ie\/ga\/wp-json\/wp\/v2\/pages"}],"about":[{"href":"https:\/\/dublincastle.ie\/ga\/wp-json\/wp\/v2\/types\/page"}],"author":[{"embeddable":true,"href":"https:\/\/dublincastle.ie\/ga\/wp-json\/wp\/v2\/users\/16"}],"replies":[{"embeddable":true,"href":"https:\/\/dublincastle.ie\/ga\/wp-json\/wp\/v2\/comments?post=4360"}],"version-history":[{"count":1,"href":"https:\/\/dublincastle.ie\/ga\/wp-json\/wp\/v2\/pages\/4360\/revisions"}],"predecessor-version":[{"id":12587,"href":"https:\/\/dublincastle.ie\/ga\/wp-json\/wp\/v2\/pages\/4360\/revisions\/12587"}],"wp:attachment":[{"href":"https:\/\/dublincastle.ie\/ga\/wp-json\/wp\/v2\/media?parent=4360"}],"curies":[{"name":"wp","href":"https:\/\/api.w.org\/{rel}","templated":true}]}}