{"id":4362,"date":"2017-01-03T11:38:49","date_gmt":"2017-01-03T11:38:49","guid":{"rendered":"http:\/\/www.dublincastle.ie\/the-medieval-tower\/"},"modified":"2023-10-26T12:49:41","modified_gmt":"2023-10-26T11:49:41","slug":"the-medieval-tower","status":"publish","type":"page","link":"https:\/\/dublincastle.ie\/ga\/the-medieval-tower\/","title":{"rendered":"An T\u00far Me\u00e1naoiseach"},"content":{"rendered":"<p>[et_pb_section bb_built=&#8221;1&#8243; admin_label=&#8221;Section&#8221; fullwidth=&#8221;on&#8221; specialty=&#8221;off&#8221;][et_pb_fullwidth_header admin_label=&#8221;Fullwidth Header&#8221; title=&#8221;An T\u00far Me\u00e1naoiseach&#8221; background_layout=&#8221;dark&#8221; text_orientation=&#8221;center&#8221; header_fullscreen=&#8221;on&#8221; header_scroll_down=&#8221;on&#8221; background_url=&#8221;http:\/\/www.dublincastle.ie\/wp-content\/uploads\/2017\/01\/Dublin_Castle_Record_Tower_01-1.jpg&#8221; background_overlay_color=&#8221;rgba(0,0,0,0.33)&#8221; parallax=&#8221;off&#8221; parallax_method=&#8221;off&#8221; content_orientation=&#8221;center&#8221; image_orientation=&#8221;center&#8221; title_font_size=&#8221;50px&#8221; custom_button_one=&#8221;off&#8221; button_one_letter_spacing=&#8221;0&#8243; button_one_use_icon=&#8221;default&#8221; button_one_icon_placement=&#8221;right&#8221; button_one_on_hover=&#8221;on&#8221; button_one_letter_spacing_hover=&#8221;0&#8243; custom_button_two=&#8221;off&#8221; button_two_letter_spacing=&#8221;0&#8243; button_two_use_icon=&#8221;default&#8221; button_two_icon_placement=&#8221;right&#8221; button_two_on_hover=&#8221;on&#8221; button_two_letter_spacing_hover=&#8221;0&#8243; scroll_down_icon=&#8221;%%0%%&#8221; scroll_down_icon_size=&#8221;25px&#8221; subhead=&#8221;Ceann de na Coda is Sine de Chathair Bhaile \u00c1tha Cliath&#8221; subhead_font_size=&#8221;23px&#8221; \/][\/et_pb_section][et_pb_section bb_built=&#8221;1&#8243; admin_label=&#8221;Section&#8221; fullwidth=&#8221;off&#8221; specialty=&#8221;off&#8221;][et_pb_row admin_label=&#8221;Row&#8221;][et_pb_column type=&#8221;4_4&#8243;][et_pb_text admin_label=&#8221;Text&#8221; background_layout=&#8221;light&#8221; text_orientation=&#8221;left&#8221; use_border_color=&#8221;off&#8221; border_color=&#8221;#ffffff&#8221; border_style=&#8221;solid&#8221;]<\/p>\n<h3>T\u00far an Vardr\u00fais, T\u00far an Ghunnad\u00f3ra n\u00f3 T\u00far na dTaifead<\/h3>\n<p>T\u00e1 an t\u00far seo ar cheann de na coda is sine, is ioml\u00e1ine agus is t\u00e1bhachta\u00ed de chathair Bhaile \u00c1tha Cliath at\u00e1 f\u00f3s linn sa l\u00e1 inniu. Tugtar T\u00far an Vardr\u00fais, T\u00far an Ghunnad\u00f3ra n\u00f3 T\u00far na dTaifead air chomh maith. T\u00e1 d\u00e1ta 1204-28 leagtha leis agus a th\u00f3g\u00e1il luaite den chuid is m\u00f3 le r\u00e9imeas Anra\u00ed III (1207-72), R\u00ed Shasana agus Tiarna na h\u00c9ireann. T\u00e1 na balla\u00ed suas le 4.8 m\u00e9adar ar ti\u00fas.<\/p>\n<p>Sa bhliain 1811 athch\u00f3ir\u00edodh an t\u00far chun p\u00e1ip\u00e9ir st\u00e1it a choinne\u00e1il ann, agus ag an am c\u00e9anna rinneadh iarracht \u00e9 a chur in oiri\u00faint don S\u00e9ip\u00e9al R\u00edoga nua a bh\u00ed \u00e1 th\u00f3g\u00e1il taobh leis. Arda\u00edodh an t\u00far agus cuireadh forbhalla saoirseachta nua ar an uchtbhalla.<\/p>\n<p>Amhail na seanfhoirgnimh go l\u00e9ir sa Chaisle\u00e1n, bh\u00ed an iliomad feidhmeanna ag an t\u00far i gcaitheamh na n-aoiseanna. Coinn\u00edodh cath\u00e9ide, \u00e9ada\u00ed agus saibhreas an r\u00ed ann agus \u00e9 in \u00fas\u00e1id mar Th\u00far Vardr\u00fais an r\u00ed sna blianta luaithe. Thugta\u00ed an Vardr\u00fas chomh maith ar an roinn den r\u00edtheaghlach a thug aire do mhaoin phearsanta an r\u00ed. Choime\u00e1dta\u00ed pr\u00edos\u00fanaigh sa t\u00far ina dhiaidh sin. Faoin seacht\u00fa haois d\u00e9ag bh\u00ed T\u00far an Ghunnad\u00f3ra \u00e1 thabhairt air agus is d\u00f3cha go raibh s\u00e9 ina cheanncheathr\u00fa ag M\u00e1istirghunnad\u00f3ir na h\u00c9ireann. Faoi dheireadh, in 1811, athch\u00f3ir\u00edodh \u00e9 chun saibhreas de chine\u00e1l eile a st\u00f3r\u00e1il, p\u00e1ip\u00e9ir agus taifid st\u00e1it. Bh\u00ed leabhair a bh\u00ed ceangailte go daor agus l\u00e1mhscr\u00edbhinn\u00ed \u00e1rsa, mar aon le comhfhreagras na bhFear Ionaid agus na rialtas, eagraithe go n\u00e9ata agus st\u00f3r\u00e1ilte go s\u00e1bh\u00e1ilte anseo suas go dt\u00ed 1989.<\/p>\n<p>&nbsp;<\/p>\n<h4>T\u00e1 an T\u00far Me\u00e1naoiseach d\u00fanta don phobal faoi l\u00e1thair de bharr athch\u00f3irithe.<\/h4>\n<p>[\/et_pb_text][et_pb_text admin_label=&#8221;Text&#8221; background_layout=&#8221;light&#8221; text_orientation=&#8221;left&#8221; use_border_color=&#8221;off&#8221; border_color=&#8221;#ffffff&#8221; border_style=&#8221;solid&#8221;]<\/p>\n\n\t\t<style type=\"text\/css\">\n\t\t\t#gallery-1 {\n\t\t\t\tmargin: auto;\n\t\t\t}\n\t\t\t#gallery-1 .gallery-item {\n\t\t\t\tfloat: left;\n\t\t\t\tmargin-top: 10px;\n\t\t\t\ttext-align: center;\n\t\t\t\twidth: 33%;\n\t\t\t}\n\t\t\t#gallery-1 img {\n\t\t\t\tborder: 2px solid #cfcfcf;\n\t\t\t}\n\t\t\t#gallery-1 .gallery-caption {\n\t\t\t\tmargin-left: 0;\n\t\t\t}\n\t\t\t\/* see gallery_shortcode() in wp-includes\/media.php *\/\n\t\t<\/style>\n\t\t<div id='gallery-1' class='gallery galleryid-4362 gallery-columns-3 gallery-size-thumbnail'><dl class='gallery-item'>\n\t\t\t<dt class='gallery-icon portrait'>\n\t\t\t\t<a href='https:\/\/dublincastle.ie\/ga\/the-medieval-tower\/0735-dub-castle-2\/'><img loading=\"lazy\" decoding=\"async\" width=\"150\" height=\"150\" src=\"https:\/\/dublincastle.ie\/wp-content\/uploads\/2017\/01\/0735-Dub-Castle-150x150.jpg\" class=\"attachment-thumbnail size-thumbnail\" alt=\"\" aria-describedby=\"gallery-1-4913\" \/><\/a>\n\t\t\t<\/dt>\n\t\t\t\t<dd class='wp-caption-text gallery-caption' id='gallery-1-4913'>\n\t\t\t\tCaisle\u00e1n Bhaile \u00c1tha Cliath. Oifig na nOibreacha Poibl\u00ed. Grianghraf le Mark Reddy Trinity Digital Studios.\n\t\t\t\t<\/dd><\/dl><dl class='gallery-item'>\n\t\t\t<dt class='gallery-icon landscape'>\n\t\t\t\t<a href='https:\/\/dublincastle.ie\/ga\/the-medieval-tower\/512-dub-castle-2\/'><img loading=\"lazy\" decoding=\"async\" width=\"150\" height=\"150\" src=\"https:\/\/dublincastle.ie\/wp-content\/uploads\/2017\/01\/512-Dub-Castle-150x150.jpg\" class=\"attachment-thumbnail size-thumbnail\" alt=\"\" aria-describedby=\"gallery-1-4912\" \/><\/a>\n\t\t\t<\/dt>\n\t\t\t\t<dd class='wp-caption-text gallery-caption' id='gallery-1-4912'>\n\t\t\t\tCaisle\u00e1n Bhaile \u00c1tha Cliath. Oifig na nOibreacha Poibl\u00ed. Grianghraf le Mark Reddy Trinity Digital Studios.\n\t\t\t\t<\/dd><\/dl><dl class='gallery-item'>\n\t\t\t<dt class='gallery-icon landscape'>\n\t\t\t\t<a href='https:\/\/dublincastle.ie\/ga\/aimee-brennan-5-2\/'><img loading=\"lazy\" decoding=\"async\" width=\"150\" height=\"150\" src=\"https:\/\/dublincastle.ie\/wp-content\/uploads\/2017\/01\/Aimee-Brennan-5-150x150.jpg\" class=\"attachment-thumbnail size-thumbnail\" alt=\"\" aria-describedby=\"gallery-1-4693\" \/><\/a>\n\t\t\t<\/dt>\n\t\t\t\t<dd class='wp-caption-text gallery-caption' id='gallery-1-4693'>\n\t\t\t\tCaisle\u00e1n Bhaile \u00c1tha Cliath. Oifig na nOibreacha Poibl\u00ed. Grianghraf le Aimee Brennan.\n\t\t\t\t<\/dd><\/dl><br style=\"clear: both\" \/>\n\t\t<\/div>\n\n<p>[\/et_pb_text][\/et_pb_column][\/et_pb_row][\/et_pb_section][et_pb_section bb_built=&#8221;1&#8243; admin_label=&#8221;Section&#8221; fullwidth=&#8221;on&#8221; specialty=&#8221;off&#8221;][et_pb_fullwidth_image admin_label=&#8221;Fullwidth Image&#8221; src=&#8221;http:\/\/www.dublincastle.ie\/wp-content\/uploads\/2017\/01\/Aimee-Brennan-3.jpg&#8221; show_in_lightbox=&#8221;off&#8221; url_new_window=&#8221;off&#8221; use_overlay=&#8221;off&#8221; animation=&#8221;off&#8221; use_border_color=&#8221;off&#8221; border_color=&#8221;#ffffff&#8221; border_style=&#8221;solid&#8221; \/][\/et_pb_section]<\/p>\n","protected":false},"excerpt":{"rendered":"<p>T\u00far an Vardr\u00fais, T\u00far an Ghunnad\u00f3ra n\u00f3 T\u00far na dTaifead T\u00e1 an t\u00far seo ar cheann de na coda is sine, is ioml\u00e1ine agus is t\u00e1bhachta\u00ed de chathair Bhaile \u00c1tha [&hellip;]<\/p>\n","protected":false},"author":16,"featured_media":0,"parent":0,"menu_order":0,"comment_status":"closed","ping_status":"closed","template":"","meta":{"_et_pb_use_builder":"on","_et_pb_old_content":"","_et_gb_content_width":"","footnotes":""},"class_list":["post-4362","page","type-page","status-publish","hentry"],"_links":{"self":[{"href":"https:\/\/dublincastle.ie\/ga\/wp-json\/wp\/v2\/pages\/4362","targetHints":{"allow":["GET"]}}],"collection":[{"href":"https:\/\/dublincastle.ie\/ga\/wp-json\/wp\/v2\/pages"}],"about":[{"href":"https:\/\/dublincastle.ie\/ga\/wp-json\/wp\/v2\/types\/page"}],"author":[{"embeddable":true,"href":"https:\/\/dublincastle.ie\/ga\/wp-json\/wp\/v2\/users\/16"}],"replies":[{"embeddable":true,"href":"https:\/\/dublincastle.ie\/ga\/wp-json\/wp\/v2\/comments?post=4362"}],"version-history":[{"count":1,"href":"https:\/\/dublincastle.ie\/ga\/wp-json\/wp\/v2\/pages\/4362\/revisions"}],"predecessor-version":[{"id":12591,"href":"https:\/\/dublincastle.ie\/ga\/wp-json\/wp\/v2\/pages\/4362\/revisions\/12591"}],"wp:attachment":[{"href":"https:\/\/dublincastle.ie\/ga\/wp-json\/wp\/v2\/media?parent=4362"}],"curies":[{"name":"wp","href":"https:\/\/api.w.org\/{rel}","templated":true}]}}