{"id":4372,"date":"2017-01-03T12:38:33","date_gmt":"2017-01-03T12:38:33","guid":{"rendered":"http:\/\/www.dublincastle.ie\/the-castle-gardens\/"},"modified":"2023-10-26T13:05:14","modified_gmt":"2023-10-26T12:05:14","slug":"the-castle-gardens","status":"publish","type":"page","link":"https:\/\/dublincastle.ie\/ga\/the-castle-gardens\/","title":{"rendered":"Gaird\u00edn\u00ed an Chaisle\u00e1in"},"content":{"rendered":"<p>[et_pb_section bb_built=&#8221;1&#8243; admin_label=&#8221;Section&#8221; fullwidth=&#8221;on&#8221; specialty=&#8221;off&#8221;][et_pb_fullwidth_header admin_label=&#8221;Fullwidth Header&#8221; title=&#8221;Gaird\u00edn\u00ed an Chaisle\u00e1in&#8221; background_layout=&#8221;dark&#8221; text_orientation=&#8221;center&#8221; header_fullscreen=&#8221;on&#8221; header_scroll_down=&#8221;on&#8221; background_url=&#8221;http:\/\/www.dublincastle.ie\/wp-content\/uploads\/2017\/01\/514-Dub-Castle.jpg&#8221; background_overlay_color=&#8221;rgba(0,0,0,0.33)&#8221; parallax=&#8221;off&#8221; parallax_method=&#8221;off&#8221; content_orientation=&#8221;center&#8221; image_orientation=&#8221;center&#8221; title_font_size=&#8221;50px&#8221; custom_button_one=&#8221;off&#8221; button_one_letter_spacing=&#8221;0&#8243; button_one_use_icon=&#8221;default&#8221; button_one_icon_placement=&#8221;right&#8221; button_one_on_hover=&#8221;on&#8221; button_one_letter_spacing_hover=&#8221;0&#8243; custom_button_two=&#8221;off&#8221; button_two_letter_spacing=&#8221;0&#8243; button_two_use_icon=&#8221;default&#8221; button_two_icon_placement=&#8221;right&#8221; button_two_on_hover=&#8221;on&#8221; button_two_letter_spacing_hover=&#8221;0&#8243; scroll_down_icon=&#8221;%%0%%&#8221; scroll_down_icon_size=&#8221;25px&#8221; subhead=&#8221;Seanl\u00e1thair an \u2018Dubh Linn\u2019&#8221; subhead_font_size=&#8221;23px&#8221; \/][\/et_pb_section][et_pb_section bb_built=&#8221;1&#8243; admin_label=&#8221;Section&#8221; fullwidth=&#8221;off&#8221; specialty=&#8221;off&#8221;][et_pb_row admin_label=&#8221;Row&#8221;][et_pb_column type=&#8221;4_4&#8243;][et_pb_text admin_label=&#8221;Text&#8221; background_layout=&#8221;light&#8221; text_orientation=&#8221;left&#8221; use_border_color=&#8221;off&#8221; border_color=&#8221;#ffffff&#8221; border_style=&#8221;solid&#8221;]<\/p>\n<h3>T\u00e1 gaird\u00edn\u00ed i gCaisle\u00e1n Bhaile \u00c1tha Cliath \u00f3 bhlianta luaithe an seacht\u00fa haois d\u00e9ag ar a laghad.<\/h3>\n<p>T\u00e1 siad suite d\u00edreach \u00f3 dheas \u00f3n S\u00e9ip\u00e9al R\u00edoga agus na Seomra\u00ed St\u00e1it agus iad timpeallaithe ag balla cloiche. T\u00e1 bealach isteach go dt\u00ed na gaird\u00edn\u00ed tr\u00ed gheata\u00ed iarann saoirsithe at\u00e1 bunaithe ar chiorcail Cheilteacha. T\u00e1 gaird\u00edn \u2018ceithre sh\u00e9as\u00far\u2019 ann agus ina dhiaidh sin ceithre cinn de ghaird\u00edn\u00ed n\u00edos l\u00fa, ceann ag gach c\u00fainne den l\u00e1thair. T\u00e1 saothair dhealbh\u00f3ireachta a coimisi\u00fana\u00edodh go speisialta ar taispe\u00e1int iontu go l\u00e9ir. T\u00e1 tr\u00ed cinn acu seo ainmnithe mar ghaird\u00edn\u00ed cuimhneach\u00e1in. T\u00e1 ceann amh\u00e1in tiomnaithe don iriseoir ini\u00fachta Veronica Guerin. T\u00e1 dealbh chr\u00e9-umha i ngaird\u00edn eile a chom\u00f3rann na Cluich\u00ed Oilimpeacha Speisialta a re\u00e1cht\u00e1ladh in \u00c9irinn sa bhliain 2003. Chabhraigh 30,000 oibr\u00ed deonach leis na cluich\u00ed agus t\u00e1 a n-ainmneacha si\u00fad inscr\u00edofa ar phlaiceanna anseo.<\/p>\n<p>Is \u00e9 Gaird\u00edn Cuimhneach\u00e1in an Gharda S\u00edoch\u00e1na an tr\u00ed\u00fa ceann de na gaird\u00edn\u00ed c\u00fainne. Athch\u00f3ir\u00edodh agus cr\u00edochna\u00edodh an gaird\u00edn fosc\u00fail seo, an ceann is m\u00f3 d\u00edobh, in 2009. T\u00e1 ainmneacha na nGarda\u00ed S\u00edoch\u00e1na go l\u00e9ir a mara\u00edodh i mbun dualgais inscr\u00edofa ar liosta na laochra sa ghaird\u00edn seo. T\u00e1 roinnt dealbh mar chuid den leagan amach chomh maith. Is \u00e9 at\u00e1 i gceist leis na saothair seo, agus le dearadh ioml\u00e1n an ghaird\u00edn, l\u00e9argas a thabhairt ar an gcaoi a fh\u00e1gann b\u00e1s anaba\u00ed dhaoine muinteartha rian n\u00f3 lorg, mar a bheadh cuilith\u00edn\u00ed ar loch\u00e1n, orthu si\u00fad a fh\u00e1gtar taobh thiar.<\/p>\n<p>I gcro\u00edl\u00e1r na ngaird\u00edn\u00ed t\u00e1 an bh\u00e1inseach fh\u00e9armhar ar a dtugtar Gaird\u00edn Dubh Linn. T\u00e1 patr\u00fan de ph\u00e9isteanna farraige bearrtha isteach sa phl\u00e1s\u00f3g fh\u00e9ir seo at\u00e1 os cionn n\u00f3 in aice le l\u00e1thair an sean- \u2018dubh linn\u2019 a bh\u00ed mar chuan ag na Lochlannaigh. Is ann a bhunaigh siad a mbun\u00e1it tr\u00e1d\u00e1la ar dt\u00fas. Ar nd\u00f3igh ba \u00ed an \u2018dubh linn\u2019 seo a thug a hainm don chathair a d\u2019fh\u00e1s timpeall uirthi: Dublin.<\/p>\n<p>T\u00e1 an-t\u00f3ir ar Ghaird\u00edn\u00ed an Chaisle\u00e1in i measc chuairteoir\u00ed agus mhuintir Bhaile \u00c1tha Cliath araon. Ar laethanta bre\u00e1tha i rith an tsamhraidh is gn\u00e1ch na gaird\u00edn\u00ed a bheith ag cur thar maoil le daoine ag baint sult as \u00e1illeacht na h\u00e1ite speisialta seo.<\/p>\n<p>[\/et_pb_text][et_pb_text admin_label=&#8221;Text&#8221; background_layout=&#8221;light&#8221; text_orientation=&#8221;left&#8221; use_border_color=&#8221;off&#8221; border_color=&#8221;#ffffff&#8221; border_style=&#8221;solid&#8221;]<\/p>\n\n\t\t<style type=\"text\/css\">\n\t\t\t#gallery-1 {\n\t\t\t\tmargin: auto;\n\t\t\t}\n\t\t\t#gallery-1 .gallery-item {\n\t\t\t\tfloat: left;\n\t\t\t\tmargin-top: 10px;\n\t\t\t\ttext-align: center;\n\t\t\t\twidth: 33%;\n\t\t\t}\n\t\t\t#gallery-1 img {\n\t\t\t\tborder: 2px solid #cfcfcf;\n\t\t\t}\n\t\t\t#gallery-1 .gallery-caption {\n\t\t\t\tmargin-left: 0;\n\t\t\t}\n\t\t\t\/* see gallery_shortcode() in wp-includes\/media.php *\/\n\t\t<\/style>\n\t\t<div id='gallery-1' class='gallery galleryid-4372 gallery-columns-3 gallery-size-thumbnail'><dl class='gallery-item'>\n\t\t\t<dt class='gallery-icon portrait'>\n\t\t\t\t<a href='https:\/\/dublincastle.ie\/ga\/the-castle-gardens\/0745-dub-castle-2\/'><img loading=\"lazy\" decoding=\"async\" width=\"150\" height=\"150\" src=\"https:\/\/dublincastle.ie\/wp-content\/uploads\/2017\/01\/0745-Dub-Castle-150x150.jpg\" class=\"attachment-thumbnail size-thumbnail\" alt=\"\" aria-describedby=\"gallery-1-4908\" \/><\/a>\n\t\t\t<\/dt>\n\t\t\t\t<dd class='wp-caption-text gallery-caption' id='gallery-1-4908'>\n\t\t\t\tCaisle\u00e1n Bhaile \u00c1tha Cliath. Oifig na nOibreacha Poibl\u00ed. Grianghraf le Mark Reddy Trinity Digital Studios.\n\t\t\t\t<\/dd><\/dl><dl class='gallery-item'>\n\t\t\t<dt class='gallery-icon portrait'>\n\t\t\t\t<a href='https:\/\/dublincastle.ie\/ga\/castle-gardens-2-harry-reid-3\/'><img loading=\"lazy\" decoding=\"async\" width=\"150\" height=\"150\" src=\"https:\/\/dublincastle.ie\/wp-content\/uploads\/2017\/01\/Castle-Gardens-2.-Harry-Reid-150x150.jpg\" class=\"attachment-thumbnail size-thumbnail\" alt=\"\" aria-describedby=\"gallery-1-4697\" \/><\/a>\n\t\t\t<\/dt>\n\t\t\t\t<dd class='wp-caption-text gallery-caption' id='gallery-1-4697'>\n\t\t\t\tCaisle\u00e1n Bhaile \u00c1tha Cliath. Oifig na nOibreacha Poibl\u00ed. Grianghraf le Harry Reid.\n\t\t\t\t<\/dd><\/dl><dl class='gallery-item'>\n\t\t\t<dt class='gallery-icon portrait'>\n\t\t\t\t<a href='https:\/\/dublincastle.ie\/ga\/the-castle-gardens\/696-dub-castle-2\/'><img loading=\"lazy\" decoding=\"async\" width=\"150\" height=\"150\" src=\"https:\/\/dublincastle.ie\/wp-content\/uploads\/2017\/01\/696-Dub-Castle-150x150.jpg\" class=\"attachment-thumbnail size-thumbnail\" alt=\"\" aria-describedby=\"gallery-1-4909\" \/><\/a>\n\t\t\t<\/dt>\n\t\t\t\t<dd class='wp-caption-text gallery-caption' id='gallery-1-4909'>\n\t\t\t\tCaisle\u00e1n Bhaile \u00c1tha Cliath. Oifig na nOibreacha Poibl\u00ed. Grianghraf le Mark Reddy Trinity Digital Studios.\n\t\t\t\t<\/dd><\/dl><br style=\"clear: both\" \/><dl class='gallery-item'>\n\t\t\t<dt class='gallery-icon portrait'>\n\t\t\t\t<a href='https:\/\/dublincastle.ie\/ga\/castle-gardens-3-harry-reid-2\/'><img loading=\"lazy\" decoding=\"async\" width=\"150\" height=\"150\" src=\"https:\/\/dublincastle.ie\/wp-content\/uploads\/2017\/01\/Castle-Gardens-3.-Harry-Reid-150x150.jpg\" class=\"attachment-thumbnail size-thumbnail\" alt=\"\" aria-describedby=\"gallery-1-4696\" \/><\/a>\n\t\t\t<\/dt>\n\t\t\t\t<dd class='wp-caption-text gallery-caption' id='gallery-1-4696'>\n\t\t\t\tCaisle\u00e1n Bhaile \u00c1tha Cliath. Oifig na nOibreacha Poibl\u00ed. Grianghraf le Harry Reid.\n\t\t\t\t<\/dd><\/dl><dl class='gallery-item'>\n\t\t\t<dt class='gallery-icon landscape'>\n\t\t\t\t<a href='https:\/\/dublincastle.ie\/ga\/the-castle-gardens\/519-dub-castle-2\/'><img loading=\"lazy\" decoding=\"async\" width=\"150\" height=\"150\" src=\"https:\/\/dublincastle.ie\/wp-content\/uploads\/2017\/01\/519-Dub-Castle-150x150.jpg\" class=\"attachment-thumbnail size-thumbnail\" alt=\"\" aria-describedby=\"gallery-1-4910\" \/><\/a>\n\t\t\t<\/dt>\n\t\t\t\t<dd class='wp-caption-text gallery-caption' id='gallery-1-4910'>\n\t\t\t\tCaisle\u00e1n Bhaile \u00c1tha Cliath. Oifig na nOibreacha Poibl\u00ed. Grianghraf le Mark Reddy Trinity Digital Studios.\n\t\t\t\t<\/dd><\/dl><dl class='gallery-item'>\n\t\t\t<dt class='gallery-icon landscape'>\n\t\t\t\t<a href='https:\/\/dublincastle.ie\/ga\/castle-gardens-4-harry-reid-2\/'><img loading=\"lazy\" decoding=\"async\" width=\"150\" height=\"150\" src=\"https:\/\/dublincastle.ie\/wp-content\/uploads\/2017\/01\/Castle-Gardens-4.-Harry-Reid-150x150.jpg\" class=\"attachment-thumbnail size-thumbnail\" alt=\"\" aria-describedby=\"gallery-1-4701\" \/><\/a>\n\t\t\t<\/dt>\n\t\t\t\t<dd class='wp-caption-text gallery-caption' id='gallery-1-4701'>\n\t\t\t\tCaisle\u00e1n Bhaile \u00c1tha Cliath. Oifig na nOibreacha Poibl\u00ed. Grianghraf le Harry Reid.\n\t\t\t\t<\/dd><\/dl><br style=\"clear: both\" \/>\n\t\t<\/div>\n\n<p>[\/et_pb_text][\/et_pb_column][\/et_pb_row][\/et_pb_section][et_pb_section bb_built=&#8221;1&#8243; admin_label=&#8221;Section&#8221; fullwidth=&#8221;on&#8221; specialty=&#8221;off&#8221;][et_pb_fullwidth_image admin_label=&#8221;Fullwidth Image&#8221; src=&#8221;http:\/\/www.dublincastle.ie\/wp-content\/uploads\/2017\/01\/Joe-Biden-Dubh-Linn-Garden-2016-2.jpeg&#8221; show_in_lightbox=&#8221;off&#8221; url_new_window=&#8221;off&#8221; use_overlay=&#8221;off&#8221; animation=&#8221;off&#8221; use_border_color=&#8221;off&#8221; border_color=&#8221;#ffffff&#8221; border_style=&#8221;solid&#8221; \/][\/et_pb_section]<\/p>\n","protected":false},"excerpt":{"rendered":"<p>T\u00e1 gaird\u00edn\u00ed i gCaisle\u00e1n Bhaile \u00c1tha Cliath \u00f3 bhlianta luaithe an seacht\u00fa haois d\u00e9ag ar a laghad. T\u00e1 siad suite d\u00edreach \u00f3 dheas \u00f3n S\u00e9ip\u00e9al R\u00edoga agus na Seomra\u00ed St\u00e1it [&hellip;]<\/p>\n","protected":false},"author":16,"featured_media":0,"parent":0,"menu_order":0,"comment_status":"closed","ping_status":"closed","template":"","meta":{"_et_pb_use_builder":"on","_et_pb_old_content":"","_et_gb_content_width":"","footnotes":""},"class_list":["post-4372","page","type-page","status-publish","hentry"],"_links":{"self":[{"href":"https:\/\/dublincastle.ie\/ga\/wp-json\/wp\/v2\/pages\/4372","targetHints":{"allow":["GET"]}}],"collection":[{"href":"https:\/\/dublincastle.ie\/ga\/wp-json\/wp\/v2\/pages"}],"about":[{"href":"https:\/\/dublincastle.ie\/ga\/wp-json\/wp\/v2\/types\/page"}],"author":[{"embeddable":true,"href":"https:\/\/dublincastle.ie\/ga\/wp-json\/wp\/v2\/users\/16"}],"replies":[{"embeddable":true,"href":"https:\/\/dublincastle.ie\/ga\/wp-json\/wp\/v2\/comments?post=4372"}],"version-history":[{"count":1,"href":"https:\/\/dublincastle.ie\/ga\/wp-json\/wp\/v2\/pages\/4372\/revisions"}],"predecessor-version":[{"id":12605,"href":"https:\/\/dublincastle.ie\/ga\/wp-json\/wp\/v2\/pages\/4372\/revisions\/12605"}],"wp:attachment":[{"href":"https:\/\/dublincastle.ie\/ga\/wp-json\/wp\/v2\/media?parent=4372"}],"curies":[{"name":"wp","href":"https:\/\/api.w.org\/{rel}","templated":true}]}}