{"id":4375,"date":"2016-12-20T14:12:03","date_gmt":"2016-12-20T14:12:03","guid":{"rendered":"http:\/\/www.dublincastle.ie\/introduction-to-the-collection\/"},"modified":"2023-10-26T13:07:58","modified_gmt":"2023-10-26T12:07:58","slug":"introduction-to-the-collection","status":"publish","type":"page","link":"https:\/\/dublincastle.ie\/ga\/introduction-to-the-collection\/","title":{"rendered":"R\u00e9amheolas faoin mBaili\u00fach\u00e1n"},"content":{"rendered":"<p>[et_pb_section bb_built=&#8221;1&#8243; admin_label=&#8221;Section&#8221; fullwidth=&#8221;on&#8221; specialty=&#8221;off&#8221;][et_pb_fullwidth_header admin_label=&#8221;Fullwidth Header&#8221; title=&#8221;R\u00e9amheolas faoin mBaili\u00fach\u00e1n&#8221; background_layout=&#8221;dark&#8221; text_orientation=&#8221;center&#8221; header_fullscreen=&#8221;on&#8221; header_scroll_down=&#8221;on&#8221; background_url=&#8221;http:\/\/www.dublincastle.ie\/wp-content\/uploads\/2016\/12\/IMG_1332.jpg&#8221; background_overlay_color=&#8221;rgba(0,0,0,0.33)&#8221; parallax=&#8221;off&#8221; parallax_method=&#8221;off&#8221; content_orientation=&#8221;center&#8221; image_orientation=&#8221;center&#8221; title_font_size=&#8221;50px&#8221; custom_button_one=&#8221;off&#8221; button_one_letter_spacing=&#8221;0&#8243; button_one_use_icon=&#8221;default&#8221; button_one_icon_placement=&#8221;right&#8221; button_one_on_hover=&#8221;on&#8221; button_one_letter_spacing_hover=&#8221;0&#8243; custom_button_two=&#8221;off&#8221; button_two_letter_spacing=&#8221;0&#8243; button_two_use_icon=&#8221;default&#8221; button_two_icon_placement=&#8221;right&#8221; button_two_on_hover=&#8221;on&#8221; button_two_letter_spacing_hover=&#8221;0&#8243; scroll_down_icon=&#8221;%%0%%&#8221; scroll_down_icon_size=&#8221;25px&#8221; subhead=&#8221;Earra\u00ed ag Dul Siar go dt\u00ed an Seacht\u00fa hAois D\u00e9ag&#8221; subhead_font_size=&#8221;23px&#8221; \/][\/et_pb_section][et_pb_section bb_built=&#8221;1&#8243; admin_label=&#8221;Section&#8221; fullwidth=&#8221;off&#8221; specialty=&#8221;off&#8221;][et_pb_row admin_label=&#8221;Row&#8221;][et_pb_column type=&#8221;1_2&#8243;][et_pb_text admin_label=&#8221;Text&#8221; background_layout=&#8221;light&#8221; text_orientation=&#8221;left&#8221; use_border_color=&#8221;off&#8221; border_color=&#8221;#ffffff&#8221; border_style=&#8221;solid&#8221;]<\/p>\n<h3>\u00d3n seacht\u00fa haois d\u00e9ag&#8230;<\/h3>\n<p>&#8230;ar a laghad, i leith, t\u00e1 an baili\u00fach\u00e1n i gCaisle\u00e1n Bhaile \u00c1tha Cliath ina l\u00e9iri\u00fa t\u00e1bhachtach ar fhor\u00e1s eala\u00edona agus cult\u00far in \u00c9irinn agus n\u00edos faide \u00f3 bhaile. Fi\u00fa i m\u00ed na Bealtaine 1693, t\u00e1 a fhios againn go raibh dh\u00e1 th\u00e9astar st\u00e1it, dh\u00e1 cheann d\u00e9ag de chathaoireacha uilleacha fuaite \u00c9ireannacha agus c\u00faig cinn de thaip\u00e9is\u00ed bre\u00e1tha sa bhaili\u00fach\u00e1n. Faoin mbliain 1813 bh\u00ed picti\u00fair ghal\u00e1nta agus luachmhara \u00e9ags\u00fala curtha leis an mbaili\u00fach\u00e1n. Inniu, t\u00e1 an iliomad cine\u00e1l de shaothair eala\u00edne le f\u00e1il sa bhaili\u00fach\u00e1n as r\u00e9imse leathan de na m\u00edneala\u00edona agus na heala\u00edona maisi\u00fala.<\/p>\n<p>Cuireadh go leor den bhaili\u00fach\u00e1n le ch\u00e9ile roimh neamhsple\u00e1chas na h\u00c9ireann in 1922 ach t\u00e1 go leor earra\u00ed suntasacha curtha leis an mbaili\u00fach\u00e1n \u00f3 shin. Ar na hearra\u00ed is t\u00e1bhachtacha at\u00e1 faighte le tamall de bhlianta anuas t\u00e1 na picti\u00fair agus an trosc\u00e1n bre\u00e1 a deona\u00edodh do st\u00e1t na h\u00c9ireann in 1973 mar chuid de Thiomnacht Ghr\u00e1nard. T\u00e1 \u00e1it ar leith ag na picti\u00fair i mbaili\u00fach\u00e1n Chaisle\u00e1n Bhaile \u00c1tha Cliath ach t\u00e1 saibhreas iontach de dhealbha, trosc\u00e1n, cloig, poirceall\u00e1in, earra\u00ed gloine, taip\u00e9is\u00ed, gloine daite agus teicst\u00edl\u00ed \u00f3n seacht\u00fa haois d\u00e9ag go dt\u00ed an l\u00e1 inniu, le f\u00e1il ann chomh maith.<\/p>\n<p>Tugann na hearra\u00ed suimi\u00fala, aisteacha agus \u00e1ille, ar uairibh, seo an deis d\u00fainn \u00e1it ar leith an Chaisle\u00e1in i stair na h\u00c9ireann tr\u00ed na haoiseanna a scr\u00fad\u00fa agus a thuiscint. F\u00e1gann siad nach amh\u00e1in gur ionad l\u00e9inn agus staid\u00e9ir den ch\u00e9ad t\u00e1bhacht \u00e9 ach gur foinse \u00e1thais agus inspior\u00e1ide \u00e9 chomh maith.<\/p>\n<p>T\u00e1 creidi\u00fan\u00fa m\u00fasaeim ag na Seomra\u00ed St\u00e1it i gCaisle\u00e1n Bhaile \u00c1tha Cliath faoin gCl\u00e1r um Chaighde\u00e1in M\u00fasaem in \u00c9irinn de chuid an Chomhairle Oidhreachta.<\/p>\n<p>[\/et_pb_text][\/et_pb_column][et_pb_column type=&#8221;1_2&#8243;][et_pb_image admin_label=&#8221;Image&#8221; src=&#8221;http:\/\/www.dublincastle.ie\/wp-content\/uploads\/2016\/12\/mspidublincastle-interim.jpg&#8221; show_in_lightbox=&#8221;on&#8221; url_new_window=&#8221;off&#8221; use_overlay=&#8221;off&#8221; animation=&#8221;off&#8221; sticky=&#8221;off&#8221; align=&#8221;center&#8221; force_fullwidth=&#8221;off&#8221; always_center_on_mobile=&#8221;on&#8221; use_border_color=&#8221;off&#8221; border_color=&#8221;#ffffff&#8221; border_style=&#8221;solid&#8221; alt=&#8221;An tAire Eala\u00edon, Oidhreachta agus Gaeltachta, Heather Humphreys, le hais Michael Starrett, Pr\u00edomhfheidhmeannach na Comhairle Oidhreachta, agus duais maidir le creidi\u00fan\u00fa eatramhach faoin gCl\u00e1r um Chaighde\u00e1in M\u00fasaem in \u00c9irinn \u00e1 bronnadh ar Jenny Papassotiriou agus Celine Kennedy \u00f3 Sheomra\u00ed St\u00e1it Chaisle\u00e1n Bhaile \u00c1tha Cliath (OOP). Gary O\u2019Neill.&#8221; title_text=&#8221;An tAire Eala\u00edon, Oidhreachta agus Gaeltachta, Heather Humphreys, le hais Michael Starrett, Pr\u00edomhfheidhmeannach na Comhairle Oidhreachta, agus duais maidir le creidi\u00fan\u00fa eatramhach faoin gCl\u00e1r um Chaighde\u00e1in M\u00fasaem in \u00c9irinn \u00e1 bronnadh ar Jenny Papassotiriou agus Celine Kennedy \u00f3 Sheomra\u00ed St\u00e1it Chaisle\u00e1n Bhaile \u00c1tha Cliath (OOP). Gary O\u2019Neill.&#8221; \/][et_pb_text admin_label=&#8221;Text&#8221; background_layout=&#8221;light&#8221; text_orientation=&#8221;left&#8221; use_border_color=&#8221;off&#8221; border_color=&#8221;#ffffff&#8221; border_style=&#8221;solid&#8221;]<\/p>\n<p>An tAire Eala\u00edon, Oidhreachta agus Gaeltachta, Heather Humphreys, le hais Michael Starrett, Pr\u00edomhfheidhmeannach na Comhairle Oidhreachta, agus duais maidir le creidi\u00fan\u00fa eatramhach faoin gCl\u00e1r um Chaighde\u00e1in M\u00fasaem in \u00c9irinn \u00e1 bronnadh ar Jenny Papassotiriou agus Celine Kennedy \u00f3 Sheomra\u00ed St\u00e1it Chaisle\u00e1n Bhaile \u00c1tha Cliath (OOP). Gary O\u2019Neill.<\/p>\n<p>[\/et_pb_text][\/et_pb_column][\/et_pb_row][\/et_pb_section][et_pb_section bb_built=&#8221;1&#8243; admin_label=&#8221;Section&#8221; fullwidth=&#8221;on&#8221; specialty=&#8221;off&#8221;][et_pb_fullwidth_image admin_label=&#8221;Fullwidth Image&#8221; src=&#8221;http:\/\/www.dublincastle.ie\/wp-content\/uploads\/2016\/12\/495-Dub-Castle.jpg&#8221; show_in_lightbox=&#8221;off&#8221; url_new_window=&#8221;off&#8221; use_overlay=&#8221;off&#8221; animation=&#8221;off&#8221; use_border_color=&#8221;off&#8221; border_color=&#8221;#ffffff&#8221; border_style=&#8221;solid&#8221; \/][\/et_pb_section]<\/p>\n","protected":false},"excerpt":{"rendered":"<p>\u00d3n seacht\u00fa haois d\u00e9ag&#8230; &#8230;ar a laghad, i leith, t\u00e1 an baili\u00fach\u00e1n i gCaisle\u00e1n Bhaile \u00c1tha Cliath ina l\u00e9iri\u00fa t\u00e1bhachtach ar fhor\u00e1s eala\u00edona agus cult\u00far in \u00c9irinn agus n\u00edos faide [&hellip;]<\/p>\n","protected":false},"author":16,"featured_media":0,"parent":0,"menu_order":0,"comment_status":"closed","ping_status":"closed","template":"","meta":{"_et_pb_use_builder":"on","_et_pb_old_content":"","_et_gb_content_width":"","footnotes":""},"class_list":["post-4375","page","type-page","status-publish","hentry"],"_links":{"self":[{"href":"https:\/\/dublincastle.ie\/ga\/wp-json\/wp\/v2\/pages\/4375","targetHints":{"allow":["GET"]}}],"collection":[{"href":"https:\/\/dublincastle.ie\/ga\/wp-json\/wp\/v2\/pages"}],"about":[{"href":"https:\/\/dublincastle.ie\/ga\/wp-json\/wp\/v2\/types\/page"}],"author":[{"embeddable":true,"href":"https:\/\/dublincastle.ie\/ga\/wp-json\/wp\/v2\/users\/16"}],"replies":[{"embeddable":true,"href":"https:\/\/dublincastle.ie\/ga\/wp-json\/wp\/v2\/comments?post=4375"}],"version-history":[{"count":1,"href":"https:\/\/dublincastle.ie\/ga\/wp-json\/wp\/v2\/pages\/4375\/revisions"}],"predecessor-version":[{"id":12609,"href":"https:\/\/dublincastle.ie\/ga\/wp-json\/wp\/v2\/pages\/4375\/revisions\/12609"}],"wp:attachment":[{"href":"https:\/\/dublincastle.ie\/ga\/wp-json\/wp\/v2\/media?parent=4375"}],"curies":[{"name":"wp","href":"https:\/\/api.w.org\/{rel}","templated":true}]}}