{"id":4377,"date":"2016-12-20T14:22:28","date_gmt":"2016-12-20T14:22:28","guid":{"rendered":"http:\/\/www.dublincastle.ie\/collection-highlights\/"},"modified":"2023-10-26T13:15:17","modified_gmt":"2023-10-26T12:15:17","slug":"collection-highlights","status":"publish","type":"page","link":"https:\/\/dublincastle.ie\/ga\/collection-highlights\/","title":{"rendered":"Buaicphoint\u00ed an Bhaili\u00fach\u00e1in"},"content":{"rendered":"<p>[et_pb_section bb_built=&#8221;1&#8243; admin_label=&#8221;Section&#8221; fullwidth=&#8221;on&#8221; specialty=&#8221;off&#8221;][et_pb_fullwidth_header admin_label=&#8221;Fullwidth Header&#8221; title=&#8221;Buaicphoint\u00ed an Bhaili\u00fach\u00e1in&#8221; background_layout=&#8221;dark&#8221; text_orientation=&#8221;center&#8221; header_fullscreen=&#8221;on&#8221; header_scroll_down=&#8221;on&#8221; background_url=&#8221;http:\/\/www.dublincastle.ie\/wp-content\/uploads\/2016\/12\/Dublin-Castle.-Mark-Reddy.jpg&#8221; background_overlay_color=&#8221;rgba(0,0,0,0.33)&#8221; parallax=&#8221;off&#8221; parallax_method=&#8221;off&#8221; content_orientation=&#8221;center&#8221; image_orientation=&#8221;center&#8221; title_font_size=&#8221;50px&#8221; custom_button_one=&#8221;off&#8221; button_one_letter_spacing=&#8221;0&#8243; button_one_use_icon=&#8221;default&#8221; button_one_icon_placement=&#8221;right&#8221; button_one_on_hover=&#8221;on&#8221; button_one_letter_spacing_hover=&#8221;0&#8243; custom_button_two=&#8221;off&#8221; button_two_letter_spacing=&#8221;0&#8243; button_two_use_icon=&#8221;default&#8221; button_two_icon_placement=&#8221;right&#8221; button_two_on_hover=&#8221;on&#8221; button_two_letter_spacing_hover=&#8221;0&#8243; scroll_down_icon=&#8221;%%0%%&#8221; scroll_down_icon_size=&#8221;25px&#8221; subhead=&#8221;Cuid de na P\u00edosa\u00ed is Suntasa\u00ed i mBaili\u00fach\u00e1n na Seomra\u00ed St\u00e1it&#8221; subhead_font_size=&#8221;23px&#8221; \/][\/et_pb_section][et_pb_section bb_built=&#8221;1&#8243; admin_label=&#8221;Section&#8221; fullwidth=&#8221;off&#8221; specialty=&#8221;off&#8221; transparent_background=&#8221;off&#8221; allow_player_pause=&#8221;off&#8221; inner_shadow=&#8221;off&#8221; parallax=&#8221;off&#8221; parallax_method=&#8221;off&#8221; padding_mobile=&#8221;off&#8221; make_fullwidth=&#8221;off&#8221; use_custom_width=&#8221;off&#8221; width_unit=&#8221;on&#8221; make_equal=&#8221;off&#8221; use_custom_gutter=&#8221;off&#8221;][et_pb_row admin_label=&#8221;Row&#8221;][et_pb_column type=&#8221;4_4&#8243;][et_pb_text admin_label=&#8221;Text&#8221; background_layout=&#8221;light&#8221; text_orientation=&#8221;left&#8221; use_border_color=&#8221;off&#8221; border_color=&#8221;#ffffff&#8221; border_style=&#8221;solid&#8221;]<\/p>\n<h3>I measc bhuaicphoint\u00ed&#8230;<\/h3>\n<p>&#8230; an bhaili\u00fach\u00e1in t\u00e1 an tr\u00ed phicti\u00far ollmh\u00f3ra chanbh\u00e1is ar sh\u00edle\u00e1il Halla Naomh P\u00e1draig leis an eala\u00edont\u00f3ir Iod\u00e1lach Vincenzo Waldr\u00e9. T\u00f3gtha mar aonad is iad an ts\u00edle\u00e1il ph\u00e9inte\u00e1ilte is t\u00e1bhachta\u00ed a th\u00e1inig an\u00edos chugainn in \u00c9irinn \u00f3n ocht\u00fa haois d\u00e9ag. T\u00e1 sraith de sheacht bpicti\u00far mhiotaseola\u00edocha le Gaetano Gandolfi i measc na sraitheanna is m\u00f3 le r\u00e1 de phicti\u00fair Iod\u00e1lacha \u00f3n ocht\u00fa haois d\u00e9ag ar taispe\u00e1int in aon \u00e1it in \u00c9irinn. T\u00e1 b\u00e9im ar leith ar phortr\u00e1id\u00ed foirme\u00e1lta agus oifigi\u00fala sa bhaili\u00fach\u00e1n freisin. T\u00e1 portr\u00e1id \u00f3n seacht\u00fa haois d\u00e9ag de chuid an ph\u00e9int\u00e9ara Phl\u00e9imeannaigh, Sir Anthony Van Dyck, a bhfuil c\u00e1il idirn\u00e1isi\u00fanta tuillte aige, ina measc. Mar aon leis sin t\u00e1 portr\u00e1id\u00ed de mhonarca\u00ed na Breataine agus a gcuid c\u00e9il\u00ed, \u00f3n R\u00ed Seoirse II go dt\u00ed an Bhanr\u00edon Victoria, agus sraith eisiach de fiche portr\u00e1id d\u2019Fhir Ionaid na h\u00c9ireann sa bhaili\u00fach\u00e1n. Ar na buaicphoint\u00ed eile at\u00e1 le feice\u00e1il t\u00e1 trosc\u00e1n agus cloig Fhrancacha \u00f3n ocht\u00fa haois d\u00e9ag, trosc\u00e1n \u00c9ireannach den scoth \u00f3n r\u00e9 Sheoirseach agus Victeoiriach, s\u00edle\u00e1lacha pl\u00e1ist\u00e9ireacht roc\u00f3c\u00f3, dealbha nuachlasaiceacha, coinnleoir\u00ed craobhacha de chriostal Phort L\u00e1irge, poirceall\u00e1n St\u00e1it na h\u00c9ireann, agus an ioma\u00ed rud eile nach iad.<\/p>\n<p>[\/et_pb_text][et_pb_divider admin_label=&#8221;Divider&#8221; color=&#8221;#3f3f3f&#8221; show_divider=&#8221;on&#8221; divider_style=&#8221;solid&#8221; divider_position=&#8221;top&#8221; hide_on_mobile=&#8221;off&#8221; \/][et_pb_divider admin_label=&#8221;Divider&#8221; color=&#8221;#3f3f3f&#8221; show_divider=&#8221;off&#8221; divider_style=&#8221;solid&#8221; divider_position=&#8221;top&#8221; hide_on_mobile=&#8221;off&#8221; height=&#8221;10&#8243; \/][et_pb_gallery admin_label=&#8221;Gallery&#8221; gallery_ids=&#8221;4827,4536,4828,4829,4830,4831,4832,4833,4880,4531,4835,4837,4534,4895&#8243; fullwidth=&#8221;off&#8221; show_title_and_caption=&#8221;on&#8221; show_pagination=&#8221;on&#8221; background_layout=&#8221;light&#8221; auto=&#8221;off&#8221; hover_overlay_color=&#8221;rgba(255,255,255,0.9)&#8221; use_border_color=&#8221;off&#8221; border_color=&#8221;#ffffff&#8221; border_style=&#8221;solid&#8221; posts_number=&#8221;20&#8243; \/][\/et_pb_column][\/et_pb_row][\/et_pb_section][et_pb_section bb_built=&#8221;1&#8243; admin_label=&#8221;Section&#8221; fullwidth=&#8221;on&#8221; specialty=&#8221;off&#8221;][et_pb_fullwidth_image admin_label=&#8221;Fullwidth Image&#8221; src=&#8221;http:\/\/www.dublincastle.ie\/wp-content\/uploads\/2016\/12\/Alix-1846-1908-Paris_Table-a-Ecrire-Liam-Furlong-1.jpg&#8221; show_in_lightbox=&#8221;off&#8221; url_new_window=&#8221;off&#8221; use_overlay=&#8221;off&#8221; animation=&#8221;off&#8221; use_border_color=&#8221;off&#8221; border_color=&#8221;#ffffff&#8221; border_style=&#8221;solid&#8221; \/][\/et_pb_section]<\/p>\n","protected":false},"excerpt":{"rendered":"<p>I measc bhuaicphoint\u00ed&#8230; &#8230; an bhaili\u00fach\u00e1in t\u00e1 an tr\u00ed phicti\u00far ollmh\u00f3ra chanbh\u00e1is ar sh\u00edle\u00e1il Halla Naomh P\u00e1draig leis an eala\u00edont\u00f3ir Iod\u00e1lach Vincenzo Waldr\u00e9. T\u00f3gtha mar aonad is iad an ts\u00edle\u00e1il [&hellip;]<\/p>\n","protected":false},"author":16,"featured_media":0,"parent":0,"menu_order":0,"comment_status":"closed","ping_status":"closed","template":"","meta":{"_et_pb_use_builder":"on","_et_pb_old_content":"","_et_gb_content_width":"","footnotes":""},"class_list":["post-4377","page","type-page","status-publish","hentry"],"_links":{"self":[{"href":"https:\/\/dublincastle.ie\/ga\/wp-json\/wp\/v2\/pages\/4377","targetHints":{"allow":["GET"]}}],"collection":[{"href":"https:\/\/dublincastle.ie\/ga\/wp-json\/wp\/v2\/pages"}],"about":[{"href":"https:\/\/dublincastle.ie\/ga\/wp-json\/wp\/v2\/types\/page"}],"author":[{"embeddable":true,"href":"https:\/\/dublincastle.ie\/ga\/wp-json\/wp\/v2\/users\/16"}],"replies":[{"embeddable":true,"href":"https:\/\/dublincastle.ie\/ga\/wp-json\/wp\/v2\/comments?post=4377"}],"version-history":[{"count":1,"href":"https:\/\/dublincastle.ie\/ga\/wp-json\/wp\/v2\/pages\/4377\/revisions"}],"predecessor-version":[{"id":12614,"href":"https:\/\/dublincastle.ie\/ga\/wp-json\/wp\/v2\/pages\/4377\/revisions\/12614"}],"wp:attachment":[{"href":"https:\/\/dublincastle.ie\/ga\/wp-json\/wp\/v2\/media?parent=4377"}],"curies":[{"name":"wp","href":"https:\/\/api.w.org\/{rel}","templated":true}]}}