{"id":4380,"date":"2016-12-21T15:23:41","date_gmt":"2016-12-21T15:23:41","guid":{"rendered":"http:\/\/www.dublincastle.ie\/research\/"},"modified":"2023-10-26T13:16:37","modified_gmt":"2023-10-26T12:16:37","slug":"research","status":"publish","type":"page","link":"https:\/\/dublincastle.ie\/ga\/research\/","title":{"rendered":"Taighde"},"content":{"rendered":"<p>[et_pb_section bb_built=&#8221;1&#8243; admin_label=&#8221;Section&#8221; fullwidth=&#8221;on&#8221; specialty=&#8221;off&#8221;][et_pb_fullwidth_header admin_label=&#8221;Fullwidth Header&#8221; title=&#8221;Taighde&#8221; background_layout=&#8221;dark&#8221; text_orientation=&#8221;center&#8221; header_fullscreen=&#8221;on&#8221; header_scroll_down=&#8221;on&#8221; background_url=&#8221;http:\/\/www.dublincastle.ie\/wp-content\/uploads\/2017\/01\/R1-6-Ceiling_Small_Clipped-extended-copy.jpg&#8221; background_overlay_color=&#8221;rgba(0,0,0,0.33)&#8221; parallax=&#8221;off&#8221; parallax_method=&#8221;off&#8221; content_orientation=&#8221;center&#8221; image_orientation=&#8221;center&#8221; title_font_size=&#8221;50px&#8221; custom_button_one=&#8221;off&#8221; button_one_letter_spacing=&#8221;0&#8243; button_one_use_icon=&#8221;default&#8221; button_one_icon_placement=&#8221;right&#8221; button_one_on_hover=&#8221;on&#8221; button_one_letter_spacing_hover=&#8221;0&#8243; custom_button_two=&#8221;off&#8221; button_two_letter_spacing=&#8221;0&#8243; button_two_use_icon=&#8221;default&#8221; button_two_icon_placement=&#8221;right&#8221; button_two_on_hover=&#8221;on&#8221; button_two_letter_spacing_hover=&#8221;0&#8243; scroll_down_icon=&#8221;%%0%%&#8221; scroll_down_icon_size=&#8221;25px&#8221; subhead=&#8221;Foilseach\u00e1in Nua ar F\u00e1il le Ceannach i Siopa Leabhar an Chaisle\u00e1in&#8221; subhead_font_size=&#8221;23px&#8221; \/][\/et_pb_section][et_pb_section bb_built=&#8221;1&#8243; admin_label=&#8221;Section&#8221; fullwidth=&#8221;off&#8221; specialty=&#8221;off&#8221;][et_pb_row admin_label=&#8221;Row&#8221;][et_pb_column type=&#8221;4_4&#8243;][et_pb_text admin_label=&#8221;Text&#8221; background_layout=&#8221;light&#8221; text_orientation=&#8221;left&#8221; use_border_color=&#8221;off&#8221; border_color=&#8221;#ffffff&#8221; border_style=&#8221;solid&#8221;]<\/p>\n<h3>Is \u00e9 \u00e1r misean&#8230;<\/h3>\n<p>&#8230; i gCaisle\u00e1n Bhaile \u00c1tha Cliath an l\u00e1ithre\u00e1n stairi\u00fail seo agus a bhfuil ann a \u2018chaomhn\u00fa, a chosaint agus a choinne\u00e1il ar iontaobhas\u2019 \u2018de r\u00e9ir a dt\u00e1bhacht agus a bhfeidhmeanna n\u00e1isi\u00fanta\u2019. I dtaca leis sin, t\u00e1 cl\u00e1r taighde gn\u00edomhach ag Caisle\u00e1n Bhaile \u00c1tha Cliath a bhfuil d\u2019aidhm aige an tuiscint is ioml\u00e1ine is f\u00e9idir a fh\u00e1il ar stair chult\u00fartha, sh\u00f3isialta agus pholait\u00edochta an Chaisle\u00e1in agus a bhaili\u00fach\u00e1n ar leith. T\u00e1 i gceist againn taighde at\u00e1 bunaithe ar na bunfhoins\u00ed a threor\u00fa agus a fhorbairt sa chaoi go mbeidh \u00e1r leabhair, bileoga, taispe\u00e1ntais agus turais threoraithe chomh saibhir agus chomh taitneamhach agus is f\u00e9idir. Creidimid go mbeimid n\u00edos \u00e1balta an sainchomhartha iontach seo a chaomhn\u00fa, a l\u00e9irmh\u00edni\u00fa agus a thabhairt chun solais m\u00e1 thuigimid n\u00edos fearr \u00e1r l\u00e1ithre\u00e1n agus na d\u00e9ant\u00fas\u00e1in at\u00e1 ann, chun tairbhe na t\u00edre agus an iliomad cuairteoir\u00ed a gcuirimid f\u00e1ilte rompu gach bliain.  <\/p>\n<p>D\u00edr\u00edonn an togra taighde at\u00e1 ar bun againn faoi l\u00e1thair ar stair Sheomra na R\u00edchathaoireach i gCaisle\u00e1n Bhaile \u00c1tha Cliath. T\u00e1 i gceist go gcuirf\u00ed ar f\u00e1il an ch\u00e9ad taifead ioml\u00e1n den sp\u00e1s t\u00e1bhachtach stairi\u00fail seo agus na daoine a dhear, a mhaisiagh agus a d\u2019\u00fas\u00e1id \u00e9. Beidh foilseach\u00e1n l\u00e9annta agus taispe\u00e1ntas mar thoradh ar an togra in 2017. T\u00e1 foilseach\u00e1in \u00e9ags\u00fala den chine\u00e1l c\u00e9anna a d\u2019eascair \u00f3 thaispe\u00e1ntais agus \u00f3 thogra\u00ed taighde san am at\u00e1 thart le feice\u00e1il th\u00edos.<\/p>\n<p>[\/et_pb_text][\/et_pb_column][\/et_pb_row][et_pb_row admin_label=&#8221;Row&#8221;][et_pb_column type=&#8221;1_3&#8243;][et_pb_image admin_label=&#8221;Crawford Image&#8221; src=&#8221;http:\/\/www.dublincastle.ie\/wp-content\/uploads\/2016\/12\/crawford-cover-smaller-jpeg.png&#8221; show_in_lightbox=&#8221;on&#8221; url_new_window=&#8221;off&#8221; use_overlay=&#8221;off&#8221; animation=&#8221;off&#8221; sticky=&#8221;off&#8221; align=&#8221;center&#8221; force_fullwidth=&#8221;off&#8221; always_center_on_mobile=&#8221;on&#8221; use_border_color=&#8221;off&#8221; border_color=&#8221;#ffffff&#8221; border_style=&#8221;solid&#8221; \/][et_pb_text admin_label=&#8221;Text&#8221; background_layout=&#8221;light&#8221; text_orientation=&#8221;left&#8221; use_border_color=&#8221;off&#8221; border_color=&#8221;#ffffff&#8221; border_style=&#8221;solid&#8221;]<\/p>\n<h4>The Crawford at the Castle: Three Centuries of Irish Art from a National Collection<\/h4>\n<p>Peter Murray a chur in eagar, le brollach \u00f3 John R. Bowen agus r\u00e9amhr\u00e1 \u00f3 Myles Campbell<br \/>\nAn OOP a d\u2019fhoilsigh, 2016<br \/>\nISBN: 9781406429336<\/p>\n<p>Seo catal\u00f3g a ghabh leis an taispe\u00e1ntas a d\u2019oscail i m\u00ed Dheireadh F\u00f3mhair 2016 sna Seomra\u00ed St\u00e1it agus sa Teach C\u00f3iste i gCaisle\u00e1n Bhaile \u00c1tha Cliath. Anne Boddaert agus an Dr Michael Waldron a bh\u00ed i mbun coime\u00e1da\u00edochta ar an taispe\u00e1ntas seo de 60 saothar eala\u00edne a fheidhm\u00edonn mar shuirbh\u00e9 d\u2019eala\u00edn na h\u00c9ireann \u00f3 1730 go 2015.<\/p>\n<p>T\u00e1 an chatal\u00f3g le ceannach ag deasc na dtic\u00e9ad i gCaisle\u00e1n Bhaile \u00c1tha Cliath ar \u20ac10.<\/p>\n<p>[\/et_pb_text][\/et_pb_column][et_pb_column type=&#8221;1_3&#8243;][et_pb_image admin_label=&#8221;Chapel Image&#8221; src=&#8221;http:\/\/www.dublincastle.ie\/wp-content\/uploads\/2016\/12\/chapel-book-cover_1.png&#8221; show_in_lightbox=&#8221;on&#8221; url_new_window=&#8221;off&#8221; use_overlay=&#8221;off&#8221; animation=&#8221;off&#8221; sticky=&#8221;off&#8221; align=&#8221;center&#8221; force_fullwidth=&#8221;off&#8221; always_center_on_mobile=&#8221;on&#8221; use_border_color=&#8221;off&#8221; border_color=&#8221;#ffffff&#8221; border_style=&#8221;solid&#8221; \/][et_pb_text admin_label=&#8221;Text&#8221; background_layout=&#8221;light&#8221; text_orientation=&#8221;left&#8221; use_border_color=&#8221;off&#8221; border_color=&#8221;#ffffff&#8221; border_style=&#8221;solid&#8221;]<\/p>\n<h4>The Chapel Royal, Dublin Castle: An Architectural History<\/h4>\n<p>Myles Campbell agus William Derham a chur in eagar<br \/>\nAn OOP a d\u2019fhoilsigh, 2015<br \/>\nISBN: 9781406428902<\/p>\n<p>An com\u00f3radh dh\u00e1 ch\u00e9ad bliain a rinneadh ar an gc\u00e9ad seirbh\u00eds sa S\u00e9ip\u00e9al R\u00edoga, Caisle\u00e1n Bhaile \u00c1tha Cliath, ar l\u00e1 Nollag 1814 ba ea a spreag an leabhar seo. Is \u00e9 an t-iontas faoi n\u00e1r smaoin\u00edodh ar an leabhar seo roimhe sin. T\u00e1 r\u00e9imse leathan d\u2019\u00e1bhar n\u00e1r foils\u00edodh go dt\u00ed seo mar aon le taighde nua at\u00e1 tugtha chun solais ag na scr\u00edbhneoir\u00ed \u00e9ags\u00fala, saineolaithe ina r\u00e9ims\u00ed f\u00e9in, a chuireann go m\u00f3r len\u00e1r dtuiscint ar an S\u00e9ip\u00e9al R\u00edoga.<\/p>\n<p>T\u00e1 an leabhar seo le ceannach ag deasc na dtic\u00e9ad i gCaisle\u00e1n Bhaile \u00c1tha Cliath ar \u20ac20.<\/p>\n<p>[\/et_pb_text][\/et_pb_column][et_pb_column type=&#8221;1_3&#8243;][et_pb_image admin_label=&#8221;Hemphill Image&#8221; src=&#8221;http:\/\/www.dublincastle.ie\/wp-content\/uploads\/2016\/12\/hemphill-book-cover.jpg&#8221; show_in_lightbox=&#8221;on&#8221; url_new_window=&#8221;off&#8221; use_overlay=&#8221;off&#8221; animation=&#8221;off&#8221; sticky=&#8221;off&#8221; align=&#8221;center&#8221; force_fullwidth=&#8221;off&#8221; always_center_on_mobile=&#8221;on&#8221; use_border_color=&#8221;off&#8221; border_color=&#8221;#ffffff&#8221; border_style=&#8221;solid&#8221; \/][et_pb_text admin_label=&#8221;Text&#8221; background_layout=&#8221;light&#8221; text_orientation=&#8221;left&#8221; use_border_color=&#8221;off&#8221; border_color=&#8221;#ffffff&#8221; border_style=&#8221;solid&#8221;]<\/p>\n<h4>William Despard Hemphill: Irish Victorian Photographer<\/h4>\n<p>Karol Mullaney-Dignam a chur in eagar<br \/>\nAn OOP a d\u2019fhoilsigh, 2014<br \/>\nISBN: 9781406428254<\/p>\n<p>Fear leighis gairmi\u00fail le r\u00e9imse leathan suimeanna ba ea William Despard Hemphill, a thriail na teicn\u00edc\u00ed grianghrafad\u00f3ireachta ba nu\u00e1la\u00ed agus a bhuaigh roinnt gradam m\u00f3r le r\u00e1 d\u00e1 r\u00e9ir. Ag an am ba chaitheamh aimsire casta, costasach agus dains\u00e9arach, go fi\u00fa, an ghrianghrafad\u00f3ireacht ach bh\u00ed Hemphill ar na ch\u00e9ad daoine le mionghrianghrafad\u00f3ireacht a dh\u00e9anamh ar sh\u00e9adchomhartha\u00ed cos\u00fail le Carraig Ph\u00e1draig i gCaiseal Mumhan agus Mainistir na Croiche. Cuireadh f\u00e1ilte roimhe freisin i roinnt de na \u2018tithe m\u00f3ra\u2019 thart ar Chluain Meala, ina raibh sp\u00e9is mh\u00f3r sa ghrianghrafad\u00f3ireacht amait\u00e9arach.<\/p>\n<p>[\/et_pb_text][\/et_pb_column][\/et_pb_row][\/et_pb_section][et_pb_section bb_built=&#8221;1&#8243; admin_label=&#8221;Section&#8221; fullwidth=&#8221;off&#8221; specialty=&#8221;off&#8221;][et_pb_row admin_label=&#8221;Row&#8221;][et_pb_column type=&#8221;1_3&#8243;][et_pb_image admin_label=&#8221;Sensing Image&#8221; src=&#8221;http:\/\/www.dublincastle.ie\/wp-content\/uploads\/2016\/12\/sensing-next-cover.jpg&#8221; show_in_lightbox=&#8221;on&#8221; url_new_window=&#8221;off&#8221; use_overlay=&#8221;off&#8221; animation=&#8221;off&#8221; sticky=&#8221;off&#8221; align=&#8221;center&#8221; force_fullwidth=&#8221;off&#8221; always_center_on_mobile=&#8221;on&#8221; use_border_color=&#8221;off&#8221; border_color=&#8221;#ffffff&#8221; border_style=&#8221;solid&#8221; \/][et_pb_text admin_label=&#8221;Text&#8221; background_layout=&#8221;light&#8221; text_orientation=&#8221;left&#8221; use_border_color=&#8221;off&#8221; border_color=&#8221;#ffffff&#8221; border_style=&#8221;solid&#8221;]<\/p>\n<h4>Sensing Next: Alec Cobbe Painting<\/h4>\n<p>Le Woody Kim<br \/>\nAn OOP a d\u2019fhoilsigh, 2014<br \/>\nISBN: 9780953820344<\/p>\n<p>Tuairisc at\u00e1 san fhoilseach\u00e1n seo ar thaispe\u00e1int phicti\u00far agus phrionta\u00ed de chuid Alec Cobbe i gCaisle\u00e1n Bhaile \u00c1tha Cliath in 2014. An t-eala\u00edont\u00f3ir C\u00f3ir\u00e9ach, Woody Kim, at\u00e1 bunaithe i Londain a chruthaigh. Anseo, scr\u00fada\u00edonn Kim turas Cobbe mar eala\u00edont\u00f3ir thar thr\u00e9imhse 45 bliain. Tr\u00e1chtann s\u00e9 ar ch\u00faig th\u00e9ama ar leith: m\u00edreanna amharclainne, claochl\u00fa, am agus gluaiseacht, comhoiri\u00fan\u00fa agus saothair nua.<\/p>\n<p>[\/et_pb_text][\/et_pb_column][et_pb_column type=&#8221;1_3&#8243;][et_pb_image admin_label=&#8221;Art Image&#8221; src=&#8221;http:\/\/www.dublincastle.ie\/wp-content\/uploads\/2016\/12\/dublin-castle-art-cover.jpg&#8221; show_in_lightbox=&#8221;on&#8221; url_new_window=&#8221;off&#8221; use_overlay=&#8221;off&#8221; animation=&#8221;off&#8221; sticky=&#8221;off&#8221; align=&#8221;center&#8221; force_fullwidth=&#8221;off&#8221; always_center_on_mobile=&#8221;on&#8221; use_border_color=&#8221;off&#8221; border_color=&#8221;#ffffff&#8221; border_style=&#8221;solid&#8221; \/][et_pb_text admin_label=&#8221;Text&#8221; background_layout=&#8221;light&#8221; text_orientation=&#8221;left&#8221; use_border_color=&#8221;off&#8221; border_color=&#8221;#ffffff&#8221; border_style=&#8221;solid&#8221;]<\/p>\n<h4>Dublin Castle Art: The Historical and Contemporary Collection<\/h4>\n<p>Le R\u00f3is\u00edn Kennedy<br \/>\nAn OOP a d\u2019fhoilsigh, 1999<br \/>\nISBN: 070766280X<\/p>\n<p>Tugann an leabhar seo an ch\u00e9ad treoir don bhaili\u00fach\u00e1n cuimsitheach dealbh\u00f3ireachta agus p\u00e9int\u00e9ireachta sna Seomra\u00ed St\u00e1it, agus do shaothair eala\u00edne eile at\u00e1 i gCaisle\u00e1n Bhaile \u00c1tha Cliath chomh maith. T\u00e1 s\u00e9 d\u2019aidhm aige b\u00e9im a leagan ar th\u00e1bhacht na heala\u00edne do Chaisle\u00e1n Bhaile \u00c1tha Cliath san am at\u00e1 thart agus sa l\u00e1 inniu, araon, agus tuiscint don chomhth\u00e9acs a thabhairt don l\u00e9itheoir. T\u00e1 na saothair eala\u00edne uile, idir shean agus nua, mar chuid de chreatlach an Chaisle\u00e1in anois agus tugann siad l\u00e9argas ar leith ar an \u00e1it fh\u00edorsp\u00e9isi\u00fail seo d\u00fainn.<\/p>\n<p>[\/et_pb_text][\/et_pb_column][et_pb_column type=&#8221;1_3&#8243;][\/et_pb_column][\/et_pb_row][\/et_pb_section][et_pb_section bb_built=&#8221;1&#8243; admin_label=&#8221;Section&#8221; fullwidth=&#8221;on&#8221; specialty=&#8221;off&#8221;][et_pb_fullwidth_image admin_label=&#8221;Fullwidth Image&#8221; src=&#8221;http:\/\/www.dublincastle.ie\/wp-content\/uploads\/2016\/12\/DSC5501_Royal-grant-of-land-at-castletown-with-seal-of-Elizabeth-I-1.jpg&#8221; show_in_lightbox=&#8221;off&#8221; url_new_window=&#8221;off&#8221; use_overlay=&#8221;off&#8221; animation=&#8221;off&#8221; use_border_color=&#8221;off&#8221; border_color=&#8221;#ffffff&#8221; border_style=&#8221;solid&#8221; \/][\/et_pb_section]<\/p>\n","protected":false},"excerpt":{"rendered":"<p>Is \u00e9 \u00e1r misean&#8230; &#8230; i gCaisle\u00e1n Bhaile \u00c1tha Cliath an l\u00e1ithre\u00e1n stairi\u00fail seo agus a bhfuil ann a \u2018chaomhn\u00fa, a chosaint agus a choinne\u00e1il ar iontaobhas\u2019 \u2018de r\u00e9ir a [&hellip;]<\/p>\n","protected":false},"author":16,"featured_media":0,"parent":0,"menu_order":0,"comment_status":"closed","ping_status":"closed","template":"","meta":{"_et_pb_use_builder":"on","_et_pb_old_content":"","_et_gb_content_width":"","footnotes":""},"class_list":["post-4380","page","type-page","status-publish","hentry"],"_links":{"self":[{"href":"https:\/\/dublincastle.ie\/ga\/wp-json\/wp\/v2\/pages\/4380","targetHints":{"allow":["GET"]}}],"collection":[{"href":"https:\/\/dublincastle.ie\/ga\/wp-json\/wp\/v2\/pages"}],"about":[{"href":"https:\/\/dublincastle.ie\/ga\/wp-json\/wp\/v2\/types\/page"}],"author":[{"embeddable":true,"href":"https:\/\/dublincastle.ie\/ga\/wp-json\/wp\/v2\/users\/16"}],"replies":[{"embeddable":true,"href":"https:\/\/dublincastle.ie\/ga\/wp-json\/wp\/v2\/comments?post=4380"}],"version-history":[{"count":1,"href":"https:\/\/dublincastle.ie\/ga\/wp-json\/wp\/v2\/pages\/4380\/revisions"}],"predecessor-version":[{"id":12618,"href":"https:\/\/dublincastle.ie\/ga\/wp-json\/wp\/v2\/pages\/4380\/revisions\/12618"}],"wp:attachment":[{"href":"https:\/\/dublincastle.ie\/ga\/wp-json\/wp\/v2\/media?parent=4380"}],"curies":[{"name":"wp","href":"https:\/\/api.w.org\/{rel}","templated":true}]}}