{"id":4383,"date":"2016-12-21T16:06:18","date_gmt":"2016-12-21T16:06:18","guid":{"rendered":"http:\/\/www.dublincastle.ie\/schools\/"},"modified":"2017-05-14T14:45:42","modified_gmt":"2017-05-14T13:45:42","slug":"schools","status":"publish","type":"page","link":"https:\/\/dublincastle.ie\/ga\/schools\/","title":{"rendered":"Scoileanna"},"content":{"rendered":"<p>[et_pb_section bb_built=&#8221;1&#8243; admin_label=&#8221;Section&#8221; fullwidth=&#8221;on&#8221; specialty=&#8221;off&#8221;][et_pb_fullwidth_header admin_label=&#8221;Fullwidth Header&#8221; title=&#8221;Scoileanna&#8221; background_layout=&#8221;dark&#8221; text_orientation=&#8221;center&#8221; header_fullscreen=&#8221;on&#8221; header_scroll_down=&#8221;on&#8221; background_url=&#8221;http:\/\/www.dublincastle.ie\/wp-content\/uploads\/2016\/12\/St.PatricksCathedralcollaboartiveworkshop12julyEOT3.jpg&#8221; background_overlay_color=&#8221;rgba(0,0,0,0.33)&#8221; parallax=&#8221;off&#8221; parallax_method=&#8221;off&#8221; content_orientation=&#8221;center&#8221; image_orientation=&#8221;center&#8221; title_font_size=&#8221;50px&#8221; custom_button_one=&#8221;off&#8221; button_one_letter_spacing=&#8221;0&#8243; button_one_use_icon=&#8221;default&#8221; button_one_icon_placement=&#8221;right&#8221; button_one_on_hover=&#8221;on&#8221; button_one_letter_spacing_hover=&#8221;0&#8243; custom_button_two=&#8221;off&#8221; button_two_letter_spacing=&#8221;0&#8243; button_two_use_icon=&#8221;default&#8221; button_two_icon_placement=&#8221;right&#8221; button_two_on_hover=&#8221;on&#8221; button_two_letter_spacing_hover=&#8221;0&#8243; scroll_down_icon=&#8221;%%0%%&#8221; scroll_down_icon_size=&#8221;25px&#8221; subhead=&#8221;Beala\u00ed \u00c9ags\u00fala le Bheith ag Pl\u00e9 len\u00e1r mBaili\u00fach\u00e1n&#8221; subhead_font_size=&#8221;23px&#8221; \/][\/et_pb_section][et_pb_section bb_built=&#8221;1&#8243; admin_label=&#8221;Section&#8221; fullwidth=&#8221;off&#8221; specialty=&#8221;off&#8221;][et_pb_row admin_label=&#8221;Row&#8221;][et_pb_column type=&#8221;4_4&#8243;][et_pb_text admin_label=&#8221;Text&#8221; background_layout=&#8221;light&#8221; text_orientation=&#8221;left&#8221; use_border_color=&#8221;off&#8221; border_color=&#8221;#ffffff&#8221; border_style=&#8221;solid&#8221;]<\/p>\n<h3>Acmhainn\u00ed<\/h3>\n<p>Cuireann Caisle\u00e1n Bhaile \u00c1tha Cliath r\u00e9imse foilseach\u00e1n, bileog oibre agus n\u00f3ta\u00ed achoimre ar f\u00e1il do mh\u00fainteoir\u00ed bunscoile agus me\u00e1nscoile. \u00cdosl\u00f3d\u00e1il na pac\u00e1ist\u00ed acmhainn\u00ed saor in aisce sin anseo.<\/p>\n<p>\u00d3 thurais threoraithe go dt\u00ed ceardlanna praitici\u00fala go dt\u00ed an taispe\u00e1ntas s\u00edor-athraitheach, is an-\u00e1it \u00e9 Caisle\u00e1n Bhaile \u00c1tha Cliath chun dalta\u00ed a thabhairt ar mhaithe le foghlaim spreag\u00fail.<\/p>\n<p>T\u00e1 turais threoraithe den bhaili\u00fach\u00e1n agus de na taispe\u00e1ntais i gCaisle\u00e1n Bhaile \u00c1tha Cliath ar f\u00e1il saor in aisce do bhunscoileanna agus do mhe\u00e1nscoileanna. Chun turas a chur in \u00e1irithe n\u00f3 chun tuilleadh eolais a fh\u00e1il b\u00ed i dteagmh\u00e1il linn le do thoil.<\/p>\n<p>Is f\u00e9idir teacht ar an rann\u00f3g oideachais ach glaoch ar <a href=\"tel:+35316458812\">+353 1 6458812<\/a> n\u00f3 <a href=\"mailto:dublincastleeducation@opw.ie@opw.ie?Subject=Enquiry from Website\" target=\"_top\">dublincastleeducation@opw.ie<\/a>.<\/p>\n<p>[\/et_pb_text][\/et_pb_column][\/et_pb_row][\/et_pb_section][et_pb_section bb_built=&#8221;1&#8243; admin_label=&#8221;Section&#8221; fullwidth=&#8221;off&#8221; specialty=&#8221;off&#8221; transparent_background=&#8221;off&#8221; background_color=&#8221;#f7f7f7&#8243; allow_player_pause=&#8221;off&#8221; inner_shadow=&#8221;off&#8221; parallax=&#8221;off&#8221; parallax_method=&#8221;off&#8221; make_fullwidth=&#8221;off&#8221; use_custom_width=&#8221;off&#8221; width_unit=&#8221;on&#8221; make_equal=&#8221;off&#8221; use_custom_gutter=&#8221;off&#8221;][et_pb_row admin_label=&#8221;Row&#8221;][et_pb_column type=&#8221;4_4&#8243;][et_pb_text admin_label=&#8221;Primary Text&#8221; background_layout=&#8221;light&#8221; text_orientation=&#8221;left&#8221; use_border_color=&#8221;off&#8221; border_color=&#8221;#ffffff&#8221; border_style=&#8221;solid&#8221;]<\/p>\n<h3>Bunscoileanna<\/h3>\n<p>Cad \u00e9 Caisle\u00e1n Bhaile \u00c1tha Cliath? C\u00e9n cine\u00e1l ruda at\u00e1 le f\u00e1il ann? Cad is f\u00e9idir linn foghlaim faoi dhaoine san am at\u00e1 thart \u00f3 ruda\u00ed, tochailt\u00ed agus foirgnimh? Ag Caisle\u00e1n Bhaile \u00c1tha Cliath cuirimid r\u00e9imse de thurais agus de cheardlanna oideachas\u00fala ar f\u00e1il do dhalta\u00ed bunscoile.<\/p>\n<p>Is f\u00e9idir le dalta\u00ed pl\u00e9 le buaicphoint\u00ed \u00f3n mbaili\u00fach\u00e1n ilghn\u00e9itheach i gCaisle\u00e1n Bhaile \u00c1tha Cliath ar shl\u00ed at\u00e1 spra\u00ed\u00fail agus \u00e9asca le tuiscint. D\u00e9anfaidh na dalta\u00ed m\u00edreanna de stair Bhaile \u00c1tha Cliath a scr\u00fad\u00fa, \u00f3 na Lochlannaigh go dt\u00ed 1916 agus r\u00e9 na R\u00e9abhl\u00f3ide go dt\u00ed an saol laeth\u00fail sna Seomra\u00ed St\u00e1it. Is f\u00e9idir leis na gn\u00edomha\u00edochta\u00ed a bheith in oiri\u00faint don churaclam, na dalta\u00ed a spreagadh agus cur lena dtuiscint ar an stair.<\/p>\n<p>T\u00e1 turais threoraithe de Chaisle\u00e1n Bhaile \u00c1tha Cliath ar f\u00e1il saor in aisce do bhunscoileanna. Chun turas a chur in \u00e1irithe n\u00f3 chun tuilleadh eolais a fh\u00e1il b\u00ed i dteagmh\u00e1il linn le do thoil.<\/p>\n<p>[\/et_pb_text][\/et_pb_column][\/et_pb_row][\/et_pb_section][et_pb_section bb_built=&#8221;1&#8243; admin_label=&#8221;Section&#8221; fullwidth=&#8221;off&#8221; specialty=&#8221;off&#8221; transparent_background=&#8221;off&#8221; background_color=&#8221;#eaeaea&#8221; allow_player_pause=&#8221;off&#8221; inner_shadow=&#8221;off&#8221; parallax=&#8221;off&#8221; parallax_method=&#8221;off&#8221; padding_mobile=&#8221;off&#8221; make_fullwidth=&#8221;off&#8221; use_custom_width=&#8221;off&#8221; width_unit=&#8221;on&#8221; make_equal=&#8221;off&#8221; use_custom_gutter=&#8221;off&#8221;][et_pb_row admin_label=&#8221;Row&#8221;][et_pb_column type=&#8221;4_4&#8243;][et_pb_text admin_label=&#8221;Secondary Text&#8221; background_layout=&#8221;light&#8221; text_orientation=&#8221;left&#8221; use_border_color=&#8221;off&#8221; border_color=&#8221;#ffffff&#8221; border_style=&#8221;solid&#8221;]<\/p>\n<h3>Me\u00e1nscoileanna<\/h3>\n<p>Ag Caisle\u00e1n Bhaile \u00c1tha Cliath cuirimid r\u00e9imse taitneamhach de thurais agus de cheardlanna oideachas\u00fala ar f\u00e1il saor in aisce do dhalta\u00ed me\u00e1nscoile. Is f\u00e9idir na turais a bheith in oiri\u00faint don churaclam agus eolas a bhaineann leis an Teastas S\u00f3isearach agus an Ardteistim\u00e9ireacht a chur san \u00e1ireamh iontu. Is f\u00e9idir le dalta\u00ed at\u00e1 ag tabhairt faoin Teastas S\u00f3isearach foghlaim faoi ch\u00farsa\u00ed in \u00c9irinn i r\u00e9 na Lochlannach, na Me\u00e1naoise agus na Seoirseach. Is f\u00e9idir le dalta\u00ed Ardteistim\u00e9ireachta d\u00edri\u00fa ar r\u00e9 na R\u00e9abhl\u00f3ide le b\u00e9im ar leith ar \u00c9ir\u00ed Amach 1916 agus Ospid\u00e9al na Croise Deirge i gCaisle\u00e1n Bhaile \u00c1tha Cliath.<\/p>\n<p>Cuirimid turais speisialaithe d\u00e1r mbaili\u00fach\u00e1n eala\u00edne agus d\u00e1r dtaispe\u00e1ntais shealadacha ar f\u00e1il do dhalta\u00ed at\u00e1 ag d\u00e9anamh staid\u00e9ar ar Stair na hEala\u00edne. Is f\u00e9idir leo foghlaim faoin leagan amach, taispe\u00e1int, coime\u00e1da\u00edocht agus feals\u00fanacht at\u00e1 taobh thiar d\u00e1r gcuid taispe\u00e1ntas. T\u00e1 \u00e1r dtreoraithe inni\u00fail ar phl\u00e9 agus idirbhearta\u00edocht a spreagadh le linn na dturas, rud a chuireann leis an eisp\u00e9ireas do dhalta\u00ed. Mar aon leis sin, cuireann Caisle\u00e1n Bhaile \u00c1tha Cliath c\u00farsa bliant\u00fail ar f\u00e1\u00edl a dh\u00edr\u00edonn ar conas portf\u00f3ili\u00f3 eala\u00edne a ullmh\u00fa. M\u00e1 t\u00e1 sp\u00e9is agat p\u00e1irt a ghlacadh sa ch\u00farsa seo b\u00ed i dteagmh\u00e1il linn, le do thoil.<\/p>\n<p>T\u00e1 turais threoraithe de Chaisle\u00e1n Bhaile \u00c1tha Cliath ar f\u00e1il saor in aisce do mhe\u00e1nscoileanna. Chun turas a chur in \u00e1irithe n\u00f3 chun tuilleadh eolais a fh\u00e1il b\u00ed i dteagmh\u00e1il linn le do thoil.<\/p>\n<p>[\/et_pb_text][\/et_pb_column][\/et_pb_row][\/et_pb_section][et_pb_section bb_built=&#8221;1&#8243; admin_label=&#8221;Section&#8221; fullwidth=&#8221;on&#8221; specialty=&#8221;off&#8221;][et_pb_fullwidth_image admin_label=&#8221;Fullwidth Image&#8221; src=&#8221;http:\/\/www.dublincastle.ie\/wp-content\/uploads\/2016\/12\/St.Aloysius-CarrigtwohillCorkschoolvisitNovember2016-2.jpg&#8221; show_in_lightbox=&#8221;off&#8221; url_new_window=&#8221;off&#8221; use_overlay=&#8221;off&#8221; animation=&#8221;off&#8221; use_border_color=&#8221;off&#8221; border_color=&#8221;#ffffff&#8221; border_style=&#8221;solid&#8221; \/][\/et_pb_section]<\/p>\n","protected":false},"excerpt":{"rendered":"<p>Acmhainn\u00ed Cuireann Caisle\u00e1n Bhaile \u00c1tha Cliath r\u00e9imse foilseach\u00e1n, bileog oibre agus n\u00f3ta\u00ed achoimre ar f\u00e1il do mh\u00fainteoir\u00ed bunscoile agus me\u00e1nscoile. \u00cdosl\u00f3d\u00e1il na pac\u00e1ist\u00ed acmhainn\u00ed saor in aisce sin anseo. \u00d3 [&hellip;]<\/p>\n","protected":false},"author":16,"featured_media":0,"parent":0,"menu_order":0,"comment_status":"closed","ping_status":"closed","template":"","meta":{"_et_pb_use_builder":"on","_et_pb_old_content":"","_et_gb_content_width":"","footnotes":""},"class_list":["post-4383","page","type-page","status-publish","hentry"],"_links":{"self":[{"href":"https:\/\/dublincastle.ie\/ga\/wp-json\/wp\/v2\/pages\/4383","targetHints":{"allow":["GET"]}}],"collection":[{"href":"https:\/\/dublincastle.ie\/ga\/wp-json\/wp\/v2\/pages"}],"about":[{"href":"https:\/\/dublincastle.ie\/ga\/wp-json\/wp\/v2\/types\/page"}],"author":[{"embeddable":true,"href":"https:\/\/dublincastle.ie\/ga\/wp-json\/wp\/v2\/users\/16"}],"replies":[{"embeddable":true,"href":"https:\/\/dublincastle.ie\/ga\/wp-json\/wp\/v2\/comments?post=4383"}],"version-history":[{"count":0,"href":"https:\/\/dublincastle.ie\/ga\/wp-json\/wp\/v2\/pages\/4383\/revisions"}],"wp:attachment":[{"href":"https:\/\/dublincastle.ie\/ga\/wp-json\/wp\/v2\/media?parent=4383"}],"curies":[{"name":"wp","href":"https:\/\/api.w.org\/{rel}","templated":true}]}}