{"id":4386,"date":"2017-01-04T15:27:32","date_gmt":"2017-01-04T15:27:32","guid":{"rendered":"http:\/\/www.dublincastle.ie\/adult-and-community\/"},"modified":"2023-10-26T14:46:45","modified_gmt":"2023-10-26T13:46:45","slug":"adult-and-community","status":"publish","type":"page","link":"https:\/\/dublincastle.ie\/ga\/adult-and-community\/","title":{"rendered":"Daoine F\u00e1sta agus an Pobal"},"content":{"rendered":"<p>[et_pb_section bb_built=&#8221;1&#8243; admin_label=&#8221;Section&#8221; fullwidth=&#8221;on&#8221; specialty=&#8221;off&#8221;][et_pb_fullwidth_header admin_label=&#8221;Fullwidth Header&#8221; title=&#8221;Daoine F\u00e1sta agus an Pobal&#8221; background_layout=&#8221;dark&#8221; text_orientation=&#8221;center&#8221; header_fullscreen=&#8221;on&#8221; header_scroll_down=&#8221;on&#8221; background_url=&#8221;http:\/\/www.dublincastle.ie\/wp-content\/uploads\/2017\/01\/DublinCastleRevolutionaryIrelandtalk4Aug.jpg&#8221; background_overlay_color=&#8221;rgba(0,0,0,0.33)&#8221; parallax=&#8221;off&#8221; parallax_method=&#8221;off&#8221; content_orientation=&#8221;center&#8221; image_orientation=&#8221;center&#8221; title_font_size=&#8221;50px&#8221; custom_button_one=&#8221;off&#8221; button_one_letter_spacing=&#8221;0&#8243; button_one_use_icon=&#8221;default&#8221; button_one_icon_placement=&#8221;right&#8221; button_one_on_hover=&#8221;on&#8221; button_one_letter_spacing_hover=&#8221;0&#8243; custom_button_two=&#8221;off&#8221; button_two_letter_spacing=&#8221;0&#8243; button_two_use_icon=&#8221;default&#8221; button_two_icon_placement=&#8221;right&#8221; button_two_on_hover=&#8221;on&#8221; button_two_letter_spacing_hover=&#8221;0&#8243; scroll_down_icon=&#8221;%%0%%&#8221; scroll_down_icon_size=&#8221;25px&#8221; subhead=&#8221;D\u00f3ibh Si\u00fad le Sp\u00e9iseanna, Riachtanais agus St\u00edleanna Foghlamtha \u00c9ags\u00fala&#8221; subhead_font_size=&#8221;23px&#8221; \/][\/et_pb_section][et_pb_section bb_built=&#8221;1&#8243; admin_label=&#8221;Section&#8221; fullwidth=&#8221;off&#8221; specialty=&#8221;off&#8221;][et_pb_row admin_label=&#8221;Row&#8221;][et_pb_column type=&#8221;1_2&#8243;][et_pb_text admin_label=&#8221;Text&#8221; background_layout=&#8221;light&#8221; text_orientation=&#8221;left&#8221; use_border_color=&#8221;off&#8221; border_color=&#8221;#ffffff&#8221; border_style=&#8221;solid&#8221;]<\/p>\n<h3>Foghlaimeoir\u00ed F\u00e1sta<\/h3>\n<p>T\u00e1 cl\u00e1r imeachta\u00ed f\u00edorsp\u00e9isi\u00fail ar bun i gc\u00f3na\u00ed ag Caisle\u00e1n Bhaile \u00c1tha Cliath d\u2019fhoghlaimeoir\u00ed f\u00e1sta le sp\u00e9iseanna, riachtanais agus st\u00edleanna foghlamtha \u00e9ags\u00fala. T\u00e1 cainteanna, l\u00e9achta\u00ed agus ceardlanna san \u00e1ireamh in\u00e1r gcl\u00e1r. T\u00e1 na gn\u00edomha\u00edochta\u00ed oideachas\u00fala go l\u00e9ir saor in aisce agus ba bhre\u00e1 linn t\u00fa a fheice\u00e1il ann!<\/p>\n<p>F\u00e9ach Cad At\u00e1 ar Si\u00fal n\u00f3 cl\u00e1raigh len\u00e1r nuachtlitir chun sonra\u00ed a fh\u00e1\u00edl maidir le cainteanna agus ceardlanna at\u00e1 le teacht.<\/p>\n<p>T\u00e1 na cainteanna agus na ceardlanna saor in aisce ach is g\u00e1 \u00e1irithint a dh\u00e9anamh. B\u00ed i dteagmh\u00e1il linn le do thoil chun \u00e1it a chur in \u00e1irithe.<\/p>\n<p>[\/et_pb_text][\/et_pb_column][et_pb_column type=&#8221;1_2&#8243;][et_pb_text admin_label=&#8221;Text&#8221; background_layout=&#8221;light&#8221; text_orientation=&#8221;left&#8221; use_border_color=&#8221;off&#8221; border_color=&#8221;#ffffff&#8221; border_style=&#8221;solid&#8221;]<\/p>\n<h3>Pobal agus For-rochtain<\/h3>\n<p>Leathna\u00edonn seirbh\u00eds comhph\u00e1irt\u00edochta pobal agus for-rochtana Chaisle\u00e1n Bhaile \u00c1tha Cliath \u00e1r gcl\u00e1r foghlamtha amach thar bhalla\u00ed an Chaisle\u00e1in. Tr\u00ed thogra\u00ed agus imeachta\u00ed a dh\u00edr\u00edonn ar an mbaili\u00fach\u00e1n, is f\u00e9idir linn dul i bp\u00e1irt leis an bpobal agus oibri\u00fa le gr\u00fapa\u00ed nach mbeadh baint acu le cl\u00e1r poibl\u00ed an Chaisle\u00e1in murach sin.<\/p>\n<p>B\u00ed i dteagmh\u00e1il linn le haghaidh tuilleadh eolais.<\/p>\n<p>D\u00e9an teagmh\u00e1il leis an rann\u00f3g oideachais ag <a href=\"tel:+35316458812\">+353 1 6458812<\/a> n\u00f3 <a href=\"mailto:dublincastleeducation@opw.ie?Subject=Enquiry from Website\" target=\"_top\" rel=\"noopener\">dublincastleeducation@opw.ie<\/a>.<\/p>\n<p>[\/et_pb_text][\/et_pb_column][\/et_pb_row][\/et_pb_section][et_pb_section bb_built=&#8221;1&#8243; admin_label=&#8221;Section&#8221; fullwidth=&#8221;off&#8221; specialty=&#8221;off&#8221; transparent_background=&#8221;off&#8221; background_color=&#8221;#f7f7f7&#8243; allow_player_pause=&#8221;off&#8221; inner_shadow=&#8221;off&#8221; parallax=&#8221;off&#8221; parallax_method=&#8221;off&#8221; make_fullwidth=&#8221;off&#8221; use_custom_width=&#8221;off&#8221; width_unit=&#8221;on&#8221; make_equal=&#8221;off&#8221; use_custom_gutter=&#8221;off&#8221;][et_pb_row admin_label=&#8221;Row&#8221;][et_pb_column type=&#8221;4_4&#8243;][et_pb_text admin_label=&#8221;Text&#8221; background_layout=&#8221;light&#8221; text_orientation=&#8221;left&#8221; use_border_color=&#8221;off&#8221; border_color=&#8221;#ffffff&#8221; border_style=&#8221;solid&#8221;]<\/p>\n<h4>Ceardlanna at\u00e1 Oiri\u00fanach do Dhaoine a bhfuil N\u00e9altr\u00fa orthu<\/h4>\n<p>In 2016 thosaigh Caisle\u00e1n Bhaile \u00c1tha Cliath ag oibri\u00fa leis an Orchard Day Care Centre ar an gCarraig Dhubh chun ceardlanna \u00e9ags\u00fala a chur ar f\u00e1il do dhaoine a bhfuil N\u00e9altr\u00fa agus Galar Alzheimer orthu. T\u00e1 an tionscnamh bunaithe ar fhor-rochtain agus \u00e9 faoi riar ag baill foirne at\u00e1 l\u00e1n-oilte. Is \u00e9 at\u00e1 mar aidhm leis na ceardlanna seo freagra\u00ed samhla\u00edocha agus cuimhn\u00ed pearsanta a spreagadh \u00f3 dhaoine a mhaireann le N\u00e9altr\u00fa, a dteaghlaigh agus a gc\u00faram\u00f3ir\u00ed.<\/p>\n<h4>Scr\u00edbhneoir\u00ed \u00d3ga Chaisle\u00e1n Bhaile \u00c1tha Cliath<\/h4>\n<p>T\u00e1 an gr\u00fapa The Writing Group for Normal People bunaithe i gCaisle\u00e1n Bhaile \u00c1tha Cliath. Gr\u00fapa d\u00e9ag\u00f3ir\u00ed iad seo at\u00e1 ag obair ar thionscnaimh d\u00e1 gcuid f\u00e9in ach a thagann le ch\u00e9ile chun \u00e1bhar a ch\u00e9ile a l\u00e9amh agus a scr\u00fad\u00fa. Buna\u00edodh an gr\u00fapa in 2015 i bp\u00e1irt le Fighting Words, eagra\u00edocht at\u00e1 bunaithe i mBaile \u00c1tha Cliath a eagra\u00edonn ceardlanna ar an scr\u00edbhneoireacht chruthaitheach do leana\u00ed agus do dh\u00e9ag\u00f3ir\u00ed. T\u00e1 \u00e9irithe go geal le baill an ghr\u00fapa i gcom\u00f3rtais, t\u00e1 foilsi\u00fa d\u00e9anta ar a saothar agus t\u00e1 l\u00e9amhanna poibl\u00ed de tugtha acu anseo sa Chaisle\u00e1n. T\u00e1imid ag s\u00fail le hainmneacha na scr\u00edbhneoir\u00ed \u00f3ga seo a fheice\u00e1il sna siopa\u00ed leabhar sula i bhfad! <\/p>\n<h4>Methodical Wanderers<\/h4>\n<p>Gr\u00fapa de dh\u00e9ant\u00f3ir\u00ed f\u00e1sta iad na Methodical Wanderers a bhfuil baint \u00e1irithe i gc\u00f3na\u00ed acu le Caisle\u00e1n Bhaile \u00c1tha Cliath. Th\u00e1inig an gr\u00fapa le ch\u00e9ile sna ceardlanna ceirde Wandering Methods a tharla in 2012 agus in 2013 i gCaisle\u00e1n R\u00e1th Fearn\u00e1in, agus in 2014 i gCaisle\u00e1n Bhaile \u00c1tha Cliath mar chuid d\u2019fh\u00e9ile na Bealtaine.<\/p>\n<h4>Togra\u00ed Eala\u00edne na n\u00d3g*<\/h4>\n<p>T\u00e1 Caisle\u00e1n Bhaile \u00c1tha Cliath tar \u00e9is obair i gcomhph\u00e1irt le heagar\u00edochta\u00ed \u00e1irithe agus t\u00e1 caidreamh lean\u00fanach againn le<br \/>\n&#8211; <a href=\"http:\/\/www.crosscare.ie\/\" target=\"_blank\" rel=\"noopener\">Crosscare<\/a><br \/>\n&#8211; <a href=\"http:\/\/www.standrews.ie\/\" target=\"_blank\" rel=\"noopener\">Ionad Acmhainn\u00ed San Aindrias<\/a><br \/>\n&#8211; <a href=\"https:\/\/siccda.ie\/siccda-after-school-progamme\/\" target=\"_blank\" rel=\"noopener\">Club Iarscoile na Saoirs\u00ed<\/a><\/p>\n<p>Tugaimid cuireadh do mh\u00fainteoir\u00ed, d\u2019oibrithe don \u00f3ige, agus d\u2019oibrithe pobail n\u00f3 oibrithe deonacha a bhfuil baint acu le clubanna obair bhaile n\u00f3 togra\u00ed samhraidh dul i dteagmh\u00e1il linn agus smaointe do sc\u00e9imeanna p\u00edol\u00f3tacha n\u00f3 gn\u00edomha\u00edochta\u00ed aon uaire a phl\u00e9 linn. B\u00ed i dteagmh\u00e1il linn le haghaidh tuilleadh eolais.<\/p>\n<p>*T\u00e1imid bu\u00edoch don taca\u00edocht at\u00e1 faighte againn \u00f3 Chomhairle N\u00e1isi\u00fanta na n\u00d3g. Gan iad n\u00ed bheadh ann do chuid de na togra\u00ed seo.<\/p>\n<p>[\/et_pb_text][\/et_pb_column][\/et_pb_row][\/et_pb_section][et_pb_section bb_built=&#8221;1&#8243; admin_label=&#8221;Section&#8221; fullwidth=&#8221;on&#8221; specialty=&#8221;off&#8221;][et_pb_fullwidth_image admin_label=&#8221;Fullwidth Image&#8221; src=&#8221;http:\/\/www.dublincastle.ie\/wp-content\/uploads\/2016\/12\/TalkbySylvieKleinmanDublinCastleasaRedCrossMilitaryHospital22JulyphotobyEOT.jpg&#8221; show_in_lightbox=&#8221;off&#8221; url_new_window=&#8221;off&#8221; use_overlay=&#8221;off&#8221; animation=&#8221;off&#8221; use_border_color=&#8221;off&#8221; border_color=&#8221;#ffffff&#8221; border_style=&#8221;solid&#8221; \/][\/et_pb_section]<\/p>\n","protected":false},"excerpt":{"rendered":"<p>Foghlaimeoir\u00ed F\u00e1sta T\u00e1 cl\u00e1r imeachta\u00ed f\u00edorsp\u00e9isi\u00fail ar bun i gc\u00f3na\u00ed ag Caisle\u00e1n Bhaile \u00c1tha Cliath d\u2019fhoghlaimeoir\u00ed f\u00e1sta le sp\u00e9iseanna, riachtanais agus st\u00edleanna foghlamtha \u00e9ags\u00fala. T\u00e1 cainteanna, l\u00e9achta\u00ed agus ceardlanna san [&hellip;]<\/p>\n","protected":false},"author":16,"featured_media":0,"parent":0,"menu_order":0,"comment_status":"closed","ping_status":"closed","template":"","meta":{"_et_pb_use_builder":"on","_et_pb_old_content":"","_et_gb_content_width":"","footnotes":""},"class_list":["post-4386","page","type-page","status-publish","hentry"],"_links":{"self":[{"href":"https:\/\/dublincastle.ie\/ga\/wp-json\/wp\/v2\/pages\/4386","targetHints":{"allow":["GET"]}}],"collection":[{"href":"https:\/\/dublincastle.ie\/ga\/wp-json\/wp\/v2\/pages"}],"about":[{"href":"https:\/\/dublincastle.ie\/ga\/wp-json\/wp\/v2\/types\/page"}],"author":[{"embeddable":true,"href":"https:\/\/dublincastle.ie\/ga\/wp-json\/wp\/v2\/users\/16"}],"replies":[{"embeddable":true,"href":"https:\/\/dublincastle.ie\/ga\/wp-json\/wp\/v2\/comments?post=4386"}],"version-history":[{"count":1,"href":"https:\/\/dublincastle.ie\/ga\/wp-json\/wp\/v2\/pages\/4386\/revisions"}],"predecessor-version":[{"id":12628,"href":"https:\/\/dublincastle.ie\/ga\/wp-json\/wp\/v2\/pages\/4386\/revisions\/12628"}],"wp:attachment":[{"href":"https:\/\/dublincastle.ie\/ga\/wp-json\/wp\/v2\/media?parent=4386"}],"curies":[{"name":"wp","href":"https:\/\/api.w.org\/{rel}","templated":true}]}}