{"id":4389,"date":"2016-12-21T17:18:05","date_gmt":"2016-12-21T17:18:05","guid":{"rendered":"http:\/\/www.dublincastle.ie\/activity-sheets\/"},"modified":"2023-10-26T15:07:25","modified_gmt":"2023-10-26T14:07:25","slug":"activity-sheets","status":"publish","type":"page","link":"https:\/\/dublincastle.ie\/ga\/activity-sheets\/","title":{"rendered":"Bileoga Gn\u00edomha\u00edochta"},"content":{"rendered":"<p>[et_pb_section bb_built=&#8221;1&#8243; admin_label=&#8221;Section&#8221; fullwidth=&#8221;on&#8221; specialty=&#8221;off&#8221;][et_pb_fullwidth_header admin_label=&#8221;Fullwidth Header&#8221; title=&#8221;Bileoga Gn\u00edomha\u00edochta&#8221; background_layout=&#8221;dark&#8221; text_orientation=&#8221;center&#8221; header_fullscreen=&#8221;on&#8221; header_scroll_down=&#8221;on&#8221; background_url=&#8221;http:\/\/www.dublincastle.ie\/wp-content\/uploads\/2016\/12\/StoriesoftheNorseGodsworkshopwithCamillawithPerdersen31July2016-2.jpg&#8221; background_overlay_color=&#8221;rgba(0,0,0,0.33)&#8221; parallax=&#8221;off&#8221; parallax_method=&#8221;off&#8221; content_orientation=&#8221;center&#8221; image_orientation=&#8221;center&#8221; title_font_size=&#8221;50px&#8221; custom_button_one=&#8221;off&#8221; button_one_letter_spacing=&#8221;0&#8243; button_one_use_icon=&#8221;default&#8221; button_one_icon_placement=&#8221;right&#8221; button_one_on_hover=&#8221;on&#8221; button_one_letter_spacing_hover=&#8221;0&#8243; custom_button_two=&#8221;off&#8221; button_two_letter_spacing=&#8221;0&#8243; button_two_use_icon=&#8221;default&#8221; button_two_icon_placement=&#8221;right&#8221; button_two_on_hover=&#8221;on&#8221; button_two_letter_spacing_hover=&#8221;0&#8243; scroll_down_icon=&#8221;%%0%%&#8221; scroll_down_icon_size=&#8221;25px&#8221; subhead=&#8221;Conair\u00ed agus Bileoga Oibre do gach Uile Chine\u00e1l Cuairteora&#8221; subhead_font_size=&#8221;23px&#8221; \/][\/et_pb_section][et_pb_section bb_built=&#8221;1&#8243; admin_label=&#8221;Section&#8221; fullwidth=&#8221;off&#8221; specialty=&#8221;off&#8221;][et_pb_row admin_label=&#8221;Row&#8221;][et_pb_column type=&#8221;4_4&#8243;][et_pb_text admin_label=&#8221;Text&#8221; background_layout=&#8221;light&#8221; text_orientation=&#8221;left&#8221; use_border_color=&#8221;off&#8221; border_color=&#8221;#ffffff&#8221; border_style=&#8221;solid&#8221;]<\/p>\n<h3>\u00d3 chonair\u00ed ainmhithe go dt\u00ed turais ailtireachta&#8230;<\/h3>\n<p>&#8230;cuireann Caisle\u00e1n Bhaile \u00c1tha Cliath r\u00e9imse leathan de bhileoga gn\u00edomha\u00edochta ar f\u00e1il do theaghlaigh agus do leana\u00ed. T\u00e1 bileoga teaghlaigh agus pac\u00e1ist\u00ed acmhainn\u00ed ar f\u00e1il saor in aisce le h\u00fas\u00e1id ar fud na Seomra\u00ed St\u00e1it. N\u00ed g\u00e1 ach iad a lorg ag an deasc eolais n\u00f3 iad a \u00edosl\u00f3d\u00e1il th\u00edos.<\/p>\n<p>Cuireann an Caisle\u00e1n roinnt pac\u00e1ist\u00ed acmhainn\u00ed oideachais ar f\u00e1il freisin a dh\u00edr\u00edonn go sonrach ar ghn\u00e9ithe l\u00e1rnacha de churaclam na scoile, r\u00e9 na R\u00e9abhl\u00f3ide in \u00c9irinn agus taispe\u00e1ntais eala\u00edne san \u00e1ireamh. \u00cdosl\u00f3d\u00e1il na bileoga gn\u00edomha\u00edochta sin anseo.<\/p>\n<p>D\u00e9an teagmh\u00e1il leis an rann\u00f3g oideachais ag <a href=\"tel:+35316458812\">+353 1 6458812<\/a> n\u00f3 <a href=\"mailto:dublincastleeducation@opw.ie?Subject=Enquiry from Website\" target=\"_top\" rel=\"noopener\">dublincastleeducation@opw.ie<\/a>.<\/p>\n<p>[\/et_pb_text][\/et_pb_column][\/et_pb_row][\/et_pb_section][et_pb_section bb_built=&#8221;1&#8243; admin_label=&#8221;Section&#8221; fullwidth=&#8221;off&#8221; specialty=&#8221;off&#8221; transparent_background=&#8221;off&#8221; background_color=&#8221;#f7f7f7&#8243; allow_player_pause=&#8221;off&#8221; inner_shadow=&#8221;off&#8221; parallax=&#8221;off&#8221; parallax_method=&#8221;off&#8221; make_fullwidth=&#8221;off&#8221; use_custom_width=&#8221;off&#8221; width_unit=&#8221;on&#8221; make_equal=&#8221;off&#8221; use_custom_gutter=&#8221;off&#8221;][et_pb_row admin_label=&#8221;Row&#8221;][et_pb_column type=&#8221;1_2&#8243;][et_pb_text admin_label=&#8221;For Visitors&#8221; background_layout=&#8221;light&#8221; text_orientation=&#8221;left&#8221; use_border_color=&#8221;off&#8221; border_color=&#8221;#ffffff&#8221; border_style=&#8221;solid&#8221;]<\/p>\n<h3>Do Chuairteoir\u00ed<\/h3>\n<p>[\/et_pb_text][et_pb_divider admin_label=&#8221;Divider&#8221; color=&#8221;#ffffff&#8221; show_divider=&#8221;off&#8221; height=&#8221;10&#8243; divider_style=&#8221;solid&#8221; divider_position=&#8221;top&#8221; hide_on_mobile=&#8221;on&#8221; \/][et_pb_blurb admin_label=&#8221;Animal Adventure&#8221; title=&#8221;Eachtra na nAinmhithe&#8221; url=&#8221;http:\/\/www.dublincastle.ie\/wp-content\/uploads\/2017\/01\/animal_trail_2016.pdf&#8221; url_new_window=&#8221;on&#8221; use_icon=&#8221;off&#8221; icon_color=&#8221;#7EBEC5&#8243; use_circle=&#8221;off&#8221; circle_color=&#8221;#7EBEC5&#8243; use_circle_border=&#8221;off&#8221; circle_border_color=&#8221;#7EBEC5&#8243; image=&#8221;http:\/\/www.dublincastle.ie\/wp-content\/uploads\/2016\/12\/Animal-Adventure-Thumb-500-px.jpg&#8221; icon_placement=&#8221;left&#8221; animation=&#8221;off&#8221; background_layout=&#8221;light&#8221; text_orientation=&#8221;left&#8221; use_icon_font_size=&#8221;off&#8221; use_border_color=&#8221;off&#8221; border_color=&#8221;#000000&#8243; border_style=&#8221;dashed&#8221; max_width=&#8221;125px&#8221; custom_padding=&#8221;5px|5px|5px|5px&#8221;]<\/p>\n<p>Aimsigh na hainmhithe a d\u2019\u00e9alaigh isteach sa Chaisle\u00e1n!<\/p>\n<p>[\/et_pb_blurb][et_pb_divider admin_label=&#8221;Divider&#8221; color=&#8221;#ffffff&#8221; show_divider=&#8221;off&#8221; height=&#8221;10&#8243; divider_style=&#8221;solid&#8221; divider_position=&#8221;top&#8221; hide_on_mobile=&#8221;on&#8221; \/][et_pb_blurb admin_label=&#8221;Architectural Family Tour&#8221; title=&#8221;Gn\u00edomha\u00edocht Ailtireachta don Teaghlach&#8221; url=&#8221;http:\/\/www.dublincastle.ie\/wp-content\/uploads\/2017\/01\/Architectural-Family-Activity-Tour-of-Dublin-Castle.pdf&#8221; url_new_window=&#8221;on&#8221; use_icon=&#8221;off&#8221; icon_color=&#8221;#7EBEC5&#8243; use_circle=&#8221;off&#8221; circle_color=&#8221;#7EBEC5&#8243; use_circle_border=&#8221;off&#8221; circle_border_color=&#8221;#7EBEC5&#8243; image=&#8221;http:\/\/www.dublincastle.ie\/wp-content\/uploads\/2016\/12\/Architectural-Tour-Thumb-500-px.jpg&#8221; icon_placement=&#8221;left&#8221; animation=&#8221;off&#8221; background_layout=&#8221;light&#8221; text_orientation=&#8221;left&#8221; use_icon_font_size=&#8221;off&#8221; use_border_color=&#8221;off&#8221; border_color=&#8221;#000000&#8243; border_style=&#8221;dashed&#8221; max_width=&#8221;125px&#8221; custom_padding=&#8221;5px|5px|5px|5px&#8221;]<\/p>\n<p>Pl\u00e9igh le foirgnimh, taobhanna istigh, cruthanna agus \u00e1bhair s\u00edos tr\u00ed na haoiseanna.<\/p>\n<p>[\/et_pb_blurb][et_pb_divider admin_label=&#8221;Divider&#8221; color=&#8221;#ffffff&#8221; show_divider=&#8221;off&#8221; height=&#8221;10&#8243; divider_style=&#8221;solid&#8221; divider_position=&#8221;top&#8221; hide_on_mobile=&#8221;on&#8221; \/][et_pb_blurb admin_label=&#8221;Family Trail&#8221; title=&#8221;Conair don Teaghlach&#8221; url=&#8221;http:\/\/www.dublincastle.ie\/wp-content\/uploads\/2017\/01\/Dublin-Castle-Family-Trail.pdf&#8221; url_new_window=&#8221;on&#8221; use_icon=&#8221;off&#8221; icon_color=&#8221;#7EBEC5&#8243; use_circle=&#8221;off&#8221; circle_color=&#8221;#7EBEC5&#8243; use_circle_border=&#8221;off&#8221; circle_border_color=&#8221;#7EBEC5&#8243; image=&#8221;http:\/\/www.dublincastle.ie\/wp-content\/uploads\/2016\/12\/Family-Trail-Thumb-500-px.jpg&#8221; icon_placement=&#8221;left&#8221; animation=&#8221;off&#8221; background_layout=&#8221;light&#8221; text_orientation=&#8221;left&#8221; use_icon_font_size=&#8221;off&#8221; use_border_color=&#8221;off&#8221; border_color=&#8221;#000000&#8243; border_style=&#8221;dashed&#8221; max_width=&#8221;125px&#8221; custom_padding=&#8221;5px|5px|5px|5px&#8221;]<\/p>\n<p>T\u00e1 t\u00f3ir mh\u00f3r ag teaghlaigh air seo agus go leor le foghlaim do gach aon duine ann.<\/p>\n<p>[\/et_pb_blurb][et_pb_divider admin_label=&#8221;Divider&#8221; color=&#8221;#ffffff&#8221; show_divider=&#8221;off&#8221; height=&#8221;10&#8243; divider_style=&#8221;solid&#8221; divider_position=&#8221;top&#8221; hide_on_mobile=&#8221;on&#8221; \/][et_pb_blurb admin_label=&#8221;Worksheet for Learners of Italian&#8221; title=&#8221;Bileog oibre d\u2019Fhoghlaimeoir\u00ed Iod\u00e1ilise&#8221; url=&#8221;http:\/\/www.dublincastle.ie\/wp-content\/uploads\/2017\/01\/Worksheet-for-Learners-of-Italian.pdf&#8221; url_new_window=&#8221;on&#8221; use_icon=&#8221;off&#8221; icon_color=&#8221;#7EBEC5&#8243; use_circle=&#8221;off&#8221; circle_color=&#8221;#7EBEC5&#8243; use_circle_border=&#8221;off&#8221; circle_border_color=&#8221;#7EBEC5&#8243; image=&#8221;http:\/\/www.dublincastle.ie\/wp-content\/uploads\/2017\/01\/Italian-Thumb.jpg&#8221; icon_placement=&#8221;left&#8221; animation=&#8221;off&#8221; background_layout=&#8221;light&#8221; text_orientation=&#8221;left&#8221; use_icon_font_size=&#8221;off&#8221; use_border_color=&#8221;off&#8221; border_color=&#8221;#000000&#8243; border_style=&#8221;dashed&#8221; max_width=&#8221;125px&#8221; custom_padding=&#8221;5px|5px|5px|5px&#8221;]<\/p>\n<p>Measc\u00e1n de theanga a fhoghlaim, eolas a chur ar an stair agus l\u00e1n do sh\u00fal a fheice\u00e1il.<\/p>\n<p>[\/et_pb_blurb][\/et_pb_column][et_pb_column type=&#8221;1_2&#8243;][et_pb_text admin_label=&#8221;For Schools Text&#8221; background_layout=&#8221;light&#8221; text_orientation=&#8221;left&#8221; use_border_color=&#8221;off&#8221; border_color=&#8221;#ffffff&#8221; border_style=&#8221;solid&#8221;]<\/p>\n<h3>Do Scoileanna<\/h3>\n<p>[\/et_pb_text][et_pb_divider admin_label=&#8221;Divider&#8221; color=&#8221;#ffffff&#8221; show_divider=&#8221;off&#8221; height=&#8221;10&#8243; divider_style=&#8221;solid&#8221; divider_position=&#8221;top&#8221; hide_on_mobile=&#8221;on&#8221; \/][et_pb_blurb admin_label=&#8221;Crawford Resource Pack&#8221; title=&#8221;The Crawford at the Castle&#8221; url=&#8221;http:\/\/www.dublincastle.ie\/wp-content\/uploads\/2017\/01\/crawford-at-the-castle-education-resource-pack.pdf&#8221; url_new_window=&#8221;on&#8221; use_icon=&#8221;off&#8221; icon_color=&#8221;#7EBEC5&#8243; use_circle=&#8221;off&#8221; circle_color=&#8221;#7EBEC5&#8243; use_circle_border=&#8221;off&#8221; circle_border_color=&#8221;#7EBEC5&#8243; image=&#8221;http:\/\/www.dublincastle.ie\/wp-content\/uploads\/2017\/01\/Crawford-Worksheet-Thumb.jpg&#8221; icon_placement=&#8221;left&#8221; animation=&#8221;off&#8221; background_layout=&#8221;light&#8221; text_orientation=&#8221;left&#8221; use_icon_font_size=&#8221;off&#8221; use_border_color=&#8221;off&#8221; border_color=&#8221;#000000&#8243; border_style=&#8221;dashed&#8221; max_width=&#8221;125px&#8221; custom_padding=&#8221;5px|5px|5px|5px&#8221;]<\/p>\n<p>L\u00e9argas critici\u00fail mar threoir ar an taispe\u00e1ntas sealadach seo (D.F. 2016 go Feabh. 2017) agus uirlis taca\u00edochta do dhalta\u00ed at\u00e1 ag d\u00e9anamh an P\u00e1ip\u00e9ar Eala\u00edne san Ardteistim\u00e9ireacht.<\/p>\n<p>[\/et_pb_blurb][et_pb_divider admin_label=&#8221;Divider&#8221; color=&#8221;#ffffff&#8221; show_divider=&#8221;off&#8221; height=&#8221;10&#8243; divider_style=&#8221;solid&#8221; divider_position=&#8221;top&#8221; hide_on_mobile=&#8221;on&#8221; \/][et_pb_blurb admin_label=&#8221;Worksheet for Primary&#8221; title=&#8221;Bileog Oibre do Bhunscoileanna&#8221; url=&#8221;http:\/\/www.dublincastle.ie\/wp-content\/uploads\/2017\/01\/worksheet_for_primary_schools.pdf&#8221; url_new_window=&#8221;on&#8221; use_icon=&#8221;off&#8221; icon_color=&#8221;#7EBEC5&#8243; use_circle=&#8221;off&#8221; circle_color=&#8221;#7EBEC5&#8243; use_circle_border=&#8221;off&#8221; circle_border_color=&#8221;#7EBEC5&#8243; image=&#8221;http:\/\/www.dublincastle.ie\/wp-content\/uploads\/2017\/01\/Primary-School-Worksheet-Thumb.jpg&#8221; icon_placement=&#8221;left&#8221; animation=&#8221;off&#8221; background_layout=&#8221;light&#8221; text_orientation=&#8221;left&#8221; use_icon_font_size=&#8221;off&#8221; use_border_color=&#8221;off&#8221; border_color=&#8221;#000000&#8243; border_style=&#8221;dashed&#8221; max_width=&#8221;125px&#8221; custom_padding=&#8221;5px|5px|5px|5px&#8221;]<\/p>\n<p>Eochair do dhalta\u00ed chun teacht isteach ar an gCaisle\u00e1n agus pl\u00e9 le c\u00farsa\u00ed staire, t\u00edreola\u00edochta, eala\u00edne, ailtireachta agus saor\u00e1na\u00edochta.<\/p>\n<p>[\/et_pb_blurb][et_pb_divider admin_label=&#8221;Divider&#8221; color=&#8221;#ffffff&#8221; show_divider=&#8221;off&#8221; height=&#8221;10&#8243; divider_style=&#8221;solid&#8221; divider_position=&#8221;top&#8221; hide_on_mobile=&#8221;on&#8221; \/][et_pb_blurb admin_label=&#8221;Worksheet for Junior Cert&#8221; title=&#8221;Bileog Oibre don Teastas S\u00f3isearach&#8221; url=&#8221;http:\/\/www.dublincastle.ie\/wp-content\/uploads\/2017\/01\/worksheet_junior_cert___ty-1.pdf&#8221; url_new_window=&#8221;on&#8221; use_icon=&#8221;off&#8221; icon_color=&#8221;#7EBEC5&#8243; use_circle=&#8221;off&#8221; circle_color=&#8221;#7EBEC5&#8243; use_circle_border=&#8221;off&#8221; circle_border_color=&#8221;#7EBEC5&#8243; image=&#8221;http:\/\/www.dublincastle.ie\/wp-content\/uploads\/2017\/01\/Junior-Cert-Worksheet-Thumb.jpg&#8221; icon_placement=&#8221;left&#8221; animation=&#8221;off&#8221; background_layout=&#8221;light&#8221; text_orientation=&#8221;left&#8221; use_icon_font_size=&#8221;off&#8221; use_border_color=&#8221;off&#8221; border_color=&#8221;#000000&#8243; border_style=&#8221;dashed&#8221; max_width=&#8221;125px&#8221; custom_padding=&#8221;5px|5px|5px|5px&#8221;]<\/p>\n<p>Is f\u00e9idir le dalta\u00ed an bhileog oibre seo, n\u00f3 cuid di, a \u00fas\u00e1id chun cuairt spreag\u00fail agus chomhph\u00e1irteach a chruth\u00fa. Is f\u00e9idir leo d\u00edri\u00fa ar na m\u00edreanna is ansa leo.<\/p>\n<p>[\/et_pb_blurb][et_pb_divider admin_label=&#8221;Divider&#8221; color=&#8221;#ffffff&#8221; show_divider=&#8221;off&#8221; height=&#8221;10&#8243; divider_style=&#8221;solid&#8221; divider_position=&#8221;top&#8221; hide_on_mobile=&#8221;on&#8221; \/][et_pb_blurb admin_label=&#8221;JC Classical Studies&#8221; title=&#8221;L\u00e9ann Clasaiceach don Teastas S\u00f3isearach&#8221; url=&#8221;http:\/\/www.dublincastle.ie\/wp-content\/uploads\/2017\/01\/Worksheet-Junior-Cert-Classical-Studies.pdf&#8221; url_new_window=&#8221;on&#8221; use_icon=&#8221;off&#8221; icon_color=&#8221;#7EBEC5&#8243; use_circle=&#8221;off&#8221; circle_color=&#8221;#7EBEC5&#8243; use_circle_border=&#8221;off&#8221; circle_border_color=&#8221;#7EBEC5&#8243; image=&#8221;http:\/\/www.dublincastle.ie\/wp-content\/uploads\/2017\/01\/Classics-Thumb.jpg&#8221; icon_placement=&#8221;left&#8221; animation=&#8221;off&#8221; background_layout=&#8221;light&#8221; text_orientation=&#8221;left&#8221; use_icon_font_size=&#8221;off&#8221; use_border_color=&#8221;off&#8221; border_color=&#8221;#000000&#8243; border_style=&#8221;dashed&#8221; max_width=&#8221;125px&#8221; custom_padding=&#8221;5px|5px|5px|5px&#8221;]<\/p>\n<p>L\u00e9argas l\u00e9annta agus sp\u00f3rt\u00fail ar an \u00e1rsa\u00edocht, agus ar \u00e1iteanna, d\u00e9ithe agus daoine \u00e1rsa.<\/p>\n<p>[\/et_pb_blurb][\/et_pb_column][\/et_pb_row][\/et_pb_section][et_pb_section bb_built=&#8221;1&#8243; admin_label=&#8221;Section&#8221; fullwidth=&#8221;on&#8221; specialty=&#8221;off&#8221;][et_pb_fullwidth_image admin_label=&#8221;Fullwidth Image&#8221; src=&#8221;http:\/\/www.dublincastle.ie\/wp-content\/uploads\/2016\/12\/OrigamiwithFD24July2016-1.jpg&#8221; show_in_lightbox=&#8221;off&#8221; url_new_window=&#8221;off&#8221; use_overlay=&#8221;off&#8221; animation=&#8221;off&#8221; use_border_color=&#8221;off&#8221; border_color=&#8221;#ffffff&#8221; border_style=&#8221;solid&#8221; \/][\/et_pb_section]<\/p>\n","protected":false},"excerpt":{"rendered":"<p>\u00d3 chonair\u00ed ainmhithe go dt\u00ed turais ailtireachta&#8230; &#8230;cuireann Caisle\u00e1n Bhaile \u00c1tha Cliath r\u00e9imse leathan de bhileoga gn\u00edomha\u00edochta ar f\u00e1il do theaghlaigh agus do leana\u00ed. T\u00e1 bileoga teaghlaigh agus pac\u00e1ist\u00ed acmhainn\u00ed [&hellip;]<\/p>\n","protected":false},"author":16,"featured_media":0,"parent":0,"menu_order":0,"comment_status":"closed","ping_status":"closed","template":"","meta":{"_et_pb_use_builder":"on","_et_pb_old_content":"","_et_gb_content_width":"","footnotes":""},"class_list":["post-4389","page","type-page","status-publish","hentry"],"_links":{"self":[{"href":"https:\/\/dublincastle.ie\/ga\/wp-json\/wp\/v2\/pages\/4389","targetHints":{"allow":["GET"]}}],"collection":[{"href":"https:\/\/dublincastle.ie\/ga\/wp-json\/wp\/v2\/pages"}],"about":[{"href":"https:\/\/dublincastle.ie\/ga\/wp-json\/wp\/v2\/types\/page"}],"author":[{"embeddable":true,"href":"https:\/\/dublincastle.ie\/ga\/wp-json\/wp\/v2\/users\/16"}],"replies":[{"embeddable":true,"href":"https:\/\/dublincastle.ie\/ga\/wp-json\/wp\/v2\/comments?post=4389"}],"version-history":[{"count":1,"href":"https:\/\/dublincastle.ie\/ga\/wp-json\/wp\/v2\/pages\/4389\/revisions"}],"predecessor-version":[{"id":12636,"href":"https:\/\/dublincastle.ie\/ga\/wp-json\/wp\/v2\/pages\/4389\/revisions\/12636"}],"wp:attachment":[{"href":"https:\/\/dublincastle.ie\/ga\/wp-json\/wp\/v2\/media?parent=4389"}],"curies":[{"name":"wp","href":"https:\/\/api.w.org\/{rel}","templated":true}]}}