{"id":4422,"date":"2017-01-30T12:00:53","date_gmt":"2017-01-30T12:00:53","guid":{"rendered":"http:\/\/www.dublincastle.ie\/faq\/"},"modified":"2023-05-12T15:59:36","modified_gmt":"2023-05-12T14:59:36","slug":"faq","status":"publish","type":"page","link":"https:\/\/dublincastle.ie\/ga\/faq\/","title":{"rendered":"Ceisteanna Coitianta"},"content":{"rendered":"<p>[et_pb_section bb_built=&#8221;1&#8243; admin_label=&#8221;Section&#8221; fullwidth=&#8221;on&#8221; specialty=&#8221;off&#8221;][et_pb_fullwidth_header admin_label=&#8221;Fullwidth Header&#8221; title=&#8221;Ceisteanna Coitianta&#8221; background_layout=&#8221;dark&#8221; text_orientation=&#8221;center&#8221; header_fullscreen=&#8221;on&#8221; header_scroll_down=&#8221;on&#8221; background_url=&#8221;http:\/\/www.dublincastle.ie\/wp-content\/uploads\/2017\/01\/464-Dub-Castle.jpg&#8221; background_overlay_color=&#8221;rgba(0,0,0,0.33)&#8221; parallax=&#8221;off&#8221; parallax_method=&#8221;off&#8221; content_orientation=&#8221;center&#8221; image_orientation=&#8221;center&#8221; title_font_size=&#8221;50px&#8221; custom_button_one=&#8221;off&#8221; button_one_letter_spacing=&#8221;0&#8243; button_one_use_icon=&#8221;default&#8221; button_one_icon_placement=&#8221;right&#8221; button_one_on_hover=&#8221;on&#8221; button_one_letter_spacing_hover=&#8221;0&#8243; custom_button_two=&#8221;off&#8221; button_two_letter_spacing=&#8221;0&#8243; button_two_use_icon=&#8221;default&#8221; button_two_icon_placement=&#8221;right&#8221; button_two_on_hover=&#8221;on&#8221; button_two_letter_spacing_hover=&#8221;0&#8243; scroll_down_icon=&#8221;%%0%%&#8221; scroll_down_icon_size=&#8221;25px&#8221; subhead=&#8221;Seo Roinnt Freagra\u00ed \u00das\u00e1ideacha ar Cheisteanna a Chuireann Cuairteoir\u00ed ag Caisle\u00e1n Bhaile \u00c1tha Cliath go Minic&#8221; subhead_font_size=&#8221;23px&#8221; \/][\/et_pb_section][et_pb_section bb_built=&#8221;1&#8243; admin_label=&#8221;Section&#8221; fullwidth=&#8221;off&#8221; specialty=&#8221;off&#8221;][et_pb_row admin_label=&#8221;Row&#8221;][et_pb_column type=&#8221;4_4&#8243;][et_pb_text admin_label=&#8221;FAQ &#8221; background_layout=&#8221;light&#8221; text_orientation=&#8221;left&#8221; use_border_color=&#8221;off&#8221; border_color=&#8221;#ffffff&#8221; border_style=&#8221;solid&#8221;]<\/p>\n<h4>Conas teacht ar Chaisle\u00e1n Bhaile \u00c1tha Cliath?<\/h4>\n<p>T\u00e1 Caisle\u00e1n Bhaile \u00c1tha Cliath i gceartl\u00e1r chathair Bhaile \u00c1tha Cliath. T\u00e1imid i bhfoisceacht si\u00fal\u00f3ide de go leor \u00e1iteanna a mb\u00edonn t\u00f3ir ag turas\u00f3ir\u00ed orthu, Col\u00e1iste na Tr\u00edon\u00f3ide agus Ard-Eaglais Ph\u00e1draig ina measc. Stopann go leor r\u00fata\u00ed busanna ar shr\u00e1ideanna in aice l\u00e1imhe, Sr\u00e1id an D\u00e1ma, Sr\u00e1id an Tiarna \u00c9adbhard agus Sr\u00e1id Sheoirse san \u00e1ireamh. Is iad na stadanna Luas is gaire d\u00fainn Faiche Stiabhna (L\u00edne Ghlas) agus Jervis (L\u00edne Dhearg).<\/p>\n<h4>An bhfuil p\u00e1irce\u00e1il do chuairteoir\u00ed i gCaisle\u00e1n Bhaile \u00c1tha Cliath?<\/h4>\n<p>Faraor, n\u00edl p\u00e1irce\u00e1il do chuairteoir\u00ed ar f\u00e1il i gCaisle\u00e1n Bhaile \u00c1tha Cliath. Is iad na l\u00e1ithreacha p\u00e1irce\u00e1la poibl\u00ed is gaire n\u00e1 Q-Park Teampall Chr\u00edost agus Park Rite An B\u00f3thar Beag.<\/p>\n<h4>Conas a cheana\u00edm tic\u00e9ad?<\/h4>\n<p>Faoi l\u00e1thair, n\u00ed f\u00e9idir tic\u00e9id a cheannach ach ar an l\u00e1thair, \u00f3 dheasc na dtic\u00e9ad sna Seomra\u00ed St\u00e1it.<\/p>\n<h4>T\u00e1 C\u00e1rta Oidhreachta OOP bail\u00ed agam. An g\u00e1 dom dul sa scuaine do thic\u00e9ad i gCaisle\u00e1n Bhaile \u00c1tha Cliath?<\/h4>\n<p>Is g\u00e1. D\u00e9anfaidh \u00e1r bhfoireann do ch\u00e1rta a scr\u00fad\u00fa agus ansin eiseofar tic\u00e9ad do thuras f\u00e9intreoraithe n\u00f3 treoraithe duit.<\/p>\n<h4>Conas a dh\u00e9anaim \u00e1irithint ghr\u00fapa?<\/h4>\n<p>M\u00e1s mian leat \u00e1irithint a dh\u00e9anamh do ghr\u00fapa de n\u00edos m\u00f3 n\u00e1 hochtar, glaoigh orainn n\u00f3 seol rphost chugainn i bhfad roimh r\u00e9, le do thoil: <a href=\"tel:+35316458813\">+353 1 6458813<\/a> n\u00f3 <a href=\"mailto:dublincastle@opw.ie?Subject=Enquiry from Website\" target=\"_top\" rel=\"noopener\">dublincastle@opw.ie<\/a>.<\/p>\n<h4>Cad \u00e9 an difr\u00edocht idir turas treoraithe agus cuairt fh\u00e9intreoraithe?<\/h4>\n<p>An difr\u00edocht idir an d\u00e1 rogha seo n\u00e1 nach bhfuil cead isteach go dt\u00ed an Tochailt Lochlannach agus an S\u00e9ip\u00e9al R\u00edoga ach amh\u00e1in mar chuid de thuras treoraithe. T\u00e1 tic\u00e9id f\u00e9intreoraithe n\u00edos saoire n\u00e1 tic\u00e9id do thuras treoraithe. Chomh maith leis sin tugann siad an deis duit cuairt a thabhairt ar na Seomra\u00ed St\u00e1it ar do luas f\u00e9in agus na taispe\u00e1ntais uile ar an l\u00e1thair freisin, b\u00edodh sin i nGailearaithe na Seomra\u00ed St\u00e1it n\u00f3 i dTeach an Ch\u00f3iste i nGaird\u00edn\u00ed an Chaisle\u00e1in.<\/p>\n<h4>An f\u00e9idir liom \u00edoc le mo ch\u00e1rta creidmheasa?<\/h4>\n<p>Is f\u00e9idir, glacaimid le gach c\u00e1rta creidmheasa ach amh\u00e1in American Express.<\/p>\n<h4>C\u00e9n f\u00e1th gur g\u00e1 dom mo mh\u00e1la droma a fh\u00e1g\u00e1il i dtaiscead\u00e1n sna Seomra\u00ed St\u00e1it?<\/h4>\n<p>Chun nach mbr\u00fafa\u00ed in aghaidh n\u00f3 nach scr\u00edobfa\u00ed earra\u00ed leochaileacha sna si\u00falbheala\u00ed agus sna dorchla\u00ed, iarraimid ort do mh\u00e1la a fh\u00e1g\u00e1il i gceann de na taiscead\u00e1in saor in aisce in aice leis na leithris sula dtosa\u00edonn t\u00fa do chuairt ar na Seomra\u00ed St\u00e1it. <\/p>\n<h4>An f\u00e9idir liom buga\u00ed\/pram a thabhairt isteach sna Seomra\u00ed St\u00e1it?<\/h4>\n<p>Faraor, n\u00ed cheada\u00edtear pramanna agus bugaithe i seomra\u00ed m\u00fasaeim na Seomra\u00ed St\u00e1it. Cuirfimid iad i dtaisce duit le linn do chuairte \u2013 n\u00ed g\u00e1 ach cabhair a lorg ar dhuine d\u2019\u00e1r dtreoraithe ag an deasc eolais.<\/p>\n<h4>An bhfuil an teach oiri\u00fanach do chathaoireacha rotha\u00ed?<\/h4>\n<p>T\u00e1 gach \u00e1it sna Seomra\u00ed St\u00e1it oiri\u00fanach do ch\u00e1ch, an caif\u00e9 agus na leithris san \u00e1ireamh. Beidh ball foirne \u00e1balta t\u00fa a th\u00f3g\u00e1il san ardaitheoir go dt\u00ed na seomra\u00ed m\u00fasaeim ar an gc\u00e9ad url\u00e1r. T\u00e1 an Teach C\u00f3iste ag c\u00fal Ghaird\u00edn\u00ed an Chaisle\u00e1in, ina mb\u00edonn taispe\u00e1ntais go minic, inrochtana, mar at\u00e1 na gaird\u00edn\u00ed f\u00e9in. T\u00e1 rochtain ar chuid den S\u00e9ip\u00e9al R\u00edoga agus is f\u00e9idir cuairt a thabhairt air mar chuid de thuras treoraithe, ach n\u00edl rochtain ar an Tochailt Lochlannach, faraor, mar nach bhfuil bealach ar bith eile chuige ach s\u00edos staighre amh\u00e1in.<\/p>\n<h4>An bhfuil clostreoir ar f\u00e1il?<\/h4>\n<p>N\u00edl clostreoir ar f\u00e1il i l\u00e1thair na huaire ach is f\u00e9idir an Wi-Fi saor in aisce sa Chaisle\u00e1n a \u00fas\u00e1id chun \u00e1r nAip saor in aisce a \u00edosl\u00f3d\u00e1il agus t\u00e1 teacht ar eolas faoi na taispe\u00e1ntais ansin (ar f\u00e1il do Android agus iOS).<\/p>\n<h4>An bhfuil \u00e1bhar eolais i dteangacha iasachta agaibh?<\/h4>\n<p>T\u00e1, t\u00e1 leabhr\u00e1n le heolas ar na seomra\u00ed m\u00fasaeim sna Seomra\u00ed St\u00e1it le f\u00e1il uainn i 17 dteanga: Gaeilge, B\u00e9arla, Fraincis, Sp\u00e1innis, Gearm\u00e1inis, S\u00ednis, R\u00faisis, Iod\u00e1ilis, Araibis, Polainnis, Sualainnis, Tuircis, R\u00f3m\u00e1inis, Portaing\u00e9ilis, Danmhairgis, Olainnis agus Seap\u00e1inis.<\/p>\n<h4>An f\u00e9idir liom grianghraif a ghlacadh?<\/h4>\n<p>Is f\u00e9idir grianghraif agus f\u00edse\u00e1in a ghlacadh do d\u2019\u00fas\u00e1id f\u00e9in agus t\u00fa ar cuairt i gCaisle\u00e1n Bhaile \u00c1tha Cliath. Ba bhre\u00e1 linn d\u00e1 roinnfe\u00e1 iad linn ar na me\u00e1in sh\u00f3isialta. Sna Seomra\u00ed St\u00e1it, \u00e1fach, cas amach do splanc le do thoil mar go gcuireann solas isteach ar \u00e1r mbaili\u00fach\u00e1n. Tabhair faoi deara freisin, le do thoil, nach bhfuil cead maid\u00ed f\u00e9in\u00edn a \u00fas\u00e1id taobh istigh d\u2019aon fhoirgneamh le linn do chuairte.<\/p>\n<h4>An mbeidh m\u00e9 \u00e1balta dul isteach sa S\u00e9ip\u00e9al R\u00edoga?<\/h4>\n<p>N\u00ed f\u00e9idir dul isteach sa S\u00e9ip\u00e9al R\u00edoga ach m\u00e1 t\u00e1 t\u00fa ar thuras treoraithe.<\/p>\n<h4>Conas a bheidh f\u00e1il agam ar eolas faoi imeachta\u00ed i gCaisle\u00e1n Bhaile \u00c1tha Cliath?<\/h4>\n<p>Cl\u00e1raigh len\u00e1r nuachtlitir le do thoil n\u00f3 tabhair cuairt ar <a href=\"https:\/\/www.dublincastle.ie\/ga\/calendar\/\">Cad At\u00e1 ar Si\u00fal<\/a> chun tuilleadh a fhoghlaim faoin\u00e1r gcl\u00e1r spleodrach imeachta\u00ed.<\/p>\n<h4>T\u00e1im ag freastal ar chomhdh\u00e1il i gCaisle\u00e1n Bhaile \u00c1tha Cliath. C\u00e1 bhfuil l\u00e1thair na comhdh\u00e1la?<\/h4>\n<p>\u00cdosl\u00f3d\u00e1il mapa de Chaisle\u00e1n Bhaile \u00c1tha Cliath <a href=\"http:\/\/www.dublincastle.ie\/wp-content\/uploads\/2017\/01\/DublinCastle_Maps_website.pdf\" target=\"_blank\" rel=\"noopener\">anseo<\/a> chun l\u00e1thair do chomhdh\u00e1la a aimsi\u00fa. Beidh \u00e1r bhfoireann ar an l\u00e1thair bre\u00e1 s\u00e1sta treoir a thabhairt duit freisin.<\/p>\n<p>[\/et_pb_text][\/et_pb_column][\/et_pb_row][\/et_pb_section][et_pb_section bb_built=&#8221;1&#8243; admin_label=&#8221;Section&#8221; fullwidth=&#8221;on&#8221; specialty=&#8221;off&#8221;][et_pb_fullwidth_image admin_label=&#8221;Fullwidth Image&#8221; src=&#8221;http:\/\/www.dublincastle.ie\/wp-content\/uploads\/2017\/01\/505-Dub-Castle.jpg&#8221; show_in_lightbox=&#8221;off&#8221; url_new_window=&#8221;off&#8221; use_overlay=&#8221;off&#8221; animation=&#8221;off&#8221; use_border_color=&#8221;off&#8221; border_color=&#8221;#ffffff&#8221; border_style=&#8221;solid&#8221; \/][\/et_pb_section]<\/p>\n","protected":false},"excerpt":{"rendered":"<p>Conas teacht ar Chaisle\u00e1n Bhaile \u00c1tha Cliath? T\u00e1 Caisle\u00e1n Bhaile \u00c1tha Cliath i gceartl\u00e1r chathair Bhaile \u00c1tha Cliath. T\u00e1imid i bhfoisceacht si\u00fal\u00f3ide de go leor \u00e1iteanna a mb\u00edonn t\u00f3ir ag [&hellip;]<\/p>\n","protected":false},"author":16,"featured_media":0,"parent":0,"menu_order":0,"comment_status":"closed","ping_status":"closed","template":"","meta":{"_et_pb_use_builder":"on","_et_pb_old_content":"","_et_gb_content_width":"","footnotes":""},"class_list":["post-4422","page","type-page","status-publish","hentry"],"_links":{"self":[{"href":"https:\/\/dublincastle.ie\/ga\/wp-json\/wp\/v2\/pages\/4422","targetHints":{"allow":["GET"]}}],"collection":[{"href":"https:\/\/dublincastle.ie\/ga\/wp-json\/wp\/v2\/pages"}],"about":[{"href":"https:\/\/dublincastle.ie\/ga\/wp-json\/wp\/v2\/types\/page"}],"author":[{"embeddable":true,"href":"https:\/\/dublincastle.ie\/ga\/wp-json\/wp\/v2\/users\/16"}],"replies":[{"embeddable":true,"href":"https:\/\/dublincastle.ie\/ga\/wp-json\/wp\/v2\/comments?post=4422"}],"version-history":[{"count":1,"href":"https:\/\/dublincastle.ie\/ga\/wp-json\/wp\/v2\/pages\/4422\/revisions"}],"predecessor-version":[{"id":12488,"href":"https:\/\/dublincastle.ie\/ga\/wp-json\/wp\/v2\/pages\/4422\/revisions\/12488"}],"wp:attachment":[{"href":"https:\/\/dublincastle.ie\/ga\/wp-json\/wp\/v2\/media?parent=4422"}],"curies":[{"name":"wp","href":"https:\/\/api.w.org\/{rel}","templated":true}]}}